{"id":2862,"date":"2020-08-07T12:13:01","date_gmt":"2020-08-07T12:13:01","guid":{"rendered":"https:\/\/www.catsat.com\/cookie-management\/"},"modified":"2026-01-22T12:42:09","modified_gmt":"2026-01-22T12:42:09","slug":"gestion-des-cookies","status":"publish","type":"page","link":"https:\/\/www.catsat.com\/fr\/gestion-des-cookies\/","title":{"rendered":"Gestion des cookies"},"content":{"rendered":"<div class=\"wpb-content-wrapper\"><p>[vc_row][vc_column][vc_column_text css=\u00a0\u00bb\u00a0\u00bb]<\/p>\n<p><strong>Entr\u00e9e en vigueur le : 10.02.2025<\/strong><\/p>\n<p>Lors de votre navigation sur notre site web, des cookies et autres traceurs peuvent \u00eatre d\u00e9pos\u00e9s sur votre appareil (ordinateur, tablette, smartphone). Cette section explique ce que sont les cookies, comment nous les utilisons et comment vous pouvez g\u00e9rer vos pr\u00e9f\u00e9rences.<\/p>\n<h2>Qu&rsquo;est-ce qu&rsquo;un cookie ?<\/h2>\n<p>Un cookie est un petit fichier texte stock\u00e9 sur votre appareil lorsque vous visitez un site web. Il permet notamment de m\u00e9moriser vos pr\u00e9f\u00e9rences, d&rsquo;am\u00e9liorer votre exp\u00e9rience utilisateur et d\u2019analyser l\u2019audience du site.<\/p>\n<h2>Quels types de cookies utilisons-nous ?<\/h2>\n<p>Nous utilisons des cookies de session de navigateur de deux types\u00a0: des cookies temporaires effac\u00e9s de la m\u00e9moire de votre appareil lorsque vous fermez votre navigateur Internet ou \u00e9teignez votre ordinateur, et des cookies persistants stock\u00e9s sur votre appareil jusqu&rsquo;\u00e0 leur expiration, sauf suppression de votre initiative avant leur date d\u2019expiration. Nous regroupons les cookies du navigateur de notre site en trois cat\u00e9gories, que vous pouvez g\u00e9rer par l&rsquo;interm\u00e9diaire de notre gestionnaire de pr\u00e9f\u00e9rences de cookies :<\/p>\n<p><strong>Cookies obligatoires<\/strong><\/p>\n<p>Ces cookies sont essentiels au bon fonctionnement du site et ne peuvent pas \u00eatre d\u00e9sactiv\u00e9s. Ils incluent, par exemple, les cookies permettant la gestion de votre session ou la s\u00e9curisation de votre connexion.<\/p>\n<p><strong>Cookies fonctionnels<\/strong><\/p>\n<p>Ces cookies permettent d&rsquo;am\u00e9liorer et de personnaliser votre exp\u00e9rience utilisateur (ex. : m\u00e9morisation de vos pr\u00e9f\u00e9rences linguistiques).<\/p>\n<p><strong>Cookies analytiques<\/strong><\/p>\n<p>Ces cookies nous permettent de mesurer la fr\u00e9quentation et les performances du site afin d\u2019en am\u00e9liorer le fonctionnement. Ils nous aident \u00e0 comprendre comment les visiteurs interagissent avec notre site.<\/p>\n<p><strong>Cookies Flash<\/strong><\/p>\n<p>Les vid\u00e9os et autres fonctions de notre site peuvent utiliser des cookies Flash pour collecter et stocker vos pr\u00e9f\u00e9rences, comme le volume sonore. Les cookies Flash sont diff\u00e9rents des cookies du navigateur en raison de la quantit\u00e9, du type et de la mani\u00e8re dont les donn\u00e9es sont stock\u00e9es. Les outils de gestion des cookies fournis par votre navigateur ne supprimeront pas les cookies Flash. Pour apprendre \u00e0 g\u00e9rer les param\u00e8tres de confidentialit\u00e9 et de stockage des cookies Flash, cliquez ici. Certains cookies peuvent \u00eatre plac\u00e9s par des fournisseurs de services tiers qui ex\u00e9cutent certaines de ces fonctions pour nous.<\/p>\n<h2>Gestion des cookies par Axeptio<\/h2>\n<p>Pour la gestion de ses cookies, CLS a choisi la solution Axeptio. Axeptio permet d\u2019assurer une gestion transparente et conforme de Votre consentement en mati\u00e8re de cookies et autres traceurs. Axeptio est une plateforme sp\u00e9cialis\u00e9e reconnue par la CNIL qui permet aux utilisateurs de choisir, accepter ou refuser les cookies d\u00e9pos\u00e9s sur leur appareil, en respectant la r\u00e9glementation applicable, notamment le R\u00e8glement G\u00e9n\u00e9ral sur la Protection des Donn\u00e9es (RGPD) et la Directive ePrivacy.<\/p>\n<p><strong>Fonctionnement d\u2019Axeptio<\/strong><\/p>\n<p>Lorsque vous visitez notre site pour la premi\u00e8re fois, un bandeau de gestion des cookies s\u2019affiche, vous permettant de :<\/p>\n<ul>\n<li>Accepter ou refuser l\u2019ensemble des cookies.<\/li>\n<li>Personnaliser vos pr\u00e9f\u00e9rences en s\u00e9lectionnant les cat\u00e9gories de cookies autoris\u00e9es (n\u00e9cessaires, analytiques, publicitaires, etc.).<\/li>\n<li>Modifier vos choix \u00e0 tout moment via un lien accessible en bas de page (\u00ab G\u00e9rer mes cookies \u00bb).<\/li>\n<\/ul>\n<p>Axeptio enregistre vos pr\u00e9f\u00e9rences pour une dur\u00e9e limit\u00e9e et vous redemandera votre consentement p\u00e9riodiquement, conform\u00e9ment aux exigences l\u00e9gales.<\/p>\n<p><strong>Types de Cookies G\u00e9r\u00e9s par Axeptio<\/strong><\/p>\n<p>Gr\u00e2ce \u00e0 Axeptio, vous avez un contr\u00f4le total sur les cookies suivants :<\/p>\n<ul>\n<li>Cookies strictement n\u00e9cessaires : Essentiels au bon fonctionnement du site (non soumis au consentement).<\/li>\n<li>Cookies analytiques : Utilis\u00e9s pour mesurer l\u2019audience et am\u00e9liorer l\u2019exp\u00e9rience utilisateur.<\/li>\n<li>Cookies marketing et publicitaires : Permettent de vous proposer des contenus cibl\u00e9s en fonction de vos pr\u00e9f\u00e9rences.<\/li>\n<\/ul>\n<p><strong>Exercice de vos Droits<\/strong><\/p>\n<p>Vous pouvez \u00e0 tout moment modifier ou retirer votre consentement via l\u2019interface Axeptio int\u00e9gr\u00e9e sur notre site. Pour plus d\u2019informations sur le fonctionnement d\u2019Axeptio, vous pouvez consulter leur Politique de Confidentialit\u00e9 <a href=\"https:\/\/www.axept.io\/fr\/\" target=\"_blank\" rel=\"noopener\">ici<\/a>.<\/p>\n<p>Si Vous souhaitez g\u00e9rer l\u2019usage de Cookies lors de votre utilisation de notre site, ou si vous souhaitez vous informer sur la Gestion des cookies sur nos autres Support, nous vous invitons \u00e0 cliquer sur l\u2019onglet \u00ab Politique des cookies \u00bb ou \u00e0 contacter notre DPO par courriel \u00e0 l\u2019adresse suivante : dpo@groupcls.com.<\/p>\n<h2>Contact<\/h2>\n<h3>Contacter le DPO du Groupe CLS<\/h3>\n<p>N&rsquo;h\u00e9sitez pas non plus \u00e0 contacter notre Data Protection Officer (DPO) si Vous avez des questions au sujet de la pr\u00e9sente Politique, des pratiques du Groupe CLS, ou si vous cherchez \u00e0 exercer l&rsquo;un de vos droits l\u00e9gaux. Vous pouvez nous contacter \u00e0 l&rsquo;adresse dpo@groupcls.com ou \u00e0 notre adresse postale ci-dessous :<\/p>\n<p style=\"text-align: center;\">Collecte Localisation Satellites<br \/>\nLouis CONTE \u2013 Data Protection Officer<br \/>\nParc Technologique du Canal,<br \/>\n11 Rue Herm\u00e8s,<br \/>\n31520 Ramonville-Saint-Agne<br \/>\nFrance<\/p>\n<h2>Contacter l\u2019Autorit\u00e9 comp\u00e9tente en mati\u00e8re de protection des donn\u00e9es<\/h2>\n<p>Sous r\u00e9serve de la l\u00e9gislation en vigueur, vous avez \u00e9galement le droit (i) de restreindre l&rsquo;utilisation par le Groupe CLS des autres Informations qui constituent vos Donn\u00e9es Personnelles et (ii) de d\u00e9poser une plainte aupr\u00e8s de votre autorit\u00e9 locale de protection des donn\u00e9es ou \u00e0 la Commission Nationale de l&rsquo;Informatique et des Libert\u00e9s, qui est l&rsquo;autorit\u00e9 de surveillance principale du Groupe CLS en cliquant ici ou par courrier \u00e0 l\u2019adresse ci-dessous\u00a0:<\/p>\n<p style=\"text-align: center;\"><strong>COMMISSION NATIONALE DE L&rsquo;INFORMATIQUE ET DES LIBERT\u00c9S<\/strong><br \/>\n3 Place de Fontenoy &#8211; TSA 80715 &#8211; 75334 PARIS CEDEX 07<br \/>\nT\u00e9l : 01 53 73 22 22<br \/>\n(du lundi au jeudi de 9h \u00e0 18h30 \/ le vendredi de 9h \u00e0 18h)<br \/>\nFax : 01 53 73 22 00<\/p>\n<p>&nbsp;<\/p>\n<p>[\/vc_column_text][vc_row_inner][vc_column_inner width=\u00a0\u00bb1\/2&Prime;][vc_btn title=\u00a0\u00bbPolitique de protection des donn\u00e9es personnelles\u00a0\u00bb color=\u00a0\u00bbsky\u00a0\u00bb align=\u00a0\u00bbcenter\u00a0\u00bb link=\u00a0\u00bburl:https%3A%2F%2Fwww.catsat.com%2Ffr%2Fpolitique-de-protection-des-donnees-personnelles%2F|||\u00a0\u00bb][\/vc_column_inner][vc_column_inner width=\u00a0\u00bb1\/2&Prime;][vc_btn title=\u00a0\u00bbConditions g\u00e9n\u00e9rales d&rsquo;utilisation\u00a0\u00bb color=\u00a0\u00bbsky\u00a0\u00bb align=\u00a0\u00bbcenter\u00a0\u00bb link=\u00a0\u00bburl:https%3A%2F%2Fwww.catsat.com%2Ffr%2Fconditions-generales-d-utilisation%2F|||\u00a0\u00bb][\/vc_column_inner][\/vc_row_inner][\/vc_column][\/vc_row]<\/p>\n<\/div>","protected":false},"excerpt":{"rendered":"<p>[vc_row][vc_column][vc_column_text css=\u00a0\u00bb\u00a0\u00bb] Entr\u00e9e en vigueur le : 10.02.2025 Lors de votre navigation sur notre site web, des cookies et autres traceurs peuvent \u00eatre d\u00e9pos\u00e9s sur votre appareil (ordinateur, tablette, smartphone). Cette section explique ce que sont les cookies, comment nous les utilisons et comment vous pouvez g\u00e9rer vos pr\u00e9f\u00e9rences. Qu&rsquo;est-ce qu&rsquo;un cookie ? Un cookie<\/p>\n","protected":false},"author":9,"featured_media":0,"parent":0,"menu_order":0,"comment_status":"closed","ping_status":"closed","template":"","meta":{"footnotes":""},"class_list":["post-2862","page","type-page","status-publish","hentry"],"yoast_head":"<!-- This site is optimized with the Yoast SEO plugin v27.2 - https:\/\/yoast.com\/product\/yoast-seo-wordpress\/ -->\n<title>Gestion des cookies - CATSAT<\/title>\n<meta name=\"robots\" content=\"index, follow, max-snippet:-1, max-image-preview:large, max-video-preview:-1\" \/>\n<link rel=\"canonical\" href=\"https:\/\/www.catsat.com\/fr\/gestion-des-cookies\/\" \/>\n<meta property=\"og:locale\" content=\"fr_FR\" \/>\n<meta property=\"og:type\" content=\"article\" \/>\n<meta property=\"og:title\" content=\"Gestion des cookies - CATSAT\" \/>\n<meta property=\"og:description\" content=\"[vc_row][vc_column][vc_column_text css=\u00a0\u00bb\u00a0\u00bb] Entr\u00e9e en vigueur le : 10.02.2025 Lors de votre navigation sur notre site web, des cookies et autres traceurs peuvent \u00eatre d\u00e9pos\u00e9s sur votre appareil (ordinateur, tablette, smartphone). Cette section explique ce que sont les cookies, comment nous les utilisons et comment vous pouvez g\u00e9rer vos pr\u00e9f\u00e9rences. Qu&rsquo;est-ce qu&rsquo;un cookie ? Un cookie\" \/>\n<meta property=\"og:url\" content=\"https:\/\/www.catsat.com\/fr\/gestion-des-cookies\/\" \/>\n<meta property=\"og:site_name\" content=\"CATSAT\" \/>\n<meta property=\"article:modified_time\" content=\"2026-01-22T12:42:09+00:00\" \/>\n<meta name=\"twitter:card\" content=\"summary_large_image\" \/>\n<meta name=\"twitter:label1\" content=\"Dur\u00e9e de lecture estim\u00e9e\" \/>\n\t<meta name=\"twitter:data1\" content=\"4 minutes\" \/>\n<script type=\"application\/ld+json\" class=\"yoast-schema-graph\">{\"@context\":\"https:\/\/schema.org\",\"@graph\":[{\"@type\":\"WebPage\",\"@id\":\"https:\/\/www.catsat.com\/fr\/gestion-des-cookies\/\",\"url\":\"https:\/\/www.catsat.com\/fr\/gestion-des-cookies\/\",\"name\":\"Gestion des cookies - CATSAT\",\"isPartOf\":{\"@id\":\"https:\/\/www.catsat.com\/fr\/#website\"},\"datePublished\":\"2020-08-07T12:13:01+00:00\",\"dateModified\":\"2026-01-22T12:42:09+00:00\",\"breadcrumb\":{\"@id\":\"https:\/\/www.catsat.com\/fr\/gestion-des-cookies\/#breadcrumb\"},\"inLanguage\":\"fr-FR\",\"potentialAction\":[{\"@type\":\"ReadAction\",\"target\":[\"https:\/\/www.catsat.com\/fr\/gestion-des-cookies\/\"]}]},{\"@type\":\"BreadcrumbList\",\"@id\":\"https:\/\/www.catsat.com\/fr\/gestion-des-cookies\/#breadcrumb\",\"itemListElement\":[{\"@type\":\"ListItem\",\"position\":1,\"name\":\"Accueil\",\"item\":\"https:\/\/www.catsat.com\/fr\/\"},{\"@type\":\"ListItem\",\"position\":2,\"name\":\"Gestion des cookies\"}]},{\"@type\":\"WebSite\",\"@id\":\"https:\/\/www.catsat.com\/fr\/#website\",\"url\":\"https:\/\/www.catsat.com\/fr\/\",\"name\":\"CATSAT\",\"description\":\"Fishing Software\",\"publisher\":{\"@id\":\"https:\/\/www.catsat.com\/fr\/#organization\"},\"potentialAction\":[{\"@type\":\"SearchAction\",\"target\":{\"@type\":\"EntryPoint\",\"urlTemplate\":\"https:\/\/www.catsat.com\/fr\/?s={search_term_string}\"},\"query-input\":{\"@type\":\"PropertyValueSpecification\",\"valueRequired\":true,\"valueName\":\"search_term_string\"}}],\"inLanguage\":\"fr-FR\"},{\"@type\":\"Organization\",\"@id\":\"https:\/\/www.catsat.com\/fr\/#organization\",\"name\":\"Catsat\",\"url\":\"https:\/\/www.catsat.com\/fr\/\",\"logo\":{\"@type\":\"ImageObject\",\"inLanguage\":\"fr-FR\",\"@id\":\"https:\/\/www.catsat.com\/fr\/#\/schema\/logo\/image\/\",\"url\":\"https:\/\/www.catsat.com\/wp-content\/uploads\/2015\/08\/Logo-CATSAT1.png\",\"contentUrl\":\"https:\/\/www.catsat.com\/wp-content\/uploads\/2015\/08\/Logo-CATSAT1.png\",\"width\":993,\"height\":687,\"caption\":\"Catsat\"},\"image\":{\"@id\":\"https:\/\/www.catsat.com\/fr\/#\/schema\/logo\/image\/\"}}]}<\/script>\n<!-- \/ Yoast SEO plugin. -->","yoast_head_json":{"title":"Gestion des cookies - CATSAT","robots":{"index":"index","follow":"follow","max-snippet":"max-snippet:-1","max-image-preview":"max-image-preview:large","max-video-preview":"max-video-preview:-1"},"canonical":"https:\/\/www.catsat.com\/fr\/gestion-des-cookies\/","og_locale":"fr_FR","og_type":"article","og_title":"Gestion des cookies - CATSAT","og_description":"[vc_row][vc_column][vc_column_text css=\u00a0\u00bb\u00a0\u00bb] Entr\u00e9e en vigueur le : 10.02.2025 Lors de votre navigation sur notre site web, des cookies et autres traceurs peuvent \u00eatre d\u00e9pos\u00e9s sur votre appareil (ordinateur, tablette, smartphone). Cette section explique ce que sont les cookies, comment nous les utilisons et comment vous pouvez g\u00e9rer vos pr\u00e9f\u00e9rences. Qu&rsquo;est-ce qu&rsquo;un cookie ? Un cookie","og_url":"https:\/\/www.catsat.com\/fr\/gestion-des-cookies\/","og_site_name":"CATSAT","article_modified_time":"2026-01-22T12:42:09+00:00","twitter_card":"summary_large_image","twitter_misc":{"Dur\u00e9e de lecture estim\u00e9e":"4 minutes"},"schema":{"@context":"https:\/\/schema.org","@graph":[{"@type":"WebPage","@id":"https:\/\/www.catsat.com\/fr\/gestion-des-cookies\/","url":"https:\/\/www.catsat.com\/fr\/gestion-des-cookies\/","name":"Gestion des cookies - CATSAT","isPartOf":{"@id":"https:\/\/www.catsat.com\/fr\/#website"},"datePublished":"2020-08-07T12:13:01+00:00","dateModified":"2026-01-22T12:42:09+00:00","breadcrumb":{"@id":"https:\/\/www.catsat.com\/fr\/gestion-des-cookies\/#breadcrumb"},"inLanguage":"fr-FR","potentialAction":[{"@type":"ReadAction","target":["https:\/\/www.catsat.com\/fr\/gestion-des-cookies\/"]}]},{"@type":"BreadcrumbList","@id":"https:\/\/www.catsat.com\/fr\/gestion-des-cookies\/#breadcrumb","itemListElement":[{"@type":"ListItem","position":1,"name":"Accueil","item":"https:\/\/www.catsat.com\/fr\/"},{"@type":"ListItem","position":2,"name":"Gestion des cookies"}]},{"@type":"WebSite","@id":"https:\/\/www.catsat.com\/fr\/#website","url":"https:\/\/www.catsat.com\/fr\/","name":"CATSAT","description":"Fishing Software","publisher":{"@id":"https:\/\/www.catsat.com\/fr\/#organization"},"potentialAction":[{"@type":"SearchAction","target":{"@type":"EntryPoint","urlTemplate":"https:\/\/www.catsat.com\/fr\/?s={search_term_string}"},"query-input":{"@type":"PropertyValueSpecification","valueRequired":true,"valueName":"search_term_string"}}],"inLanguage":"fr-FR"},{"@type":"Organization","@id":"https:\/\/www.catsat.com\/fr\/#organization","name":"Catsat","url":"https:\/\/www.catsat.com\/fr\/","logo":{"@type":"ImageObject","inLanguage":"fr-FR","@id":"https:\/\/www.catsat.com\/fr\/#\/schema\/logo\/image\/","url":"https:\/\/www.catsat.com\/wp-content\/uploads\/2015\/08\/Logo-CATSAT1.png","contentUrl":"https:\/\/www.catsat.com\/wp-content\/uploads\/2015\/08\/Logo-CATSAT1.png","width":993,"height":687,"caption":"Catsat"},"image":{"@id":"https:\/\/www.catsat.com\/fr\/#\/schema\/logo\/image\/"}}]}},"_links":{"self":[{"href":"https:\/\/www.catsat.com\/fr\/wp-json\/wp\/v2\/pages\/2862","targetHints":{"allow":["GET"]}}],"collection":[{"href":"https:\/\/www.catsat.com\/fr\/wp-json\/wp\/v2\/pages"}],"about":[{"href":"https:\/\/www.catsat.com\/fr\/wp-json\/wp\/v2\/types\/page"}],"author":[{"embeddable":true,"href":"https:\/\/www.catsat.com\/fr\/wp-json\/wp\/v2\/users\/9"}],"replies":[{"embeddable":true,"href":"https:\/\/www.catsat.com\/fr\/wp-json\/wp\/v2\/comments?post=2862"}],"version-history":[{"count":6,"href":"https:\/\/www.catsat.com\/fr\/wp-json\/wp\/v2\/pages\/2862\/revisions"}],"predecessor-version":[{"id":3555,"href":"https:\/\/www.catsat.com\/fr\/wp-json\/wp\/v2\/pages\/2862\/revisions\/3555"}],"wp:attachment":[{"href":"https:\/\/www.catsat.com\/fr\/wp-json\/wp\/v2\/media?parent=2862"}],"curies":[{"name":"wp","href":"https:\/\/api.w.org\/{rel}","templated":true}]}}