{"id":2304,"date":"2016-02-24T15:13:27","date_gmt":"2016-02-24T15:13:27","guid":{"rendered":"https:\/\/www.catsat.com\/fr\/?page_id=2304"},"modified":"2025-07-31T12:52:24","modified_gmt":"2025-07-31T12:52:24","slug":"pecher-en-securite","status":"publish","type":"page","link":"https:\/\/www.catsat.com\/fr\/donnees-oceanographiques\/pecher-en-securite\/","title":{"rendered":"S\u00e9curiser vos campagnes de p\u00eache"},"content":{"rendered":"<div class=\"wpb-content-wrapper\"><p>[vc_row][vc_column width=\u00a0\u00bb1\/4&Prime;][vc_gallery type=\u00a0\u00bbslick_slider\u00a0\u00bb images=\u00a0\u00bb2114,2024,2116&Prime; img_size=\u00a0\u00bbfull\u00a0\u00bb][vc_column_text]<\/p>\n<p style=\"text-align: center;\">Suivi et pr\u00e9visions de cyclones.<\/p>\n<p>[\/vc_column_text][vc_gallery type=\u00a0\u00bbslick_slider\u00a0\u00bb images=\u00a0\u00bb2024,2116,2114&Prime; img_size=\u00a0\u00bbfull\u00a0\u00bb][vc_column_text]<\/p>\n<p style=\"text-align: center;\">Vents et pression atmosph\u00e9rique<\/p>\n<p>[\/vc_column_text][vc_gallery type=\u00a0\u00bbslick_slider\u00a0\u00bb images=\u00a0\u00bb2116,2114,2024&Prime; img_size=\u00a0\u00bbfull\u00a0\u00bb][vc_column_text]<\/p>\n<p style=\"text-align: center;\">Couverture nuageuse<\/p>\n<p>[\/vc_column_text][\/vc_column][vc_column width=\u00a0\u00bb3\/4&Prime;][vc_custom_heading text=\u00a0\u00bbUtilisez les donn\u00e9es CATSAT pour orienter vos strat\u00e9gies de p\u00eache, am\u00e9liorer la s\u00e9curit\u00e9 des op\u00e9rations en mer et garantir la viabilit\u00e9 \u00e0 long terme du secteur des p\u00eacheries.\u00a0\u00bb font_container=\u00a0\u00bbtag:div|font_size:28px|text_align:justify|color:%232b2464|line_height:37px\u00a0\u00bb google_fonts=\u00a0\u00bbfont_family:Lato%3A100%2C100italic%2C300%2C300italic%2Cregular%2Citalic%2C700%2C700italic%2C900%2C900italic|font_style:400%20regular%3A400%3Anormal\u00a0\u00bb][vc_tta_accordion style=\u00a0\u00bbmodern\u00a0\u00bb color=\u00a0\u00bbsky\u00a0\u00bb active_section=\u00a0\u00bb1&Prime;][vc_tta_section title=\u00a0\u00bbles avantages de CATSAT\u00a0\u00bb tab_id=\u00a0\u00bb1441802589738-7523112c-8922&Prime;][vc_column_text]<\/p>\n<ul>\n<li><strong>Cartes m\u00e9t\u00e9orologiques haute fr\u00e9quence<\/strong><\/li>\n<li><strong>Alertes* en cas de typhons et de cyclones<\/strong> avec fonctionnalit\u00e9s de pr\u00e9vision et de position<\/li>\n<li><strong>Un ensemble complet de cartes m\u00e9t\u00e9orologiques<\/strong> englobant des donn\u00e9es pr\u00e9cises sur les\u00a0vents, la pression, la couverture nuageuse, les vagues et la houle. Pr\u00e9visions jusqu&rsquo;\u00e0\u00a07 jours<\/li>\n<\/ul>\n<p><em>* Informations officielles fournies par\u00a0<a href=\"http:\/\/weather.gmdss.org\/index.html\" target=\"_blank\" rel=\"noopener\">GMDSS<\/a><\/em>[\/vc_column_text][\/vc_tta_section][vc_tta_section title=\u00a0\u00bbinformations m\u00e9t\u00e9orologiques cruciales afin de garantir votre s\u00e9curit\u00e9\u00a0\u00bb tab_id=\u00a0\u00bb1441802589739-b729ffba-f04f\u00a0\u00bb][vc_column_text]<\/p>\n<ul>\n<li><strong>Garantissez votre s\u00e9curit\u00e9<\/strong> en surveillant tous les cyclones actifs gr\u00e2ce aux bulletins en\u00a0temps r\u00e9el<\/li>\n<li><strong>S\u00e9curisez vos sorties de p\u00eache<\/strong> en \u00e9vitant les zones critiques, o\u00f9 les vents et les\u00a0temp\u00eates sont dangereux<\/li>\n<li>Les donn\u00e9es m\u00e9t\u00e9orologiques de qualit\u00e9 vous aident \u00e0 comprendre et <strong>pr\u00e9voir l&rsquo;\u00e9volution\u00a0des oc\u00e9ans pour les jours \u00e0 venir<\/strong><\/li>\n<\/ul>\n<p>[\/vc_column_text][\/vc_tta_section][vc_tta_section title=\u00a0\u00bbP\u00eache plus intelligente, rapide, s\u00fbre, optimale\u00a0\u00bb tab_id=\u00a0\u00bb1441802599859-b8d466d5-a05f\u00a0\u00bb][vc_column_text]<strong>Utilisez CATSAT pour optimiser votre temps en mer gr\u00e2ce \u00e0 des donn\u00e9es oc\u00e9anographiques tr\u00e8s pr\u00e9cise et naviguer en s\u00e9curit\u00e9.<\/strong><\/p>\n<ul>\n<li><strong>Optimisez vos campagnes de p\u00eache<\/strong> en identifiant rapidement les zones de p\u00eache\u00a0favorables<\/li>\n<li><strong>Am\u00e9liorez votre efficacit\u00e9<\/strong> en r\u00e9duisant les risques de p\u00eacher dans une zone d&rsquo;alerte\u00a0m\u00e9t\u00e9orologique<\/li>\n<li><strong>Analysez les conditions m\u00e9t\u00e9orologiques,<\/strong> familiarisez-vous avec la dynamique des\u00a0oc\u00e9ans et tirez le meilleur des informations et outils fournis par CATSAT<\/li>\n<\/ul>\n<p>[\/vc_column_text][\/vc_tta_section][vc_tta_section title=\u00a0\u00bbSection\u00a0\u00bb tab_id=\u00a0\u00bb1456924365527-df784156-e04d\u00a0\u00bb][\/vc_tta_section][\/vc_tta_accordion][vc_cta h2=\u00a0\u00bbCATSAT, Une solution sur mesure\u00a0\u00bb style=\u00a0\u00bboutline\u00a0\u00bb color=\u00a0\u00bbsky\u00a0\u00bb add_button=\u00a0\u00bbright\u00a0\u00bb btn_title=\u00a0\u00bbDemander un devis\u00a0\u00bb btn_style=\u00a0\u00bbclassic\u00a0\u00bb btn_color=\u00a0\u00bbsky\u00a0\u00bb btn_size=\u00a0\u00bblg\u00a0\u00bb btn_link=\u00a0\u00bburl:https%3A%2F%2Fwww.catsat.com%2Ffr%2Fcontact%2F|title:Contact\u00a0\u00bb]<\/p>\n<ul>\n<li>Logiciel CATSAT \u00e0 bord<\/li>\n<li>Des cartes oc\u00e9anographiques de qualit\u00e9 sup\u00e9rieure<\/li>\n<li>Formation oc\u00e9anographique<\/li>\n<li>Assistance\u00a0et support technique<\/li>\n<li>Un r\u00e9seau\u00a0d&rsquo;experts oc\u00e9anographes mondialement reconnus<\/li>\n<\/ul>\n<p>[\/vc_cta][\/vc_column][\/vc_row][vc_row][vc_column][\/vc_column][\/vc_row]<\/p>\n<\/div>","protected":false},"excerpt":{"rendered":"<p>[vc_row][vc_column width=\u00a0\u00bb1\/4&Prime;][vc_gallery type=\u00a0\u00bbslick_slider\u00a0\u00bb images=\u00a0\u00bb2114,2024,2116&Prime; img_size=\u00a0\u00bbfull\u00a0\u00bb][vc_column_text] Suivi et pr\u00e9visions de cyclones. [\/vc_column_text][vc_gallery type=\u00a0\u00bbslick_slider\u00a0\u00bb images=\u00a0\u00bb2024,2116,2114&Prime; img_size=\u00a0\u00bbfull\u00a0\u00bb][vc_column_text] Vents et pression atmosph\u00e9rique [\/vc_column_text][vc_gallery type=\u00a0\u00bbslick_slider\u00a0\u00bb images=\u00a0\u00bb2116,2114,2024&Prime; img_size=\u00a0\u00bbfull\u00a0\u00bb][vc_column_text] Couverture nuageuse [\/vc_column_text][\/vc_column][vc_column width=\u00a0\u00bb3\/4&Prime;][vc_custom_heading text=\u00a0\u00bbUtilisez les donn\u00e9es CATSAT pour orienter vos strat\u00e9gies de p\u00eache, am\u00e9liorer la s\u00e9curit\u00e9 des op\u00e9rations en mer et garantir la viabilit\u00e9 \u00e0 long terme du secteur des p\u00eacheries.\u00a0\u00bb font_container=\u00a0\u00bbtag:div|font_size:28px|text_align:justify|color:%232b2464|line_height:37px\u00a0\u00bb<\/p>\n","protected":false},"author":2,"featured_media":0,"parent":2292,"menu_order":7,"comment_status":"closed","ping_status":"closed","template":"","meta":{"footnotes":""},"class_list":["post-2304","page","type-page","status-publish","hentry"],"yoast_head":"<!-- This site is optimized with the Yoast SEO plugin v27.2 - https:\/\/yoast.com\/product\/yoast-seo-wordpress\/ -->\n<title>S\u00e9curiser vos campagnes de p\u00eache - CATSAT<\/title>\n<meta name=\"robots\" content=\"index, follow, max-snippet:-1, max-image-preview:large, max-video-preview:-1\" \/>\n<link rel=\"canonical\" href=\"https:\/\/www.catsat.com\/fr\/donnees-oceanographiques\/pecher-en-securite\/\" \/>\n<meta property=\"og:locale\" content=\"fr_FR\" \/>\n<meta property=\"og:type\" content=\"article\" \/>\n<meta property=\"og:title\" content=\"S\u00e9curiser vos campagnes de p\u00eache - CATSAT\" \/>\n<meta property=\"og:description\" content=\"[vc_row][vc_column width=\u00a0\u00bb1\/4&Prime;][vc_gallery type=\u00a0\u00bbslick_slider\u00a0\u00bb images=\u00a0\u00bb2114,2024,2116&Prime; img_size=\u00a0\u00bbfull\u00a0\u00bb][vc_column_text] Suivi et pr\u00e9visions de cyclones. [\/vc_column_text][vc_gallery type=\u00a0\u00bbslick_slider\u00a0\u00bb images=\u00a0\u00bb2024,2116,2114&Prime; img_size=\u00a0\u00bbfull\u00a0\u00bb][vc_column_text] Vents et pression atmosph\u00e9rique [\/vc_column_text][vc_gallery type=\u00a0\u00bbslick_slider\u00a0\u00bb images=\u00a0\u00bb2116,2114,2024&Prime; img_size=\u00a0\u00bbfull\u00a0\u00bb][vc_column_text] Couverture nuageuse [\/vc_column_text][\/vc_column][vc_column width=\u00a0\u00bb3\/4&Prime;][vc_custom_heading text=\u00a0\u00bbUtilisez les donn\u00e9es CATSAT pour orienter vos strat\u00e9gies de p\u00eache, am\u00e9liorer la s\u00e9curit\u00e9 des op\u00e9rations en mer et garantir la viabilit\u00e9 \u00e0 long terme du secteur des p\u00eacheries.\u00a0\u00bb font_container=\u00a0\u00bbtag:div|font_size:28px|text_align:justify|color:%232b2464|line_height:37px\u00a0\u00bb\" \/>\n<meta property=\"og:url\" content=\"https:\/\/www.catsat.com\/fr\/donnees-oceanographiques\/pecher-en-securite\/\" \/>\n<meta property=\"og:site_name\" content=\"CATSAT\" \/>\n<meta property=\"article:modified_time\" content=\"2025-07-31T12:52:24+00:00\" \/>\n<meta name=\"twitter:card\" content=\"summary_large_image\" \/>\n<meta name=\"twitter:label1\" content=\"Dur\u00e9e de lecture estim\u00e9e\" \/>\n\t<meta name=\"twitter:data1\" content=\"4 minutes\" \/>\n<script type=\"application\/ld+json\" class=\"yoast-schema-graph\">{\"@context\":\"https:\/\/schema.org\",\"@graph\":[{\"@type\":[\"WebPage\",\"ItemPage\"],\"@id\":\"https:\/\/www.catsat.com\/fr\/donnees-oceanographiques\/pecher-en-securite\/\",\"url\":\"https:\/\/www.catsat.com\/fr\/donnees-oceanographiques\/pecher-en-securite\/\",\"name\":\"S\u00e9curiser vos campagnes de p\u00eache - CATSAT\",\"isPartOf\":{\"@id\":\"https:\/\/www.catsat.com\/fr\/#website\"},\"datePublished\":\"2016-02-24T15:13:27+00:00\",\"dateModified\":\"2025-07-31T12:52:24+00:00\",\"breadcrumb\":{\"@id\":\"https:\/\/www.catsat.com\/fr\/donnees-oceanographiques\/pecher-en-securite\/#breadcrumb\"},\"inLanguage\":\"fr-FR\",\"potentialAction\":[{\"@type\":\"ReadAction\",\"target\":[\"https:\/\/www.catsat.com\/fr\/donnees-oceanographiques\/pecher-en-securite\/\"]}]},{\"@type\":\"BreadcrumbList\",\"@id\":\"https:\/\/www.catsat.com\/fr\/donnees-oceanographiques\/pecher-en-securite\/#breadcrumb\",\"itemListElement\":[{\"@type\":\"ListItem\",\"position\":1,\"name\":\"Accueil\",\"item\":\"https:\/\/www.catsat.com\/fr\/\"},{\"@type\":\"ListItem\",\"position\":2,\"name\":\"Donn\u00e9es oc\u00e9anographiques\",\"item\":\"https:\/\/www.catsat.com\/fr\/donnees-oceanographiques\/\"},{\"@type\":\"ListItem\",\"position\":3,\"name\":\"S\u00e9curiser vos campagnes de p\u00eache\"}]},{\"@type\":\"WebSite\",\"@id\":\"https:\/\/www.catsat.com\/fr\/#website\",\"url\":\"https:\/\/www.catsat.com\/fr\/\",\"name\":\"CATSAT\",\"description\":\"Fishing Software\",\"publisher\":{\"@id\":\"https:\/\/www.catsat.com\/fr\/#organization\"},\"potentialAction\":[{\"@type\":\"SearchAction\",\"target\":{\"@type\":\"EntryPoint\",\"urlTemplate\":\"https:\/\/www.catsat.com\/fr\/?s={search_term_string}\"},\"query-input\":{\"@type\":\"PropertyValueSpecification\",\"valueRequired\":true,\"valueName\":\"search_term_string\"}}],\"inLanguage\":\"fr-FR\"},{\"@type\":\"Organization\",\"@id\":\"https:\/\/www.catsat.com\/fr\/#organization\",\"name\":\"Catsat\",\"url\":\"https:\/\/www.catsat.com\/fr\/\",\"logo\":{\"@type\":\"ImageObject\",\"inLanguage\":\"fr-FR\",\"@id\":\"https:\/\/www.catsat.com\/fr\/#\/schema\/logo\/image\/\",\"url\":\"https:\/\/www.catsat.com\/wp-content\/uploads\/2015\/08\/Logo-CATSAT1.png\",\"contentUrl\":\"https:\/\/www.catsat.com\/wp-content\/uploads\/2015\/08\/Logo-CATSAT1.png\",\"width\":993,\"height\":687,\"caption\":\"Catsat\"},\"image\":{\"@id\":\"https:\/\/www.catsat.com\/fr\/#\/schema\/logo\/image\/\"}}]}<\/script>\n<!-- \/ Yoast SEO plugin. -->","yoast_head_json":{"title":"S\u00e9curiser vos campagnes de p\u00eache - CATSAT","robots":{"index":"index","follow":"follow","max-snippet":"max-snippet:-1","max-image-preview":"max-image-preview:large","max-video-preview":"max-video-preview:-1"},"canonical":"https:\/\/www.catsat.com\/fr\/donnees-oceanographiques\/pecher-en-securite\/","og_locale":"fr_FR","og_type":"article","og_title":"S\u00e9curiser vos campagnes de p\u00eache - CATSAT","og_description":"[vc_row][vc_column width=\u00a0\u00bb1\/4&Prime;][vc_gallery type=\u00a0\u00bbslick_slider\u00a0\u00bb images=\u00a0\u00bb2114,2024,2116&Prime; img_size=\u00a0\u00bbfull\u00a0\u00bb][vc_column_text] Suivi et pr\u00e9visions de cyclones. [\/vc_column_text][vc_gallery type=\u00a0\u00bbslick_slider\u00a0\u00bb images=\u00a0\u00bb2024,2116,2114&Prime; img_size=\u00a0\u00bbfull\u00a0\u00bb][vc_column_text] Vents et pression atmosph\u00e9rique [\/vc_column_text][vc_gallery type=\u00a0\u00bbslick_slider\u00a0\u00bb images=\u00a0\u00bb2116,2114,2024&Prime; img_size=\u00a0\u00bbfull\u00a0\u00bb][vc_column_text] Couverture nuageuse [\/vc_column_text][\/vc_column][vc_column width=\u00a0\u00bb3\/4&Prime;][vc_custom_heading text=\u00a0\u00bbUtilisez les donn\u00e9es CATSAT pour orienter vos strat\u00e9gies de p\u00eache, am\u00e9liorer la s\u00e9curit\u00e9 des op\u00e9rations en mer et garantir la viabilit\u00e9 \u00e0 long terme du secteur des p\u00eacheries.\u00a0\u00bb font_container=\u00a0\u00bbtag:div|font_size:28px|text_align:justify|color:%232b2464|line_height:37px\u00a0\u00bb","og_url":"https:\/\/www.catsat.com\/fr\/donnees-oceanographiques\/pecher-en-securite\/","og_site_name":"CATSAT","article_modified_time":"2025-07-31T12:52:24+00:00","twitter_card":"summary_large_image","twitter_misc":{"Dur\u00e9e de lecture estim\u00e9e":"4 minutes"},"schema":{"@context":"https:\/\/schema.org","@graph":[{"@type":["WebPage","ItemPage"],"@id":"https:\/\/www.catsat.com\/fr\/donnees-oceanographiques\/pecher-en-securite\/","url":"https:\/\/www.catsat.com\/fr\/donnees-oceanographiques\/pecher-en-securite\/","name":"S\u00e9curiser vos campagnes de p\u00eache - CATSAT","isPartOf":{"@id":"https:\/\/www.catsat.com\/fr\/#website"},"datePublished":"2016-02-24T15:13:27+00:00","dateModified":"2025-07-31T12:52:24+00:00","breadcrumb":{"@id":"https:\/\/www.catsat.com\/fr\/donnees-oceanographiques\/pecher-en-securite\/#breadcrumb"},"inLanguage":"fr-FR","potentialAction":[{"@type":"ReadAction","target":["https:\/\/www.catsat.com\/fr\/donnees-oceanographiques\/pecher-en-securite\/"]}]},{"@type":"BreadcrumbList","@id":"https:\/\/www.catsat.com\/fr\/donnees-oceanographiques\/pecher-en-securite\/#breadcrumb","itemListElement":[{"@type":"ListItem","position":1,"name":"Accueil","item":"https:\/\/www.catsat.com\/fr\/"},{"@type":"ListItem","position":2,"name":"Donn\u00e9es oc\u00e9anographiques","item":"https:\/\/www.catsat.com\/fr\/donnees-oceanographiques\/"},{"@type":"ListItem","position":3,"name":"S\u00e9curiser vos campagnes de p\u00eache"}]},{"@type":"WebSite","@id":"https:\/\/www.catsat.com\/fr\/#website","url":"https:\/\/www.catsat.com\/fr\/","name":"CATSAT","description":"Fishing Software","publisher":{"@id":"https:\/\/www.catsat.com\/fr\/#organization"},"potentialAction":[{"@type":"SearchAction","target":{"@type":"EntryPoint","urlTemplate":"https:\/\/www.catsat.com\/fr\/?s={search_term_string}"},"query-input":{"@type":"PropertyValueSpecification","valueRequired":true,"valueName":"search_term_string"}}],"inLanguage":"fr-FR"},{"@type":"Organization","@id":"https:\/\/www.catsat.com\/fr\/#organization","name":"Catsat","url":"https:\/\/www.catsat.com\/fr\/","logo":{"@type":"ImageObject","inLanguage":"fr-FR","@id":"https:\/\/www.catsat.com\/fr\/#\/schema\/logo\/image\/","url":"https:\/\/www.catsat.com\/wp-content\/uploads\/2015\/08\/Logo-CATSAT1.png","contentUrl":"https:\/\/www.catsat.com\/wp-content\/uploads\/2015\/08\/Logo-CATSAT1.png","width":993,"height":687,"caption":"Catsat"},"image":{"@id":"https:\/\/www.catsat.com\/fr\/#\/schema\/logo\/image\/"}}]}},"_links":{"self":[{"href":"https:\/\/www.catsat.com\/fr\/wp-json\/wp\/v2\/pages\/2304","targetHints":{"allow":["GET"]}}],"collection":[{"href":"https:\/\/www.catsat.com\/fr\/wp-json\/wp\/v2\/pages"}],"about":[{"href":"https:\/\/www.catsat.com\/fr\/wp-json\/wp\/v2\/types\/page"}],"author":[{"embeddable":true,"href":"https:\/\/www.catsat.com\/fr\/wp-json\/wp\/v2\/users\/2"}],"replies":[{"embeddable":true,"href":"https:\/\/www.catsat.com\/fr\/wp-json\/wp\/v2\/comments?post=2304"}],"version-history":[{"count":13,"href":"https:\/\/www.catsat.com\/fr\/wp-json\/wp\/v2\/pages\/2304\/revisions"}],"predecessor-version":[{"id":3195,"href":"https:\/\/www.catsat.com\/fr\/wp-json\/wp\/v2\/pages\/2304\/revisions\/3195"}],"up":[{"embeddable":true,"href":"https:\/\/www.catsat.com\/fr\/wp-json\/wp\/v2\/pages\/2292"}],"wp:attachment":[{"href":"https:\/\/www.catsat.com\/fr\/wp-json\/wp\/v2\/media?parent=2304"}],"curies":[{"name":"wp","href":"https:\/\/api.w.org\/{rel}","templated":true}]}}