{"id":2297,"date":"2016-02-24T15:01:21","date_gmt":"2016-02-24T15:01:21","guid":{"rendered":"https:\/\/www.catsat.com\/fr\/?page_id=2297"},"modified":"2025-07-31T12:52:13","modified_gmt":"2025-07-31T12:52:13","slug":"temperature-mers-sst","status":"publish","type":"page","link":"https:\/\/www.catsat.com\/fr\/donnees-oceanographiques\/temperature-mers-sst\/","title":{"rendered":"Rechercher la bonne temp\u00e9rature"},"content":{"rendered":"<div class=\"wpb-content-wrapper\"><p>[vc_row][vc_column width=\u00a0\u00bb1\/4&Prime;][vc_gallery type=\u00a0\u00bbslick_slider\u00a0\u00bb images=\u00a0\u00bb1849,1850,1848&Prime; img_size=\u00a0\u00bbfull\u00a0\u00bb][vc_column_text]<\/p>\n<p style=\"text-align: center;\">Fonction multi-fen\u00eatres<\/p>\n<p>[\/vc_column_text][vc_gallery type=\u00a0\u00bbslick_slider\u00a0\u00bb images=\u00a0\u00bb1850,1848,1849&Prime; img_size=\u00a0\u00bbfull\u00a0\u00bb][vc_column_text]<\/p>\n<p style=\"text-align: center;\"><em>Profil de temp\u00e9rature<\/em><\/p>\n<p>[\/vc_column_text][vc_gallery type=\u00a0\u00bbslick_slider\u00a0\u00bb images=\u00a0\u00bb1848,1849,1850&Prime; img_size=\u00a0\u00bbfull\u00a0\u00bb][vc_column_text]<\/p>\n<p style=\"text-align: center;\">Fonction de gradient<\/p>\n<p>[\/vc_column_text][\/vc_column][vc_column width=\u00a0\u00bb3\/4&Prime;][vc_custom_heading text=\u00a0\u00bbles cartes quotidiennes haute r\u00e9solution de la temp\u00e9rature de surface de la mer (SST) permettent aux p\u00eacheurs de d\u00e9terminer les zones pr\u00e9sentant les plages de temp\u00e9rature les plus favorables pour les esp\u00e8ces cibl\u00e9es.\u00a0\u00bb font_container=\u00a0\u00bbtag:div|font_size:28px|text_align:justify|color:%232b2464|line_height:37px\u00a0\u00bb google_fonts=\u00a0\u00bbfont_family:Lato%3A100%2C100italic%2C300%2C300italic%2Cregular%2Citalic%2C700%2C700italic%2C900%2C900italic|font_style:400%20regular%3A400%3Anormal\u00a0\u00bb][vc_separator style=\u00a0\u00bbdotted\u00a0\u00bb type=\u00a0\u00bbtype_2&Prime; css=\u00a0\u00bb.vc_custom_1440686496613{padding-top: 15px !important;}\u00a0\u00bb][vc_tta_accordion style=\u00a0\u00bbmodern\u00a0\u00bb color=\u00a0\u00bbsky\u00a0\u00bb active_section=\u00a0\u00bb1&Prime;][vc_tta_section title=\u00a0\u00bbles avantages de CATSAT\u00a0\u00bb tab_id=\u00a0\u00bb1440684644661-2173d5db-cf4d\u00a0\u00bb][vc_column_text]<\/p>\n<ul>\n<li><strong>Cartes de temp\u00e9rature de la mer<\/strong> avec la meilleure d\u00e9finition du march\u00e9<\/li>\n<li><strong>Temp\u00e9rature sous la surface jusqu&rsquo;au fond des oc\u00e9ans<\/strong> et <strong>thermocline<\/strong>\u00a0pour\u00a0identifier les\u00a0fronts verticaux qui peuvent constituer une barri\u00e8re physique pour certaines esp\u00e8ces de\u00a0poissons<\/li>\n<li><strong>Climatologie bas\u00e9e sur les mesures des 20 derni\u00e8res ann\u00e9es<\/strong> con\u00e7ue pour une\u00a0utilisation avec l&rsquo;outil de gradient afin d&rsquo;identifier facilement l&rsquo;\u00e9volution des temp\u00e9ratures.<\/li>\n<\/ul>\n<p>[\/vc_column_text][\/vc_tta_section][vc_tta_section title=\u00a0\u00bbOutils con\u00e7us pour d\u00e9velopper votre expertise\u00a0\u00bb tab_id=\u00a0\u00bb1440684644662-2eaea7c2-2e33&Prime;][vc_column_text]<\/p>\n<ul>\n<li><strong>Identifiez les structures oc\u00e9aniques<\/strong> en combinant \u00e0 l&rsquo;\u00e9cran les donn\u00e9es de temp\u00e9rature,\u00a0d&rsquo;altim\u00e9trie et de courant avec l&rsquo;outil multi-fen\u00eatres, pour une image encore plus pr\u00e9cise des\u00a0fonds de p\u00eache<\/li>\n<li><strong>D\u00e9terminez les zones de p\u00eache favorables<\/strong> \u00e0 l&rsquo;aide d&rsquo;un filtre multi-crit\u00e8res qui analyse\u00a0automatiquement les donn\u00e9es oc\u00e9anographiques et identifie les fonds de p\u00eache sur la base\u00a0de l&rsquo;exp\u00e9rience du capitaine<\/li>\n<li><strong>Choisissez la meilleure couche pour votre \u00e9quipement de p\u00eache<\/strong> en affichant la vue\u00a0d&rsquo;ensemble de la colonne d&rsquo;eau avec l&rsquo;outil de profil<\/li>\n<\/ul>\n<p>[\/vc_column_text][\/vc_tta_section][vc_tta_section title=\u00a0\u00bbCombiner vos connaissances en mati\u00e8re de p\u00eache et les cartes CATSAT\u00a0\u00bb tab_id=\u00a0\u00bb1440684756273-b5280547-e059&Prime;][vc_column_text]<strong>Utilisez CATSAT pour optimiser votre temps en mer gr\u00e2ce \u00e0 des donn\u00e9es oc\u00e9anographiques tr\u00e8s pr\u00e9cises.<br \/>\n<\/strong><\/p>\n<ul>\n<li>Optimisez vos campagnes de p\u00eache en identifiant rapidement les zones de p\u00eache\u00a0favorables<\/li>\n<li>Am\u00e9liorez votre efficacit\u00e9 en r\u00e9duisant vos co\u00fbts op\u00e9rationnels et votre impact sur\u00a0l&rsquo;environnement<\/li>\n<li>Familiarisez-vous avec la dynamique des oc\u00e9ans et tirez le meilleur des informations et\u00a0outils fournis par CATSAT<\/li>\n<\/ul>\n<p>[\/vc_column_text][\/vc_tta_section][\/vc_tta_accordion][vc_cta h2=\u00a0\u00bbCATSAT, une solution tout-en-un\u00a0\u00bb style=\u00a0\u00bboutline\u00a0\u00bb color=\u00a0\u00bbsky\u00a0\u00bb add_button=\u00a0\u00bbright\u00a0\u00bb btn_title=\u00a0\u00bbDemander un devis\u00a0\u00bb btn_color=\u00a0\u00bbsky\u00a0\u00bb btn_size=\u00a0\u00bblg\u00a0\u00bb btn_link=\u00a0\u00bburl:https%3A%2F%2Fwww.catsat.com%2Ffr%2Fcontact%2F|title:Contact\u00a0\u00bb]<\/p>\n<ul>\n<li>Logiciel CATSAT<\/li>\n<li>Des cartes oc\u00e9anographiques de qualit\u00e9 sup\u00e9rieure<\/li>\n<li>Formation oc\u00e9anographique<\/li>\n<li>Assistance\u00a0et support technique<\/li>\n<li>Un r\u00e9seau\u00a0d&rsquo;experts oc\u00e9anographes mondialement reconnus<\/li>\n<\/ul>\n<p>[\/vc_cta][\/vc_column][\/vc_row]<\/p>\n<\/div>","protected":false},"excerpt":{"rendered":"<p>[vc_row][vc_column width=\u00a0\u00bb1\/4&Prime;][vc_gallery type=\u00a0\u00bbslick_slider\u00a0\u00bb images=\u00a0\u00bb1849,1850,1848&Prime; img_size=\u00a0\u00bbfull\u00a0\u00bb][vc_column_text] Fonction multi-fen\u00eatres [\/vc_column_text][vc_gallery type=\u00a0\u00bbslick_slider\u00a0\u00bb images=\u00a0\u00bb1850,1848,1849&Prime; img_size=\u00a0\u00bbfull\u00a0\u00bb][vc_column_text] Profil de temp\u00e9rature [\/vc_column_text][vc_gallery type=\u00a0\u00bbslick_slider\u00a0\u00bb images=\u00a0\u00bb1848,1849,1850&Prime; img_size=\u00a0\u00bbfull\u00a0\u00bb][vc_column_text] Fonction de gradient [\/vc_column_text][\/vc_column][vc_column width=\u00a0\u00bb3\/4&Prime;][vc_custom_heading text=\u00a0\u00bbles cartes quotidiennes haute r\u00e9solution de la temp\u00e9rature de surface de la mer (SST) permettent aux p\u00eacheurs de d\u00e9terminer les zones pr\u00e9sentant les plages de temp\u00e9rature les plus favorables pour les esp\u00e8ces<\/p>\n","protected":false},"author":2,"featured_media":0,"parent":2292,"menu_order":5,"comment_status":"closed","ping_status":"closed","template":"","meta":{"footnotes":""},"class_list":["post-2297","page","type-page","status-publish","hentry"],"yoast_head":"<!-- This site is optimized with the Yoast SEO plugin v27.2 - https:\/\/yoast.com\/product\/yoast-seo-wordpress\/ -->\n<title>Rechercher la bonne temp\u00e9rature - CATSAT<\/title>\n<meta name=\"robots\" content=\"index, follow, max-snippet:-1, max-image-preview:large, max-video-preview:-1\" \/>\n<link rel=\"canonical\" href=\"https:\/\/www.catsat.com\/fr\/donnees-oceanographiques\/temperature-mers-sst\/\" \/>\n<meta property=\"og:locale\" content=\"fr_FR\" \/>\n<meta property=\"og:type\" content=\"article\" \/>\n<meta property=\"og:title\" content=\"Rechercher la bonne temp\u00e9rature - CATSAT\" \/>\n<meta property=\"og:description\" content=\"[vc_row][vc_column width=\u00a0\u00bb1\/4&Prime;][vc_gallery type=\u00a0\u00bbslick_slider\u00a0\u00bb images=\u00a0\u00bb1849,1850,1848&Prime; img_size=\u00a0\u00bbfull\u00a0\u00bb][vc_column_text] Fonction multi-fen\u00eatres [\/vc_column_text][vc_gallery type=\u00a0\u00bbslick_slider\u00a0\u00bb images=\u00a0\u00bb1850,1848,1849&Prime; img_size=\u00a0\u00bbfull\u00a0\u00bb][vc_column_text] Profil de temp\u00e9rature [\/vc_column_text][vc_gallery type=\u00a0\u00bbslick_slider\u00a0\u00bb images=\u00a0\u00bb1848,1849,1850&Prime; img_size=\u00a0\u00bbfull\u00a0\u00bb][vc_column_text] Fonction de gradient [\/vc_column_text][\/vc_column][vc_column width=\u00a0\u00bb3\/4&Prime;][vc_custom_heading text=\u00a0\u00bbles cartes quotidiennes haute r\u00e9solution de la temp\u00e9rature de surface de la mer (SST) permettent aux p\u00eacheurs de d\u00e9terminer les zones pr\u00e9sentant les plages de temp\u00e9rature les plus favorables pour les esp\u00e8ces\" \/>\n<meta property=\"og:url\" content=\"https:\/\/www.catsat.com\/fr\/donnees-oceanographiques\/temperature-mers-sst\/\" \/>\n<meta property=\"og:site_name\" content=\"CATSAT\" \/>\n<meta property=\"article:modified_time\" content=\"2025-07-31T12:52:13+00:00\" \/>\n<meta name=\"twitter:card\" content=\"summary_large_image\" \/>\n<meta name=\"twitter:label1\" content=\"Dur\u00e9e de lecture estim\u00e9e\" \/>\n\t<meta name=\"twitter:data1\" content=\"4 minutes\" \/>\n<script type=\"application\/ld+json\" class=\"yoast-schema-graph\">{\"@context\":\"https:\/\/schema.org\",\"@graph\":[{\"@type\":[\"WebPage\",\"ItemPage\"],\"@id\":\"https:\/\/www.catsat.com\/fr\/donnees-oceanographiques\/temperature-mers-sst\/\",\"url\":\"https:\/\/www.catsat.com\/fr\/donnees-oceanographiques\/temperature-mers-sst\/\",\"name\":\"Rechercher la bonne temp\u00e9rature - CATSAT\",\"isPartOf\":{\"@id\":\"https:\/\/www.catsat.com\/fr\/#website\"},\"datePublished\":\"2016-02-24T15:01:21+00:00\",\"dateModified\":\"2025-07-31T12:52:13+00:00\",\"breadcrumb\":{\"@id\":\"https:\/\/www.catsat.com\/fr\/donnees-oceanographiques\/temperature-mers-sst\/#breadcrumb\"},\"inLanguage\":\"fr-FR\",\"potentialAction\":[{\"@type\":\"ReadAction\",\"target\":[\"https:\/\/www.catsat.com\/fr\/donnees-oceanographiques\/temperature-mers-sst\/\"]}]},{\"@type\":\"BreadcrumbList\",\"@id\":\"https:\/\/www.catsat.com\/fr\/donnees-oceanographiques\/temperature-mers-sst\/#breadcrumb\",\"itemListElement\":[{\"@type\":\"ListItem\",\"position\":1,\"name\":\"Accueil\",\"item\":\"https:\/\/www.catsat.com\/fr\/\"},{\"@type\":\"ListItem\",\"position\":2,\"name\":\"Donn\u00e9es oc\u00e9anographiques\",\"item\":\"https:\/\/www.catsat.com\/fr\/donnees-oceanographiques\/\"},{\"@type\":\"ListItem\",\"position\":3,\"name\":\"Rechercher la bonne temp\u00e9rature\"}]},{\"@type\":\"WebSite\",\"@id\":\"https:\/\/www.catsat.com\/fr\/#website\",\"url\":\"https:\/\/www.catsat.com\/fr\/\",\"name\":\"CATSAT\",\"description\":\"Fishing Software\",\"publisher\":{\"@id\":\"https:\/\/www.catsat.com\/fr\/#organization\"},\"potentialAction\":[{\"@type\":\"SearchAction\",\"target\":{\"@type\":\"EntryPoint\",\"urlTemplate\":\"https:\/\/www.catsat.com\/fr\/?s={search_term_string}\"},\"query-input\":{\"@type\":\"PropertyValueSpecification\",\"valueRequired\":true,\"valueName\":\"search_term_string\"}}],\"inLanguage\":\"fr-FR\"},{\"@type\":\"Organization\",\"@id\":\"https:\/\/www.catsat.com\/fr\/#organization\",\"name\":\"Catsat\",\"url\":\"https:\/\/www.catsat.com\/fr\/\",\"logo\":{\"@type\":\"ImageObject\",\"inLanguage\":\"fr-FR\",\"@id\":\"https:\/\/www.catsat.com\/fr\/#\/schema\/logo\/image\/\",\"url\":\"https:\/\/www.catsat.com\/wp-content\/uploads\/2015\/08\/Logo-CATSAT1.png\",\"contentUrl\":\"https:\/\/www.catsat.com\/wp-content\/uploads\/2015\/08\/Logo-CATSAT1.png\",\"width\":993,\"height\":687,\"caption\":\"Catsat\"},\"image\":{\"@id\":\"https:\/\/www.catsat.com\/fr\/#\/schema\/logo\/image\/\"}}]}<\/script>\n<!-- \/ Yoast SEO plugin. -->","yoast_head_json":{"title":"Rechercher la bonne temp\u00e9rature - CATSAT","robots":{"index":"index","follow":"follow","max-snippet":"max-snippet:-1","max-image-preview":"max-image-preview:large","max-video-preview":"max-video-preview:-1"},"canonical":"https:\/\/www.catsat.com\/fr\/donnees-oceanographiques\/temperature-mers-sst\/","og_locale":"fr_FR","og_type":"article","og_title":"Rechercher la bonne temp\u00e9rature - CATSAT","og_description":"[vc_row][vc_column width=\u00a0\u00bb1\/4&Prime;][vc_gallery type=\u00a0\u00bbslick_slider\u00a0\u00bb images=\u00a0\u00bb1849,1850,1848&Prime; img_size=\u00a0\u00bbfull\u00a0\u00bb][vc_column_text] Fonction multi-fen\u00eatres [\/vc_column_text][vc_gallery type=\u00a0\u00bbslick_slider\u00a0\u00bb images=\u00a0\u00bb1850,1848,1849&Prime; img_size=\u00a0\u00bbfull\u00a0\u00bb][vc_column_text] Profil de temp\u00e9rature [\/vc_column_text][vc_gallery type=\u00a0\u00bbslick_slider\u00a0\u00bb images=\u00a0\u00bb1848,1849,1850&Prime; img_size=\u00a0\u00bbfull\u00a0\u00bb][vc_column_text] Fonction de gradient [\/vc_column_text][\/vc_column][vc_column width=\u00a0\u00bb3\/4&Prime;][vc_custom_heading text=\u00a0\u00bbles cartes quotidiennes haute r\u00e9solution de la temp\u00e9rature de surface de la mer (SST) permettent aux p\u00eacheurs de d\u00e9terminer les zones pr\u00e9sentant les plages de temp\u00e9rature les plus favorables pour les esp\u00e8ces","og_url":"https:\/\/www.catsat.com\/fr\/donnees-oceanographiques\/temperature-mers-sst\/","og_site_name":"CATSAT","article_modified_time":"2025-07-31T12:52:13+00:00","twitter_card":"summary_large_image","twitter_misc":{"Dur\u00e9e de lecture estim\u00e9e":"4 minutes"},"schema":{"@context":"https:\/\/schema.org","@graph":[{"@type":["WebPage","ItemPage"],"@id":"https:\/\/www.catsat.com\/fr\/donnees-oceanographiques\/temperature-mers-sst\/","url":"https:\/\/www.catsat.com\/fr\/donnees-oceanographiques\/temperature-mers-sst\/","name":"Rechercher la bonne temp\u00e9rature - CATSAT","isPartOf":{"@id":"https:\/\/www.catsat.com\/fr\/#website"},"datePublished":"2016-02-24T15:01:21+00:00","dateModified":"2025-07-31T12:52:13+00:00","breadcrumb":{"@id":"https:\/\/www.catsat.com\/fr\/donnees-oceanographiques\/temperature-mers-sst\/#breadcrumb"},"inLanguage":"fr-FR","potentialAction":[{"@type":"ReadAction","target":["https:\/\/www.catsat.com\/fr\/donnees-oceanographiques\/temperature-mers-sst\/"]}]},{"@type":"BreadcrumbList","@id":"https:\/\/www.catsat.com\/fr\/donnees-oceanographiques\/temperature-mers-sst\/#breadcrumb","itemListElement":[{"@type":"ListItem","position":1,"name":"Accueil","item":"https:\/\/www.catsat.com\/fr\/"},{"@type":"ListItem","position":2,"name":"Donn\u00e9es oc\u00e9anographiques","item":"https:\/\/www.catsat.com\/fr\/donnees-oceanographiques\/"},{"@type":"ListItem","position":3,"name":"Rechercher la bonne temp\u00e9rature"}]},{"@type":"WebSite","@id":"https:\/\/www.catsat.com\/fr\/#website","url":"https:\/\/www.catsat.com\/fr\/","name":"CATSAT","description":"Fishing Software","publisher":{"@id":"https:\/\/www.catsat.com\/fr\/#organization"},"potentialAction":[{"@type":"SearchAction","target":{"@type":"EntryPoint","urlTemplate":"https:\/\/www.catsat.com\/fr\/?s={search_term_string}"},"query-input":{"@type":"PropertyValueSpecification","valueRequired":true,"valueName":"search_term_string"}}],"inLanguage":"fr-FR"},{"@type":"Organization","@id":"https:\/\/www.catsat.com\/fr\/#organization","name":"Catsat","url":"https:\/\/www.catsat.com\/fr\/","logo":{"@type":"ImageObject","inLanguage":"fr-FR","@id":"https:\/\/www.catsat.com\/fr\/#\/schema\/logo\/image\/","url":"https:\/\/www.catsat.com\/wp-content\/uploads\/2015\/08\/Logo-CATSAT1.png","contentUrl":"https:\/\/www.catsat.com\/wp-content\/uploads\/2015\/08\/Logo-CATSAT1.png","width":993,"height":687,"caption":"Catsat"},"image":{"@id":"https:\/\/www.catsat.com\/fr\/#\/schema\/logo\/image\/"}}]}},"_links":{"self":[{"href":"https:\/\/www.catsat.com\/fr\/wp-json\/wp\/v2\/pages\/2297","targetHints":{"allow":["GET"]}}],"collection":[{"href":"https:\/\/www.catsat.com\/fr\/wp-json\/wp\/v2\/pages"}],"about":[{"href":"https:\/\/www.catsat.com\/fr\/wp-json\/wp\/v2\/types\/page"}],"author":[{"embeddable":true,"href":"https:\/\/www.catsat.com\/fr\/wp-json\/wp\/v2\/users\/2"}],"replies":[{"embeddable":true,"href":"https:\/\/www.catsat.com\/fr\/wp-json\/wp\/v2\/comments?post=2297"}],"version-history":[{"count":11,"href":"https:\/\/www.catsat.com\/fr\/wp-json\/wp\/v2\/pages\/2297\/revisions"}],"predecessor-version":[{"id":3197,"href":"https:\/\/www.catsat.com\/fr\/wp-json\/wp\/v2\/pages\/2297\/revisions\/3197"}],"up":[{"embeddable":true,"href":"https:\/\/www.catsat.com\/fr\/wp-json\/wp\/v2\/pages\/2292"}],"wp:attachment":[{"href":"https:\/\/www.catsat.com\/fr\/wp-json\/wp\/v2\/media?parent=2297"}],"curies":[{"name":"wp","href":"https:\/\/api.w.org\/{rel}","templated":true}]}}