{"id":2294,"date":"2016-02-24T14:52:49","date_gmt":"2016-02-24T14:52:49","guid":{"rendered":"https:\/\/www.catsat.com\/fr\/?page_id=2294"},"modified":"2025-07-31T12:52:08","modified_gmt":"2025-07-31T12:52:08","slug":"altmietrie-oceans","status":"publish","type":"page","link":"https:\/\/www.catsat.com\/fr\/donnees-oceanographiques\/altmietrie-oceans\/","title":{"rendered":"Comprendre la dynamique des oc\u00e9ans"},"content":{"rendered":"<div class=\"wpb-content-wrapper\"><p>[vc_row][vc_column width=\u00a0\u00bb1\/4&Prime;][vc_gallery type=\u00a0\u00bbslick_slider\u00a0\u00bb images=\u00a0\u00bb1849,2065,1842&Prime; img_size=\u00a0\u00bbfull\u00a0\u00bb][vc_column_text css_animation=\u00a0\u00bbbottom-to-top\u00a0\u00bb css=\u00a0\u00bb.vc_custom_1456325582467{background-position: center !important;background-repeat: no-repeat !important;background-size: cover !important;}\u00a0\u00bb]<\/p>\n<p style=\"text-align: center;\">Fonction multi-fen\u00eatres<\/p>\n<p>[\/vc_column_text][vc_gallery type=\u00a0\u00bbslick_slider\u00a0\u00bb images=\u00a0\u00bb2065,1842,1849&Prime; img_size=\u00a0\u00bbfull\u00a0\u00bb][vc_column_text]<\/p>\n<p style=\"text-align: center;\">Fonction de courantom\u00e8tre<\/p>\n<p>[\/vc_column_text][vc_gallery type=\u00a0\u00bbslick_slider\u00a0\u00bb images=\u00a0\u00bb1842,1849,2065&Prime; img_size=\u00a0\u00bbfull\u00a0\u00bb][vc_column_text]<\/p>\n<p style=\"text-align: center;\">Filtre multi-crit\u00e8res<\/p>\n<p>[\/vc_column_text][\/vc_column][vc_column width=\u00a0\u00bb3\/4&Prime;][vc_custom_heading text=\u00a0\u00bbl&rsquo;altim\u00e9trie haute r\u00e9solution de CaTsaT (sla) permet d&rsquo;identifier les turbulences et les zones frontales entre les diff\u00e9rentes masses d&rsquo;eau et les structures oc\u00e9aniques, o\u00f9 les poissons ont plus de chance de se trouver.\u00a0\u00bb font_container=\u00a0\u00bbtag:div|font_size:27px|text_align:justify|color:%232b2464|line_height:37px\u00a0\u00bb google_fonts=\u00a0\u00bbfont_family:Lato%3A100%2C100italic%2C300%2C300italic%2Cregular%2Citalic%2C700%2C700italic%2C900%2C900italic|font_style:400%20regular%3A400%3Anormal\u00a0\u00bb][vc_separator style=\u00a0\u00bbdotted\u00a0\u00bb type=\u00a0\u00bbtype_2&Prime; css=\u00a0\u00bb.vc_custom_1440685093206{padding-top: 15px !important;}\u00a0\u00bb][vc_tta_accordion style=\u00a0\u00bbmodern\u00a0\u00bb color=\u00a0\u00bbsky\u00a0\u00bb active_section=\u00a0\u00bb1&Prime;][vc_tta_section title=\u00a0\u00bbles avantages de CATSAT\u00a0\u00bb tab_id=\u00a0\u00bb1440685255417-bb9e0856-4c92&Prime;][vc_column_text]<\/p>\n<ul>\n<li><strong>Carte altim\u00e9trique avec la meilleure d\u00e9finition<\/strong> du march\u00e9<\/li>\n<li><strong>Mode Film<\/strong> : observez le mouvement des masses d&rsquo;eau sur la dur\u00e9e et d\u00e9terminez les\u00a0turbulences dynamiques<\/li>\n<li><strong>Visualisation 3D<\/strong> : identification plus intuitive des ph\u00e9nom\u00e8nes oc\u00e9aniques<\/li>\n<\/ul>\n<p>[\/vc_column_text][\/vc_tta_section][vc_tta_section title=\u00a0\u00bbDes outils con\u00e7us pour d\u00e9velopper votre expertise\u00a0\u00bb tab_id=\u00a0\u00bb1440685255418-f8d13b5d-346a\u00a0\u00bb][vc_column_text]<\/p>\n<ul>\n<li><strong>D\u00e9terminez les fronts et les turbulences<\/strong> en associant les donn\u00e9es altim\u00e9triques \u00e0 la\u00a0temp\u00e9rature de la mer (en surface et sous la surface) et aux courants gr\u00e2ce \u00e0 la fonction\u00a0multi-fen\u00eatres.<\/li>\n<li><strong>Prot\u00e9gez votre \u00e9quipement<\/strong> en d\u00e9terminant \u00e0 l&rsquo;avance le courant de cisaillement de la\u00a0zone cibl\u00e9e gr\u00e2ce au courantom\u00e8tre.<\/li>\n<li><strong>D\u00e9terminez les zones de p\u00eache favorables<\/strong> \u00e0 l&rsquo;aide d&rsquo;un filtre multi-crit\u00e8res permettant\u00a0d&rsquo;analyser les donn\u00e9es oc\u00e9anographiques et d&rsquo;identifier les fonds de p\u00eache sur la base de\u00a0l&rsquo;exp\u00e9rience du capitaine<\/li>\n<\/ul>\n<p>[\/vc_column_text][\/vc_tta_section][vc_tta_section title=\u00a0\u00bbCombinez vos connaissances en mati\u00e8re de p\u00eache et les cartes CATSAT\u00a0\u00bb tab_id=\u00a0\u00bb1440686148730-1c86052b-0253&Prime;][vc_column_text]<strong>Utilisez CATSAT pour optimiser votre temps en mer gr\u00e2ce \u00e0 des donn\u00e9es oc\u00e9anographiques tr\u00e8s pr\u00e9cises.<br \/>\n<\/strong><\/p>\n<ul>\n<li>Optimisez vos campagnes de p\u00eache en identifiant rapidement les zones de p\u00eache\u00a0favorables<\/li>\n<li>Am\u00e9liorez votre efficacit\u00e9 en r\u00e9duisant vos co\u00fbts op\u00e9rationnels et votre impact sur\u00a0l&rsquo;environnement<\/li>\n<li>Familiarisez-vous avec la dynamique des oc\u00e9ans et tirez le meilleur des informations et\u00a0outils fournis par CATSAT<\/li>\n<\/ul>\n<p>[\/vc_column_text][\/vc_tta_section][\/vc_tta_accordion][vc_cta h2=\u00a0\u00bbCATSAT, une solution tout-en-un\u00a0\u00bb shape=\u00a0\u00bbsquare\u00a0\u00bb style=\u00a0\u00bboutline\u00a0\u00bb color=\u00a0\u00bbsky\u00a0\u00bb add_button=\u00a0\u00bbright\u00a0\u00bb btn_title=\u00a0\u00bbDemander un devis\u00a0\u00bb btn_style=\u00a0\u00bbclassic\u00a0\u00bb btn_color=\u00a0\u00bbsky\u00a0\u00bb btn_size=\u00a0\u00bblg\u00a0\u00bb btn_link=\u00a0\u00bburl:https%3A%2F%2Fwww.catsat.com%2Ffr%2Fcontact%2F|title:Contact\u00a0\u00bb]<\/p>\n<ul>\n<li>Logiciel CATSAT \u00e0 bord<\/li>\n<li>Des cartes oc\u00e9anographiques de qualit\u00e9 sup\u00e9rieure<\/li>\n<li>Formation oc\u00e9anographique<\/li>\n<li>Assistance\u00a0et support technique<\/li>\n<li>Un r\u00e9seau\u00a0d&rsquo;experts oc\u00e9anographes mondialement reconnus<\/li>\n<\/ul>\n<p>[\/vc_cta][\/vc_column][\/vc_row]<\/p>\n<\/div>","protected":false},"excerpt":{"rendered":"<p>[vc_row][vc_column width=\u00a0\u00bb1\/4&Prime;][vc_gallery type=\u00a0\u00bbslick_slider\u00a0\u00bb images=\u00a0\u00bb1849,2065,1842&Prime; img_size=\u00a0\u00bbfull\u00a0\u00bb][vc_column_text css_animation=\u00a0\u00bbbottom-to-top\u00a0\u00bb css=\u00a0\u00bb.vc_custom_1456325582467{background-position: center !important;background-repeat: no-repeat !important;background-size: cover !important;}\u00a0\u00bb] Fonction multi-fen\u00eatres [\/vc_column_text][vc_gallery type=\u00a0\u00bbslick_slider\u00a0\u00bb images=\u00a0\u00bb2065,1842,1849&Prime; img_size=\u00a0\u00bbfull\u00a0\u00bb][vc_column_text] Fonction de courantom\u00e8tre [\/vc_column_text][vc_gallery type=\u00a0\u00bbslick_slider\u00a0\u00bb images=\u00a0\u00bb1842,1849,2065&Prime; img_size=\u00a0\u00bbfull\u00a0\u00bb][vc_column_text] Filtre multi-crit\u00e8res [\/vc_column_text][\/vc_column][vc_column width=\u00a0\u00bb3\/4&Prime;][vc_custom_heading text=\u00a0\u00bbl&rsquo;altim\u00e9trie haute r\u00e9solution de CaTsaT (sla) permet d&rsquo;identifier les turbulences et les zones frontales entre les diff\u00e9rentes masses d&rsquo;eau et les structures oc\u00e9aniques, o\u00f9 les<\/p>\n","protected":false},"author":2,"featured_media":0,"parent":2292,"menu_order":4,"comment_status":"closed","ping_status":"closed","template":"","meta":{"footnotes":""},"class_list":["post-2294","page","type-page","status-publish","hentry"],"yoast_head":"<!-- This site is optimized with the Yoast SEO plugin v27.2 - https:\/\/yoast.com\/product\/yoast-seo-wordpress\/ -->\n<title>Comprendre la dynamique des oc\u00e9ans - CATSAT<\/title>\n<meta name=\"robots\" content=\"index, follow, max-snippet:-1, max-image-preview:large, max-video-preview:-1\" \/>\n<link rel=\"canonical\" href=\"https:\/\/www.catsat.com\/fr\/donnees-oceanographiques\/altmietrie-oceans\/\" \/>\n<meta property=\"og:locale\" content=\"fr_FR\" \/>\n<meta property=\"og:type\" content=\"article\" \/>\n<meta property=\"og:title\" content=\"Comprendre la dynamique des oc\u00e9ans - CATSAT\" \/>\n<meta property=\"og:description\" content=\"[vc_row][vc_column width=\u00a0\u00bb1\/4&Prime;][vc_gallery type=\u00a0\u00bbslick_slider\u00a0\u00bb images=\u00a0\u00bb1849,2065,1842&Prime; img_size=\u00a0\u00bbfull\u00a0\u00bb][vc_column_text css_animation=\u00a0\u00bbbottom-to-top\u00a0\u00bb css=\u00a0\u00bb.vc_custom_1456325582467{background-position: center !important;background-repeat: no-repeat !important;background-size: cover !important;}\u00a0\u00bb] Fonction multi-fen\u00eatres [\/vc_column_text][vc_gallery type=\u00a0\u00bbslick_slider\u00a0\u00bb images=\u00a0\u00bb2065,1842,1849&Prime; img_size=\u00a0\u00bbfull\u00a0\u00bb][vc_column_text] Fonction de courantom\u00e8tre [\/vc_column_text][vc_gallery type=\u00a0\u00bbslick_slider\u00a0\u00bb images=\u00a0\u00bb1842,1849,2065&Prime; img_size=\u00a0\u00bbfull\u00a0\u00bb][vc_column_text] Filtre multi-crit\u00e8res [\/vc_column_text][\/vc_column][vc_column width=\u00a0\u00bb3\/4&Prime;][vc_custom_heading text=\u00a0\u00bbl&rsquo;altim\u00e9trie haute r\u00e9solution de CaTsaT (sla) permet d&rsquo;identifier les turbulences et les zones frontales entre les diff\u00e9rentes masses d&rsquo;eau et les structures oc\u00e9aniques, o\u00f9 les\" \/>\n<meta property=\"og:url\" content=\"https:\/\/www.catsat.com\/fr\/donnees-oceanographiques\/altmietrie-oceans\/\" \/>\n<meta property=\"og:site_name\" content=\"CATSAT\" \/>\n<meta property=\"article:modified_time\" content=\"2025-07-31T12:52:08+00:00\" \/>\n<meta name=\"twitter:card\" content=\"summary_large_image\" \/>\n<meta name=\"twitter:label1\" content=\"Dur\u00e9e de lecture estim\u00e9e\" \/>\n\t<meta name=\"twitter:data1\" content=\"2 minutes\" \/>\n<script type=\"application\/ld+json\" class=\"yoast-schema-graph\">{\"@context\":\"https:\/\/schema.org\",\"@graph\":[{\"@type\":[\"WebPage\",\"ItemPage\"],\"@id\":\"https:\/\/www.catsat.com\/fr\/donnees-oceanographiques\/altmietrie-oceans\/\",\"url\":\"https:\/\/www.catsat.com\/fr\/donnees-oceanographiques\/altmietrie-oceans\/\",\"name\":\"Comprendre la dynamique des oc\u00e9ans - CATSAT\",\"isPartOf\":{\"@id\":\"https:\/\/www.catsat.com\/fr\/#website\"},\"datePublished\":\"2016-02-24T14:52:49+00:00\",\"dateModified\":\"2025-07-31T12:52:08+00:00\",\"breadcrumb\":{\"@id\":\"https:\/\/www.catsat.com\/fr\/donnees-oceanographiques\/altmietrie-oceans\/#breadcrumb\"},\"inLanguage\":\"fr-FR\",\"potentialAction\":[{\"@type\":\"ReadAction\",\"target\":[\"https:\/\/www.catsat.com\/fr\/donnees-oceanographiques\/altmietrie-oceans\/\"]}]},{\"@type\":\"BreadcrumbList\",\"@id\":\"https:\/\/www.catsat.com\/fr\/donnees-oceanographiques\/altmietrie-oceans\/#breadcrumb\",\"itemListElement\":[{\"@type\":\"ListItem\",\"position\":1,\"name\":\"Accueil\",\"item\":\"https:\/\/www.catsat.com\/fr\/\"},{\"@type\":\"ListItem\",\"position\":2,\"name\":\"Donn\u00e9es oc\u00e9anographiques\",\"item\":\"https:\/\/www.catsat.com\/fr\/donnees-oceanographiques\/\"},{\"@type\":\"ListItem\",\"position\":3,\"name\":\"Comprendre la dynamique des oc\u00e9ans\"}]},{\"@type\":\"WebSite\",\"@id\":\"https:\/\/www.catsat.com\/fr\/#website\",\"url\":\"https:\/\/www.catsat.com\/fr\/\",\"name\":\"CATSAT\",\"description\":\"Fishing Software\",\"publisher\":{\"@id\":\"https:\/\/www.catsat.com\/fr\/#organization\"},\"potentialAction\":[{\"@type\":\"SearchAction\",\"target\":{\"@type\":\"EntryPoint\",\"urlTemplate\":\"https:\/\/www.catsat.com\/fr\/?s={search_term_string}\"},\"query-input\":{\"@type\":\"PropertyValueSpecification\",\"valueRequired\":true,\"valueName\":\"search_term_string\"}}],\"inLanguage\":\"fr-FR\"},{\"@type\":\"Organization\",\"@id\":\"https:\/\/www.catsat.com\/fr\/#organization\",\"name\":\"Catsat\",\"url\":\"https:\/\/www.catsat.com\/fr\/\",\"logo\":{\"@type\":\"ImageObject\",\"inLanguage\":\"fr-FR\",\"@id\":\"https:\/\/www.catsat.com\/fr\/#\/schema\/logo\/image\/\",\"url\":\"https:\/\/www.catsat.com\/wp-content\/uploads\/2015\/08\/Logo-CATSAT1.png\",\"contentUrl\":\"https:\/\/www.catsat.com\/wp-content\/uploads\/2015\/08\/Logo-CATSAT1.png\",\"width\":993,\"height\":687,\"caption\":\"Catsat\"},\"image\":{\"@id\":\"https:\/\/www.catsat.com\/fr\/#\/schema\/logo\/image\/\"}}]}<\/script>\n<!-- \/ Yoast SEO plugin. -->","yoast_head_json":{"title":"Comprendre la dynamique des oc\u00e9ans - CATSAT","robots":{"index":"index","follow":"follow","max-snippet":"max-snippet:-1","max-image-preview":"max-image-preview:large","max-video-preview":"max-video-preview:-1"},"canonical":"https:\/\/www.catsat.com\/fr\/donnees-oceanographiques\/altmietrie-oceans\/","og_locale":"fr_FR","og_type":"article","og_title":"Comprendre la dynamique des oc\u00e9ans - CATSAT","og_description":"[vc_row][vc_column width=\u00a0\u00bb1\/4&Prime;][vc_gallery type=\u00a0\u00bbslick_slider\u00a0\u00bb images=\u00a0\u00bb1849,2065,1842&Prime; img_size=\u00a0\u00bbfull\u00a0\u00bb][vc_column_text css_animation=\u00a0\u00bbbottom-to-top\u00a0\u00bb css=\u00a0\u00bb.vc_custom_1456325582467{background-position: center !important;background-repeat: no-repeat !important;background-size: cover !important;}\u00a0\u00bb] Fonction multi-fen\u00eatres [\/vc_column_text][vc_gallery type=\u00a0\u00bbslick_slider\u00a0\u00bb images=\u00a0\u00bb2065,1842,1849&Prime; img_size=\u00a0\u00bbfull\u00a0\u00bb][vc_column_text] Fonction de courantom\u00e8tre [\/vc_column_text][vc_gallery type=\u00a0\u00bbslick_slider\u00a0\u00bb images=\u00a0\u00bb1842,1849,2065&Prime; img_size=\u00a0\u00bbfull\u00a0\u00bb][vc_column_text] Filtre multi-crit\u00e8res [\/vc_column_text][\/vc_column][vc_column width=\u00a0\u00bb3\/4&Prime;][vc_custom_heading text=\u00a0\u00bbl&rsquo;altim\u00e9trie haute r\u00e9solution de CaTsaT (sla) permet d&rsquo;identifier les turbulences et les zones frontales entre les diff\u00e9rentes masses d&rsquo;eau et les structures oc\u00e9aniques, o\u00f9 les","og_url":"https:\/\/www.catsat.com\/fr\/donnees-oceanographiques\/altmietrie-oceans\/","og_site_name":"CATSAT","article_modified_time":"2025-07-31T12:52:08+00:00","twitter_card":"summary_large_image","twitter_misc":{"Dur\u00e9e de lecture estim\u00e9e":"2 minutes"},"schema":{"@context":"https:\/\/schema.org","@graph":[{"@type":["WebPage","ItemPage"],"@id":"https:\/\/www.catsat.com\/fr\/donnees-oceanographiques\/altmietrie-oceans\/","url":"https:\/\/www.catsat.com\/fr\/donnees-oceanographiques\/altmietrie-oceans\/","name":"Comprendre la dynamique des oc\u00e9ans - CATSAT","isPartOf":{"@id":"https:\/\/www.catsat.com\/fr\/#website"},"datePublished":"2016-02-24T14:52:49+00:00","dateModified":"2025-07-31T12:52:08+00:00","breadcrumb":{"@id":"https:\/\/www.catsat.com\/fr\/donnees-oceanographiques\/altmietrie-oceans\/#breadcrumb"},"inLanguage":"fr-FR","potentialAction":[{"@type":"ReadAction","target":["https:\/\/www.catsat.com\/fr\/donnees-oceanographiques\/altmietrie-oceans\/"]}]},{"@type":"BreadcrumbList","@id":"https:\/\/www.catsat.com\/fr\/donnees-oceanographiques\/altmietrie-oceans\/#breadcrumb","itemListElement":[{"@type":"ListItem","position":1,"name":"Accueil","item":"https:\/\/www.catsat.com\/fr\/"},{"@type":"ListItem","position":2,"name":"Donn\u00e9es oc\u00e9anographiques","item":"https:\/\/www.catsat.com\/fr\/donnees-oceanographiques\/"},{"@type":"ListItem","position":3,"name":"Comprendre la dynamique des oc\u00e9ans"}]},{"@type":"WebSite","@id":"https:\/\/www.catsat.com\/fr\/#website","url":"https:\/\/www.catsat.com\/fr\/","name":"CATSAT","description":"Fishing Software","publisher":{"@id":"https:\/\/www.catsat.com\/fr\/#organization"},"potentialAction":[{"@type":"SearchAction","target":{"@type":"EntryPoint","urlTemplate":"https:\/\/www.catsat.com\/fr\/?s={search_term_string}"},"query-input":{"@type":"PropertyValueSpecification","valueRequired":true,"valueName":"search_term_string"}}],"inLanguage":"fr-FR"},{"@type":"Organization","@id":"https:\/\/www.catsat.com\/fr\/#organization","name":"Catsat","url":"https:\/\/www.catsat.com\/fr\/","logo":{"@type":"ImageObject","inLanguage":"fr-FR","@id":"https:\/\/www.catsat.com\/fr\/#\/schema\/logo\/image\/","url":"https:\/\/www.catsat.com\/wp-content\/uploads\/2015\/08\/Logo-CATSAT1.png","contentUrl":"https:\/\/www.catsat.com\/wp-content\/uploads\/2015\/08\/Logo-CATSAT1.png","width":993,"height":687,"caption":"Catsat"},"image":{"@id":"https:\/\/www.catsat.com\/fr\/#\/schema\/logo\/image\/"}}]}},"_links":{"self":[{"href":"https:\/\/www.catsat.com\/fr\/wp-json\/wp\/v2\/pages\/2294","targetHints":{"allow":["GET"]}}],"collection":[{"href":"https:\/\/www.catsat.com\/fr\/wp-json\/wp\/v2\/pages"}],"about":[{"href":"https:\/\/www.catsat.com\/fr\/wp-json\/wp\/v2\/types\/page"}],"author":[{"embeddable":true,"href":"https:\/\/www.catsat.com\/fr\/wp-json\/wp\/v2\/users\/2"}],"replies":[{"embeddable":true,"href":"https:\/\/www.catsat.com\/fr\/wp-json\/wp\/v2\/comments?post=2294"}],"version-history":[{"count":13,"href":"https:\/\/www.catsat.com\/fr\/wp-json\/wp\/v2\/pages\/2294\/revisions"}],"predecessor-version":[{"id":3198,"href":"https:\/\/www.catsat.com\/fr\/wp-json\/wp\/v2\/pages\/2294\/revisions\/3198"}],"up":[{"embeddable":true,"href":"https:\/\/www.catsat.com\/fr\/wp-json\/wp\/v2\/pages\/2292"}],"wp:attachment":[{"href":"https:\/\/www.catsat.com\/fr\/wp-json\/wp\/v2\/media?parent=2294"}],"curies":[{"name":"wp","href":"https:\/\/api.w.org\/{rel}","templated":true}]}}