{"id":2290,"date":"2016-02-24T14:32:24","date_gmt":"2016-02-24T14:32:24","guid":{"rendered":"https:\/\/www.catsat.com\/fr\/?page_id=2290"},"modified":"2025-07-31T12:49:54","modified_gmt":"2025-07-31T12:49:54","slug":"catsat","status":"publish","type":"page","link":"https:\/\/www.catsat.com\/fr\/catsat\/","title":{"rendered":"A propos de CATSAT"},"content":{"rendered":"<div class=\"wpb-content-wrapper\"><p>[vc_row][vc_column width=\u00a0\u00bb1\/2&Prime;][vc_column_text]<\/p>\n<h2>CATSAT est un outil d&rsquo;aide \u00e0 la prise de d\u00e9cision pour les p\u00eacheurs\u00a0professionnels sp\u00e9cialis\u00e9s dans les esp\u00e8ces p\u00e9lagiques.<\/h2>\n<p>[\/vc_column_text][vc_text_separator title=\u00a0\u00bbPlus de 40 produits de donn\u00e9es oc\u00e9anographiques de pointe valid\u00e9s scientifiquement.\u00a0\u00bb color=\u00a0\u00bbwhite\u00a0\u00bb style=\u00a0\u00bbdashed\u00a0\u00bb][\/vc_column][vc_column width=\u00a0\u00bb1\/2&Prime;][vc_tour interval=\u00a0\u00bb3&Prime;][vc_tab title=\u00a0\u00bbIntelligente\u00a0\u00bb tab_id=\u00a0\u00bb1411467135-1-39e721-d5f17284-8fdd\u00a0\u00bb][vc_row_inner][vc_column_inner][vc_column_text css_animation=\u00a0\u00bbbottom-to-top\u00a0\u00bb]<\/p>\n<h3>Les meilleures connaissances disponibles sur l&rsquo;\u00e9tat des oc\u00e9ans, de la surface jusqu&rsquo;au fond des oc\u00e9ans.<\/h3>\n<p>[\/vc_column_text][\/vc_column_inner][\/vc_row_inner][\/vc_tab][vc_tab title=\u00a0\u00bbS\u00fbre\u00a0\u00bb tab_id=\u00a0\u00bb1411467135-2-95e721-d5f17284-8fdd\u00a0\u00bb][vc_row_inner][vc_column_inner][vc_column_text css_animation=\u00a0\u00bbbottom-to-top\u00a0\u00bb]<\/p>\n<h3>Nos bulletins m\u00e9t\u00e9o sont d&rsquo;une aide pr\u00e9cieuse pour la planification de vos op\u00e9rations quelque soient les conditions m\u00e9t\u00e9orologiques environnantes.<\/h3>\n<p>[\/vc_column_text][\/vc_column_inner][\/vc_row_inner][\/vc_tab][vc_tab title=\u00a0\u00bbRapide\u00a0\u00bb tab_id=\u00a0\u00bb1440522046759-2-5&Prime;][vc_row_inner][vc_column_inner][vc_column_text css_animation=\u00a0\u00bbbottom-to-top\u00a0\u00bb]<\/p>\n<h3>Optimiser votre temps de recherche et \u00e9conomiser votre fuel.<\/h3>\n<p>[\/vc_column_text][\/vc_column_inner][\/vc_row_inner][\/vc_tab][vc_tab title=\u00a0\u00bbOptimale\u00a0\u00bb tab_id=\u00a0\u00bb1440522055030-3-0&Prime;][vc_row_inner][vc_column_inner][vc_column_text css_animation=\u00a0\u00bbbottom-to-top\u00a0\u00bb]<\/p>\n<h3>Ne lancez pas vos\u00a0op\u00e9rations de p\u00eache au\u00a0hasard. prenez les\u00a0meilleures d\u00e9cisions\u00a0sur la base des\u00a0conditions r\u00e9elles de\u00a0l&rsquo;oc\u00e9an.<\/h3>\n<p>[\/vc_column_text][\/vc_column_inner][\/vc_row_inner][\/vc_tab][\/vc_tour][\/vc_column][\/vc_row][vc_row css=\u00a0\u00bb.vc_custom_1620836378958{padding-top: 40px !important;}\u00a0\u00bb][vc_column width=\u00a0\u00bb1\/4&Prime;][vc_custom_heading text=\u00a0\u00bbComprendre la dynamique des oc\u00e9ans\u00a0\u00bb font_container=\u00a0\u00bbtag:h2|text_align:center\u00a0\u00bb use_theme_fonts=\u00a0\u00bbyes\u00a0\u00bb css_animation=\u00a0\u00bbappear\u00a0\u00bb][vc_single_image image=\u00a0\u00bb1819&Prime; img_size=\u00a0\u00bb80*60&Prime; alignment=\u00a0\u00bbcenter\u00a0\u00bb style=\u00a0\u00bbvc_box_shadow_border_circle_2&Prime; onclick=\u00a0\u00bbimg_link_large\u00a0\u00bb css_animation=\u00a0\u00bbappear\u00a0\u00bb][vc_column_text]<\/p>\n<p style=\"text-align: center;\">Altim\u00e9trie haute r\u00e9solution<\/p>\n<p>[\/vc_column_text][vc_btn title=\u00a0\u00bbVoir plus\u00a0\u00bb style=\u00a0\u00bbflat\u00a0\u00bb color=\u00a0\u00bbsky\u00a0\u00bb align=\u00a0\u00bbcenter\u00a0\u00bb i_align=\u00a0\u00bbright\u00a0\u00bb i_icon_fontawesome=\u00a0\u00bbfas fa-chevron-right\u00a0\u00bb add_icon=\u00a0\u00bbtrue\u00a0\u00bb link=\u00a0\u00bburl:https%3A%2F%2Fwww.catsat.com%2Ffr%2Fdonnees-oceanographiques%2Faltmietrie-oceans%2F||\u00a0\u00bb][\/vc_column][vc_column width=\u00a0\u00bb1\/4&Prime;][vc_custom_heading text=\u00a0\u00bbRechercher la bonne temp\u00e9rature\u00a0\u00bb font_container=\u00a0\u00bbtag:h2|text_align:center\u00a0\u00bb use_theme_fonts=\u00a0\u00bbyes\u00a0\u00bb css_animation=\u00a0\u00bbappear\u00a0\u00bb][vc_single_image image=\u00a0\u00bb1851&Prime; img_size=\u00a0\u00bb80*60&Prime; alignment=\u00a0\u00bbcenter\u00a0\u00bb style=\u00a0\u00bbvc_box_shadow_border_circle_2&Prime; onclick=\u00a0\u00bbimg_link_large\u00a0\u00bb css_animation=\u00a0\u00bbappear\u00a0\u00bb][vc_column_text]<\/p>\n<p style=\"text-align: center;\">Surface de la mer (SST)<\/p>\n<p>[\/vc_column_text][vc_btn title=\u00a0\u00bbVoir plus\u00a0\u00bb style=\u00a0\u00bbflat\u00a0\u00bb color=\u00a0\u00bbsky\u00a0\u00bb align=\u00a0\u00bbcenter\u00a0\u00bb i_align=\u00a0\u00bbright\u00a0\u00bb i_icon_fontawesome=\u00a0\u00bbfas fa-chevron-right\u00a0\u00bb add_icon=\u00a0\u00bbtrue\u00a0\u00bb link=\u00a0\u00bburl:https%3A%2F%2Fwww.catsat.com%2Ffr%2Fdonnees-oceanographiques%2Ftemperature-mers-sst%2F||\u00a0\u00bb][\/vc_column][vc_column width=\u00a0\u00bb1\/4&Prime;][vc_custom_heading text=\u00a0\u00bbSuivre<br \/>\nla d\u00e9rive du plancton\u00a0\u00bb font_container=\u00a0\u00bbtag:h2|text_align:center\u00a0\u00bb use_theme_fonts=\u00a0\u00bbyes\u00a0\u00bb css_animation=\u00a0\u00bbappear\u00a0\u00bb][vc_single_image image=\u00a0\u00bb1839&Prime; img_size=\u00a0\u00bb80*60&Prime; alignment=\u00a0\u00bbcenter\u00a0\u00bb style=\u00a0\u00bbvc_box_shadow_border_circle_2&Prime; onclick=\u00a0\u00bbimg_link_large\u00a0\u00bb css_animation=\u00a0\u00bbappear\u00a0\u00bb][vc_column_text]<\/p>\n<p style=\"text-align: center;\">Avec les cartes du plancton<\/p>\n<p>[\/vc_column_text][vc_btn title=\u00a0\u00bbVoir plus\u00a0\u00bb style=\u00a0\u00bbflat\u00a0\u00bb color=\u00a0\u00bbsky\u00a0\u00bb align=\u00a0\u00bbcenter\u00a0\u00bb i_align=\u00a0\u00bbright\u00a0\u00bb i_icon_fontawesome=\u00a0\u00bbfas fa-chevron-right\u00a0\u00bb add_icon=\u00a0\u00bbtrue\u00a0\u00bb link=\u00a0\u00bburl:https%3A%2F%2Fwww.catsat.com%2Ffr%2Fdonnees-oceanographiques%2Fcartes-derive-plancton%2F||\u00a0\u00bb][\/vc_column][vc_column width=\u00a0\u00bb1\/4&Prime;][vc_custom_heading text=\u00a0\u00bbS\u00e9curisez vos campagnes de p\u00eache\u00a0\u00bb font_container=\u00a0\u00bbtag:h2|text_align:center\u00a0\u00bb use_theme_fonts=\u00a0\u00bbyes\u00a0\u00bb css_animation=\u00a0\u00bbappear\u00a0\u00bb][vc_single_image image=\u00a0\u00bb2022&Prime; img_size=\u00a0\u00bb80*60&Prime; alignment=\u00a0\u00bbcenter\u00a0\u00bb style=\u00a0\u00bbvc_box_shadow_border_circle_2&Prime; onclick=\u00a0\u00bbimg_link_large\u00a0\u00bb css_animation=\u00a0\u00bbappear\u00a0\u00bb][vc_column_text]<\/p>\n<p style=\"text-align: center;\">Informations m\u00e9t\u00e9orologiques<\/p>\n<p>[\/vc_column_text][vc_btn title=\u00a0\u00bbVoir plus\u00a0\u00bb style=\u00a0\u00bbflat\u00a0\u00bb color=\u00a0\u00bbsky\u00a0\u00bb align=\u00a0\u00bbcenter\u00a0\u00bb i_align=\u00a0\u00bbright\u00a0\u00bb i_icon_fontawesome=\u00a0\u00bbfas fa-chevron-right\u00a0\u00bb add_icon=\u00a0\u00bbtrue\u00a0\u00bb link=\u00a0\u00bburl:https%3A%2F%2Fwww.catsat.com%2Ffr%2Fdonnees-oceanographiques%2Fpecher-en-securite%2F||\u00a0\u00bb][\/vc_column][\/vc_row][vc_row css=\u00a0\u00bb.vc_custom_1620836512358{padding-top: 40px !important;}\u00a0\u00bb][vc_column width=\u00a0\u00bb1\/2&Prime;][vc_empty_space height=\u00a0\u00bb15px\u00a0\u00bb][vc_column_text]<\/p>\n<h2>Les missions de CATSAT<\/h2>\n<p>[\/vc_column_text][vc_column_text]Aider les p\u00eacheurs \u00e0 <strong>optimiser leurs campagnes de p\u00eache<\/strong> en leur fournissant des donn\u00e9es oc\u00e9anographiques tr\u00e8s pr\u00e9cises et des\u00a0informations de m\u00e9t\u00e9orologie marine en \u00ab temps quasi r\u00e9el \u00bb directement \u00e0 bord des navires de p\u00eache.<\/p>\n<ul>\n<li><strong>Guide\u00a0<\/strong>op\u00e9rationnel<\/li>\n<li><strong>S\u00e9curit\u00e9 <\/strong>des \u00e9quipes<\/li>\n<li><strong>Gestion<\/strong>\u00a0optimis\u00e9e<\/li>\n<\/ul>\n<p>[\/vc_column_text][vc_btn title=\u00a0\u00bbNous contacter\u00a0\u00bb style=\u00a0\u00bbflat\u00a0\u00bb color=\u00a0\u00bbsky\u00a0\u00bb align=\u00a0\u00bbcenter\u00a0\u00bb i_align=\u00a0\u00bbright\u00a0\u00bb i_icon_fontawesome=\u00a0\u00bbfas fa-chevron-right\u00a0\u00bb add_icon=\u00a0\u00bbtrue\u00a0\u00bb link=\u00a0\u00bburl:https%3A%2F%2Fwww.catsat.com%2Ffr%2Fcontact%2F|title:Contact\u00a0\u00bb][\/vc_column][vc_column width=\u00a0\u00bb1\/2&Prime;][vc_empty_space height=\u00a0\u00bb15px\u00a0\u00bb][layerslider_vc id=\u00a0\u00bb12&Prime;][\/vc_column][\/vc_row][vc_row][vc_column][\/vc_column][\/vc_row]<\/p>\n<\/div>","protected":false},"excerpt":{"rendered":"<p>[vc_row][vc_column width=\u00a0\u00bb1\/2&Prime;][vc_column_text] CATSAT est un outil d&rsquo;aide \u00e0 la prise de d\u00e9cision pour les p\u00eacheurs\u00a0professionnels sp\u00e9cialis\u00e9s dans les esp\u00e8ces p\u00e9lagiques. [\/vc_column_text][vc_text_separator title=\u00a0\u00bbPlus de 40 produits de donn\u00e9es oc\u00e9anographiques de pointe valid\u00e9s scientifiquement.\u00a0\u00bb color=\u00a0\u00bbwhite\u00a0\u00bb style=\u00a0\u00bbdashed\u00a0\u00bb][\/vc_column][vc_column width=\u00a0\u00bb1\/2&Prime;][vc_tour interval=\u00a0\u00bb3&Prime;][vc_tab title=\u00a0\u00bbIntelligente\u00a0\u00bb tab_id=\u00a0\u00bb1411467135-1-39e721-d5f17284-8fdd\u00a0\u00bb][vc_row_inner][vc_column_inner][vc_column_text css_animation=\u00a0\u00bbbottom-to-top\u00a0\u00bb] Les meilleures connaissances disponibles sur l&rsquo;\u00e9tat des oc\u00e9ans, de la surface jusqu&rsquo;au fond des oc\u00e9ans. [\/vc_column_text][\/vc_column_inner][\/vc_row_inner][\/vc_tab][vc_tab<\/p>\n","protected":false},"author":2,"featured_media":0,"parent":0,"menu_order":2,"comment_status":"closed","ping_status":"closed","template":"","meta":{"footnotes":""},"class_list":["post-2290","page","type-page","status-publish","hentry"],"yoast_head":"<!-- This site is optimized with the Yoast SEO plugin v27.2 - https:\/\/yoast.com\/product\/yoast-seo-wordpress\/ -->\n<title>A propos de CATSAT - CATSAT<\/title>\n<meta name=\"robots\" content=\"index, follow, max-snippet:-1, max-image-preview:large, max-video-preview:-1\" \/>\n<link rel=\"canonical\" href=\"https:\/\/www.catsat.com\/fr\/catsat\/\" \/>\n<meta property=\"og:locale\" content=\"fr_FR\" \/>\n<meta property=\"og:type\" content=\"article\" \/>\n<meta property=\"og:title\" content=\"A propos de CATSAT - CATSAT\" \/>\n<meta property=\"og:description\" content=\"[vc_row][vc_column width=\u00a0\u00bb1\/2&Prime;][vc_column_text] CATSAT est un outil d&rsquo;aide \u00e0 la prise de d\u00e9cision pour les p\u00eacheurs\u00a0professionnels sp\u00e9cialis\u00e9s dans les esp\u00e8ces p\u00e9lagiques. [\/vc_column_text][vc_text_separator title=\u00a0\u00bbPlus de 40 produits de donn\u00e9es oc\u00e9anographiques de pointe valid\u00e9s scientifiquement.\u00a0\u00bb color=\u00a0\u00bbwhite\u00a0\u00bb style=\u00a0\u00bbdashed\u00a0\u00bb][\/vc_column][vc_column width=\u00a0\u00bb1\/2&Prime;][vc_tour interval=\u00a0\u00bb3&Prime;][vc_tab title=\u00a0\u00bbIntelligente\u00a0\u00bb tab_id=\u00a0\u00bb1411467135-1-39e721-d5f17284-8fdd\u00a0\u00bb][vc_row_inner][vc_column_inner][vc_column_text css_animation=\u00a0\u00bbbottom-to-top\u00a0\u00bb] Les meilleures connaissances disponibles sur l&rsquo;\u00e9tat des oc\u00e9ans, de la surface jusqu&rsquo;au fond des oc\u00e9ans. [\/vc_column_text][\/vc_column_inner][\/vc_row_inner][\/vc_tab][vc_tab\" \/>\n<meta property=\"og:url\" content=\"https:\/\/www.catsat.com\/fr\/catsat\/\" \/>\n<meta property=\"og:site_name\" content=\"CATSAT\" \/>\n<meta property=\"article:modified_time\" content=\"2025-07-31T12:49:54+00:00\" \/>\n<meta name=\"twitter:card\" content=\"summary_large_image\" \/>\n<meta name=\"twitter:label1\" content=\"Dur\u00e9e de lecture estim\u00e9e\" \/>\n\t<meta name=\"twitter:data1\" content=\"2 minutes\" \/>\n<script type=\"application\/ld+json\" class=\"yoast-schema-graph\">{\"@context\":\"https:\/\/schema.org\",\"@graph\":[{\"@type\":[\"WebPage\",\"AboutPage\"],\"@id\":\"https:\/\/www.catsat.com\/fr\/catsat\/\",\"url\":\"https:\/\/www.catsat.com\/fr\/catsat\/\",\"name\":\"A propos de CATSAT - CATSAT\",\"isPartOf\":{\"@id\":\"https:\/\/www.catsat.com\/fr\/#website\"},\"datePublished\":\"2016-02-24T14:32:24+00:00\",\"dateModified\":\"2025-07-31T12:49:54+00:00\",\"breadcrumb\":{\"@id\":\"https:\/\/www.catsat.com\/fr\/catsat\/#breadcrumb\"},\"inLanguage\":\"fr-FR\",\"potentialAction\":[{\"@type\":\"ReadAction\",\"target\":[\"https:\/\/www.catsat.com\/fr\/catsat\/\"]}]},{\"@type\":\"BreadcrumbList\",\"@id\":\"https:\/\/www.catsat.com\/fr\/catsat\/#breadcrumb\",\"itemListElement\":[{\"@type\":\"ListItem\",\"position\":1,\"name\":\"Accueil\",\"item\":\"https:\/\/www.catsat.com\/fr\/\"},{\"@type\":\"ListItem\",\"position\":2,\"name\":\"A propos de CATSAT\"}]},{\"@type\":\"WebSite\",\"@id\":\"https:\/\/www.catsat.com\/fr\/#website\",\"url\":\"https:\/\/www.catsat.com\/fr\/\",\"name\":\"CATSAT\",\"description\":\"Fishing Software\",\"publisher\":{\"@id\":\"https:\/\/www.catsat.com\/fr\/#organization\"},\"potentialAction\":[{\"@type\":\"SearchAction\",\"target\":{\"@type\":\"EntryPoint\",\"urlTemplate\":\"https:\/\/www.catsat.com\/fr\/?s={search_term_string}\"},\"query-input\":{\"@type\":\"PropertyValueSpecification\",\"valueRequired\":true,\"valueName\":\"search_term_string\"}}],\"inLanguage\":\"fr-FR\"},{\"@type\":\"Organization\",\"@id\":\"https:\/\/www.catsat.com\/fr\/#organization\",\"name\":\"Catsat\",\"url\":\"https:\/\/www.catsat.com\/fr\/\",\"logo\":{\"@type\":\"ImageObject\",\"inLanguage\":\"fr-FR\",\"@id\":\"https:\/\/www.catsat.com\/fr\/#\/schema\/logo\/image\/\",\"url\":\"https:\/\/www.catsat.com\/wp-content\/uploads\/2015\/08\/Logo-CATSAT1.png\",\"contentUrl\":\"https:\/\/www.catsat.com\/wp-content\/uploads\/2015\/08\/Logo-CATSAT1.png\",\"width\":993,\"height\":687,\"caption\":\"Catsat\"},\"image\":{\"@id\":\"https:\/\/www.catsat.com\/fr\/#\/schema\/logo\/image\/\"}}]}<\/script>\n<!-- \/ Yoast SEO plugin. -->","yoast_head_json":{"title":"A propos de CATSAT - CATSAT","robots":{"index":"index","follow":"follow","max-snippet":"max-snippet:-1","max-image-preview":"max-image-preview:large","max-video-preview":"max-video-preview:-1"},"canonical":"https:\/\/www.catsat.com\/fr\/catsat\/","og_locale":"fr_FR","og_type":"article","og_title":"A propos de CATSAT - CATSAT","og_description":"[vc_row][vc_column width=\u00a0\u00bb1\/2&Prime;][vc_column_text] CATSAT est un outil d&rsquo;aide \u00e0 la prise de d\u00e9cision pour les p\u00eacheurs\u00a0professionnels sp\u00e9cialis\u00e9s dans les esp\u00e8ces p\u00e9lagiques. [\/vc_column_text][vc_text_separator title=\u00a0\u00bbPlus de 40 produits de donn\u00e9es oc\u00e9anographiques de pointe valid\u00e9s scientifiquement.\u00a0\u00bb color=\u00a0\u00bbwhite\u00a0\u00bb style=\u00a0\u00bbdashed\u00a0\u00bb][\/vc_column][vc_column width=\u00a0\u00bb1\/2&Prime;][vc_tour interval=\u00a0\u00bb3&Prime;][vc_tab title=\u00a0\u00bbIntelligente\u00a0\u00bb tab_id=\u00a0\u00bb1411467135-1-39e721-d5f17284-8fdd\u00a0\u00bb][vc_row_inner][vc_column_inner][vc_column_text css_animation=\u00a0\u00bbbottom-to-top\u00a0\u00bb] Les meilleures connaissances disponibles sur l&rsquo;\u00e9tat des oc\u00e9ans, de la surface jusqu&rsquo;au fond des oc\u00e9ans. [\/vc_column_text][\/vc_column_inner][\/vc_row_inner][\/vc_tab][vc_tab","og_url":"https:\/\/www.catsat.com\/fr\/catsat\/","og_site_name":"CATSAT","article_modified_time":"2025-07-31T12:49:54+00:00","twitter_card":"summary_large_image","twitter_misc":{"Dur\u00e9e de lecture estim\u00e9e":"2 minutes"},"schema":{"@context":"https:\/\/schema.org","@graph":[{"@type":["WebPage","AboutPage"],"@id":"https:\/\/www.catsat.com\/fr\/catsat\/","url":"https:\/\/www.catsat.com\/fr\/catsat\/","name":"A propos de CATSAT - CATSAT","isPartOf":{"@id":"https:\/\/www.catsat.com\/fr\/#website"},"datePublished":"2016-02-24T14:32:24+00:00","dateModified":"2025-07-31T12:49:54+00:00","breadcrumb":{"@id":"https:\/\/www.catsat.com\/fr\/catsat\/#breadcrumb"},"inLanguage":"fr-FR","potentialAction":[{"@type":"ReadAction","target":["https:\/\/www.catsat.com\/fr\/catsat\/"]}]},{"@type":"BreadcrumbList","@id":"https:\/\/www.catsat.com\/fr\/catsat\/#breadcrumb","itemListElement":[{"@type":"ListItem","position":1,"name":"Accueil","item":"https:\/\/www.catsat.com\/fr\/"},{"@type":"ListItem","position":2,"name":"A propos de CATSAT"}]},{"@type":"WebSite","@id":"https:\/\/www.catsat.com\/fr\/#website","url":"https:\/\/www.catsat.com\/fr\/","name":"CATSAT","description":"Fishing Software","publisher":{"@id":"https:\/\/www.catsat.com\/fr\/#organization"},"potentialAction":[{"@type":"SearchAction","target":{"@type":"EntryPoint","urlTemplate":"https:\/\/www.catsat.com\/fr\/?s={search_term_string}"},"query-input":{"@type":"PropertyValueSpecification","valueRequired":true,"valueName":"search_term_string"}}],"inLanguage":"fr-FR"},{"@type":"Organization","@id":"https:\/\/www.catsat.com\/fr\/#organization","name":"Catsat","url":"https:\/\/www.catsat.com\/fr\/","logo":{"@type":"ImageObject","inLanguage":"fr-FR","@id":"https:\/\/www.catsat.com\/fr\/#\/schema\/logo\/image\/","url":"https:\/\/www.catsat.com\/wp-content\/uploads\/2015\/08\/Logo-CATSAT1.png","contentUrl":"https:\/\/www.catsat.com\/wp-content\/uploads\/2015\/08\/Logo-CATSAT1.png","width":993,"height":687,"caption":"Catsat"},"image":{"@id":"https:\/\/www.catsat.com\/fr\/#\/schema\/logo\/image\/"}}]}},"_links":{"self":[{"href":"https:\/\/www.catsat.com\/fr\/wp-json\/wp\/v2\/pages\/2290","targetHints":{"allow":["GET"]}}],"collection":[{"href":"https:\/\/www.catsat.com\/fr\/wp-json\/wp\/v2\/pages"}],"about":[{"href":"https:\/\/www.catsat.com\/fr\/wp-json\/wp\/v2\/types\/page"}],"author":[{"embeddable":true,"href":"https:\/\/www.catsat.com\/fr\/wp-json\/wp\/v2\/users\/2"}],"replies":[{"embeddable":true,"href":"https:\/\/www.catsat.com\/fr\/wp-json\/wp\/v2\/comments?post=2290"}],"version-history":[{"count":12,"href":"https:\/\/www.catsat.com\/fr\/wp-json\/wp\/v2\/pages\/2290\/revisions"}],"predecessor-version":[{"id":3199,"href":"https:\/\/www.catsat.com\/fr\/wp-json\/wp\/v2\/pages\/2290\/revisions\/3199"}],"wp:attachment":[{"href":"https:\/\/www.catsat.com\/fr\/wp-json\/wp\/v2\/media?parent=2290"}],"curies":[{"name":"wp","href":"https:\/\/api.w.org\/{rel}","templated":true}]}}