{"id":2284,"date":"2016-02-24T14:15:16","date_gmt":"2016-02-24T14:15:16","guid":{"rendered":"https:\/\/www.catsat.com\/fr\/?page_id=2284"},"modified":"2025-09-11T08:58:02","modified_gmt":"2025-09-11T08:58:02","slug":"home","status":"publish","type":"page","link":"https:\/\/www.catsat.com\/fr\/","title":{"rendered":"Accueil"},"content":{"rendered":"<div class=\"wpb-content-wrapper\"><p>[vc_row full_width=\u00a0\u00bbstretch_row_content_no_spaces\u00a0\u00bb full_height=\u00a0\u00bbyes\u00a0\u00bb gmbt_prlx_bg_type=\u00a0\u00bbparallax\u00a0\u00bb gmbt_prlx_break_parents=\u00a0\u00bb0&Prime; gmbt_prlx_smooth_scrolling=\u00a0\u00bb\u00a0\u00bb gmbt_prlx_video_mute=\u00a0\u00bb\u00a0\u00bb gmbt_prlx_video_force_hd=\u00a0\u00bb\u00a0\u00bb gmbt_prlx_opacity=\u00a0\u00bb100&Prime; gmbt_prlx_video_aspect_ratio=\u00a0\u00bb16:9&Prime; gmbt_prlx_parallax=\u00a0\u00bbnone\u00a0\u00bb gmbt_prlx_speed=\u00a0\u00bb0.3&Prime; gmbt_prlx_enable_mobile=\u00a0\u00bb\u00a0\u00bb parallax_speed=\u00a0\u00bb0.3&Prime; el_class=\u00a0\u00bbconstruction_slider\u00a0\u00bb css=\u00a0\u00bb.vc_custom_1621321546612{margin-bottom: 0px !important;}\u00a0\u00bb][vc_column offset=\u00a0\u00bbvc_hidden-xs\u00a0\u00bb css=\u00a0\u00bb.vc_custom_1440516516495{padding-top: 0px !important;padding-bottom: 0px !important;}\u00a0\u00bb][layerslider_vc id=\u00a0\u00bb11&Prime;][\/vc_column][\/vc_row][vc_row][vc_column][vc_column_text css=\u00a0\u00bb\u00a0\u00bb]<\/p>\n<div class=\"vc_call_to_action wpb_content_element vc_cta_btn_pos_bottom vc_cta_square vc_txt_align_center stretch clearfix\">\n<h4 class=\"wpb_heading\">Un outil d&rsquo;aide \u00e0 la prise de d\u00e9cision pour les p\u00eacheurs professionnels<\/h4>\n<div class=\"vc_button-2-wrapper\"><a class=\"vc_btn vc_cta_btn\" title=\"Contact\" href=\"https:\/\/www.catsat.com\/fr\/contact\/\" target=\"_self\" rel=\"noopener\">Contactez-nous<\/a><\/div>\n<\/div>\n<p>[\/vc_column_text][\/vc_column][\/vc_row][vc_row css=\u00a0\u00bb.vc_custom_1440516698180{margin-bottom: -50px !important;padding-top: 60px !important;padding-bottom: 38px !important;}\u00a0\u00bb parallax_speed=\u00a0\u00bb0.3&Prime;][vc_column width=\u00a0\u00bb1\/3&Prime;][stm_icon_box icon=\u00a0\u00bbfa fa-bullseye\u00a0\u00bb style=\u00a0\u00bbicon_left\u00a0\u00bb icon_size=\u00a0\u00bb45&Prime; title=\u00a0\u00bbSTRATEGIE\u00a0\u00bb]L&rsquo;interface CATSAT int\u00e8gre la flotte, les balises, la surveillance mobile, les donn\u00e9es de d\u00e9claration des prises et\u00a0la navigation avanc\u00e9e.[\/stm_icon_box][\/vc_column][vc_column width=\u00a0\u00bb1\/3&Prime;][stm_icon_box icon=\u00a0\u00bbstm-checkmark_1&Prime; style=\u00a0\u00bbicon_left\u00a0\u00bb icon_size=\u00a0\u00bb45&Prime; title=\u00a0\u00bbFIABILITE\u00a0\u00bb]Les meilleures donn\u00e9es oc\u00e9anographiques et m\u00e9t\u00e9orologiques haute qualit\u00e9 et haute r\u00e9solution du march\u00e9,\u00a0mises \u00e0 jour quotidiennement et disponibles 365 jours\/an, 24\/7.[\/stm_icon_box][\/vc_column][vc_column width=\u00a0\u00bb1\/3&Prime;][stm_icon_box icon=\u00a0\u00bbstm-shield\u00a0\u00bb style=\u00a0\u00bbicon_left\u00a0\u00bb icon_size=\u00a0\u00bb45&Prime; title=\u00a0\u00bbSECURITE\u00a0\u00bb]La confidentialit\u00e9 et la s\u00e9curit\u00e9 des informations ont toujours \u00e9t\u00e9 des priorit\u00e9s pour nous. De votre navire \u00e0\u00a0votre bureau, toutes les donn\u00e9es sont transmises en toute s\u00e9curit\u00e9.[\/stm_icon_box][\/vc_column][\/vc_row][vc_row css=\u00a0\u00bb.vc_custom_1440516698180{margin-bottom: -50px !important;padding-top: 60px !important;padding-bottom: 38px !important;}\u00a0\u00bb parallax_speed=\u00a0\u00bb0.3&Prime;][vc_column width=\u00a0\u00bb1\/3&Prime;][stm_icon_box icon=\u00a0\u00bbstm-like\u00a0\u00bb style=\u00a0\u00bbicon_left\u00a0\u00bb icon_size=\u00a0\u00bb45&Prime; title=\u00a0\u00bbSIMPLICITE\u00a0\u00bb]T\u00e9l\u00e9chargement de donn\u00e9es compress\u00e9es pour r\u00e9duire le co\u00fbt des communications par satellite et s\u00e9lection flexible des donn\u00e9es.[\/stm_icon_box][\/vc_column][vc_column width=\u00a0\u00bb1\/3&Prime;][stm_icon_box icon=\u00a0\u00bbstm-builder-2&Prime; style=\u00a0\u00bbicon_left\u00a0\u00bb icon_size=\u00a0\u00bb45&Prime; title=\u00a0\u00bbCONVIVIALITE\u00a0\u00bb]Ventes et support technique de renomm\u00e9e mondiale, formation incluse, des experts en p\u00eacheries vous conseillent\u00a07\/7.[\/stm_icon_box][\/vc_column][vc_column width=\u00a0\u00bb1\/3&Prime;][stm_icon_box icon=\u00a0\u00bbfa fa-regular fa-comment\u00a0\u00bb style=\u00a0\u00bbicon_left\u00a0\u00bb icon_size=\u00a0\u00bb45&Prime; title=\u00a0\u00bbLANGAGES\u00a0\u00bb]CATSAT\u00a0existe dans les langues suivantes :\u00a0Anglais,\u00a0Fran\u00e7ais,\u00a0Espagnol,\u00a0Russe,\u00a0Ta\u00efwanais,\u00a0Japonais,\u00a0Cor\u00e9en,\u00a0Portugais.[\/stm_icon_box][\/vc_column][\/vc_row]<\/p>\n<\/div>","protected":false},"excerpt":{"rendered":"<p>[vc_row full_width=\u00a0\u00bbstretch_row_content_no_spaces\u00a0\u00bb full_height=\u00a0\u00bbyes\u00a0\u00bb gmbt_prlx_bg_type=\u00a0\u00bbparallax\u00a0\u00bb gmbt_prlx_break_parents=\u00a0\u00bb0&Prime; gmbt_prlx_smooth_scrolling=\u00a0\u00bb\u00a0\u00bb gmbt_prlx_video_mute=\u00a0\u00bb\u00a0\u00bb gmbt_prlx_video_force_hd=\u00a0\u00bb\u00a0\u00bb gmbt_prlx_opacity=\u00a0\u00bb100&Prime; gmbt_prlx_video_aspect_ratio=\u00a0\u00bb16:9&Prime; gmbt_prlx_parallax=\u00a0\u00bbnone\u00a0\u00bb gmbt_prlx_speed=\u00a0\u00bb0.3&Prime; gmbt_prlx_enable_mobile=\u00a0\u00bb\u00a0\u00bb parallax_speed=\u00a0\u00bb0.3&Prime; el_class=\u00a0\u00bbconstruction_slider\u00a0\u00bb css=\u00a0\u00bb.vc_custom_1621321546612{margin-bottom: 0px !important;}\u00a0\u00bb][vc_column offset=\u00a0\u00bbvc_hidden-xs\u00a0\u00bb css=\u00a0\u00bb.vc_custom_1440516516495{padding-top: 0px !important;padding-bottom: 0px !important;}\u00a0\u00bb][layerslider_vc id=\u00a0\u00bb11&Prime;][\/vc_column][\/vc_row][vc_row][vc_column][vc_column_text css=\u00a0\u00bb\u00a0\u00bb] Un outil d&rsquo;aide \u00e0 la prise de d\u00e9cision pour les p\u00eacheurs professionnels Contactez-nous [\/vc_column_text][\/vc_column][\/vc_row][vc_row css=\u00a0\u00bb.vc_custom_1440516698180{margin-bottom: -50px !important;padding-top: 60px !important;padding-bottom: 38px !important;}\u00a0\u00bb parallax_speed=\u00a0\u00bb0.3&Prime;][vc_column width=\u00a0\u00bb1\/3&Prime;][stm_icon_box icon=\u00a0\u00bbfa fa-bullseye\u00a0\u00bb style=\u00a0\u00bbicon_left\u00a0\u00bb icon_size=\u00a0\u00bb45&Prime; title=\u00a0\u00bbSTRATEGIE\u00a0\u00bb]L&rsquo;interface CATSAT<\/p>\n","protected":false},"author":2,"featured_media":0,"parent":0,"menu_order":1,"comment_status":"closed","ping_status":"closed","template":"","meta":{"footnotes":""},"class_list":["post-2284","page","type-page","status-publish","hentry"],"yoast_head":"<!-- This site is optimized with the Yoast SEO plugin v27.2 - https:\/\/yoast.com\/product\/yoast-seo-wordpress\/ -->\n<title>Accueil - CATSAT<\/title>\n<meta name=\"robots\" content=\"index, follow, max-snippet:-1, max-image-preview:large, max-video-preview:-1\" \/>\n<link rel=\"canonical\" href=\"https:\/\/www.catsat.com\/fr\/\" \/>\n<meta property=\"og:locale\" content=\"fr_FR\" \/>\n<meta property=\"og:type\" content=\"article\" \/>\n<meta property=\"og:title\" content=\"Accueil - CATSAT\" \/>\n<meta property=\"og:description\" content=\"[vc_row full_width=\u00a0\u00bbstretch_row_content_no_spaces\u00a0\u00bb full_height=\u00a0\u00bbyes\u00a0\u00bb gmbt_prlx_bg_type=\u00a0\u00bbparallax\u00a0\u00bb gmbt_prlx_break_parents=\u00a0\u00bb0&Prime; gmbt_prlx_smooth_scrolling=\u00a0\u00bb\u00a0\u00bb gmbt_prlx_video_mute=\u00a0\u00bb\u00a0\u00bb gmbt_prlx_video_force_hd=\u00a0\u00bb\u00a0\u00bb gmbt_prlx_opacity=\u00a0\u00bb100&Prime; gmbt_prlx_video_aspect_ratio=\u00a0\u00bb16:9&Prime; gmbt_prlx_parallax=\u00a0\u00bbnone\u00a0\u00bb gmbt_prlx_speed=\u00a0\u00bb0.3&Prime; gmbt_prlx_enable_mobile=\u00a0\u00bb\u00a0\u00bb parallax_speed=\u00a0\u00bb0.3&Prime; el_class=\u00a0\u00bbconstruction_slider\u00a0\u00bb css=\u00a0\u00bb.vc_custom_1621321546612{margin-bottom: 0px !important;}\u00a0\u00bb][vc_column offset=\u00a0\u00bbvc_hidden-xs\u00a0\u00bb css=\u00a0\u00bb.vc_custom_1440516516495{padding-top: 0px !important;padding-bottom: 0px !important;}\u00a0\u00bb][layerslider_vc id=\u00a0\u00bb11&Prime;][\/vc_column][\/vc_row][vc_row][vc_column][vc_column_text css=\u00a0\u00bb\u00a0\u00bb] Un outil d&rsquo;aide \u00e0 la prise de d\u00e9cision pour les p\u00eacheurs professionnels Contactez-nous [\/vc_column_text][\/vc_column][\/vc_row][vc_row css=\u00a0\u00bb.vc_custom_1440516698180{margin-bottom: -50px !important;padding-top: 60px !important;padding-bottom: 38px !important;}\u00a0\u00bb parallax_speed=\u00a0\u00bb0.3&Prime;][vc_column width=\u00a0\u00bb1\/3&Prime;][stm_icon_box icon=\u00a0\u00bbfa fa-bullseye\u00a0\u00bb style=\u00a0\u00bbicon_left\u00a0\u00bb icon_size=\u00a0\u00bb45&Prime; title=\u00a0\u00bbSTRATEGIE\u00a0\u00bb]L&rsquo;interface CATSAT\" \/>\n<meta property=\"og:url\" content=\"https:\/\/www.catsat.com\/fr\/\" \/>\n<meta property=\"og:site_name\" content=\"CATSAT\" \/>\n<meta property=\"article:modified_time\" content=\"2025-09-11T08:58:02+00:00\" \/>\n<meta name=\"twitter:card\" content=\"summary_large_image\" \/>\n<meta name=\"twitter:label1\" content=\"Dur\u00e9e de lecture estim\u00e9e\" \/>\n\t<meta name=\"twitter:data1\" content=\"1 minute\" \/>\n<script type=\"application\/ld+json\" class=\"yoast-schema-graph\">{\"@context\":\"https:\/\/schema.org\",\"@graph\":[{\"@type\":\"WebPage\",\"@id\":\"https:\/\/www.catsat.com\/fr\/\",\"url\":\"https:\/\/www.catsat.com\/fr\/\",\"name\":\"Accueil - CATSAT\",\"isPartOf\":{\"@id\":\"https:\/\/www.catsat.com\/fr\/#website\"},\"datePublished\":\"2016-02-24T14:15:16+00:00\",\"dateModified\":\"2025-09-11T08:58:02+00:00\",\"breadcrumb\":{\"@id\":\"https:\/\/www.catsat.com\/fr\/#breadcrumb\"},\"inLanguage\":\"fr-FR\",\"potentialAction\":[{\"@type\":\"ReadAction\",\"target\":[\"https:\/\/www.catsat.com\/fr\/\"]}]},{\"@type\":\"BreadcrumbList\",\"@id\":\"https:\/\/www.catsat.com\/fr\/#breadcrumb\",\"itemListElement\":[{\"@type\":\"ListItem\",\"position\":1,\"name\":\"Accueil\",\"item\":\"https:\/\/www.catsat.com\/fr\/\"},{\"@type\":\"ListItem\",\"position\":2,\"name\":\"Accueil\"}]},{\"@type\":\"WebSite\",\"@id\":\"https:\/\/www.catsat.com\/fr\/#website\",\"url\":\"https:\/\/www.catsat.com\/fr\/\",\"name\":\"CATSAT\",\"description\":\"Fishing Software\",\"publisher\":{\"@id\":\"https:\/\/www.catsat.com\/fr\/#organization\"},\"potentialAction\":[{\"@type\":\"SearchAction\",\"target\":{\"@type\":\"EntryPoint\",\"urlTemplate\":\"https:\/\/www.catsat.com\/fr\/?s={search_term_string}\"},\"query-input\":{\"@type\":\"PropertyValueSpecification\",\"valueRequired\":true,\"valueName\":\"search_term_string\"}}],\"inLanguage\":\"fr-FR\"},{\"@type\":\"Organization\",\"@id\":\"https:\/\/www.catsat.com\/fr\/#organization\",\"name\":\"Catsat\",\"url\":\"https:\/\/www.catsat.com\/fr\/\",\"logo\":{\"@type\":\"ImageObject\",\"inLanguage\":\"fr-FR\",\"@id\":\"https:\/\/www.catsat.com\/fr\/#\/schema\/logo\/image\/\",\"url\":\"https:\/\/www.catsat.com\/wp-content\/uploads\/2015\/08\/Logo-CATSAT1.png\",\"contentUrl\":\"https:\/\/www.catsat.com\/wp-content\/uploads\/2015\/08\/Logo-CATSAT1.png\",\"width\":993,\"height\":687,\"caption\":\"Catsat\"},\"image\":{\"@id\":\"https:\/\/www.catsat.com\/fr\/#\/schema\/logo\/image\/\"}}]}<\/script>\n<!-- \/ Yoast SEO plugin. -->","yoast_head_json":{"title":"Accueil - CATSAT","robots":{"index":"index","follow":"follow","max-snippet":"max-snippet:-1","max-image-preview":"max-image-preview:large","max-video-preview":"max-video-preview:-1"},"canonical":"https:\/\/www.catsat.com\/fr\/","og_locale":"fr_FR","og_type":"article","og_title":"Accueil - CATSAT","og_description":"[vc_row full_width=\u00a0\u00bbstretch_row_content_no_spaces\u00a0\u00bb full_height=\u00a0\u00bbyes\u00a0\u00bb gmbt_prlx_bg_type=\u00a0\u00bbparallax\u00a0\u00bb gmbt_prlx_break_parents=\u00a0\u00bb0&Prime; gmbt_prlx_smooth_scrolling=\u00a0\u00bb\u00a0\u00bb gmbt_prlx_video_mute=\u00a0\u00bb\u00a0\u00bb gmbt_prlx_video_force_hd=\u00a0\u00bb\u00a0\u00bb gmbt_prlx_opacity=\u00a0\u00bb100&Prime; gmbt_prlx_video_aspect_ratio=\u00a0\u00bb16:9&Prime; gmbt_prlx_parallax=\u00a0\u00bbnone\u00a0\u00bb gmbt_prlx_speed=\u00a0\u00bb0.3&Prime; gmbt_prlx_enable_mobile=\u00a0\u00bb\u00a0\u00bb parallax_speed=\u00a0\u00bb0.3&Prime; el_class=\u00a0\u00bbconstruction_slider\u00a0\u00bb css=\u00a0\u00bb.vc_custom_1621321546612{margin-bottom: 0px !important;}\u00a0\u00bb][vc_column offset=\u00a0\u00bbvc_hidden-xs\u00a0\u00bb css=\u00a0\u00bb.vc_custom_1440516516495{padding-top: 0px !important;padding-bottom: 0px !important;}\u00a0\u00bb][layerslider_vc id=\u00a0\u00bb11&Prime;][\/vc_column][\/vc_row][vc_row][vc_column][vc_column_text css=\u00a0\u00bb\u00a0\u00bb] Un outil d&rsquo;aide \u00e0 la prise de d\u00e9cision pour les p\u00eacheurs professionnels Contactez-nous [\/vc_column_text][\/vc_column][\/vc_row][vc_row css=\u00a0\u00bb.vc_custom_1440516698180{margin-bottom: -50px !important;padding-top: 60px !important;padding-bottom: 38px !important;}\u00a0\u00bb parallax_speed=\u00a0\u00bb0.3&Prime;][vc_column width=\u00a0\u00bb1\/3&Prime;][stm_icon_box icon=\u00a0\u00bbfa fa-bullseye\u00a0\u00bb style=\u00a0\u00bbicon_left\u00a0\u00bb icon_size=\u00a0\u00bb45&Prime; title=\u00a0\u00bbSTRATEGIE\u00a0\u00bb]L&rsquo;interface CATSAT","og_url":"https:\/\/www.catsat.com\/fr\/","og_site_name":"CATSAT","article_modified_time":"2025-09-11T08:58:02+00:00","twitter_card":"summary_large_image","twitter_misc":{"Dur\u00e9e de lecture estim\u00e9e":"1 minute"},"schema":{"@context":"https:\/\/schema.org","@graph":[{"@type":"WebPage","@id":"https:\/\/www.catsat.com\/fr\/","url":"https:\/\/www.catsat.com\/fr\/","name":"Accueil - CATSAT","isPartOf":{"@id":"https:\/\/www.catsat.com\/fr\/#website"},"datePublished":"2016-02-24T14:15:16+00:00","dateModified":"2025-09-11T08:58:02+00:00","breadcrumb":{"@id":"https:\/\/www.catsat.com\/fr\/#breadcrumb"},"inLanguage":"fr-FR","potentialAction":[{"@type":"ReadAction","target":["https:\/\/www.catsat.com\/fr\/"]}]},{"@type":"BreadcrumbList","@id":"https:\/\/www.catsat.com\/fr\/#breadcrumb","itemListElement":[{"@type":"ListItem","position":1,"name":"Accueil","item":"https:\/\/www.catsat.com\/fr\/"},{"@type":"ListItem","position":2,"name":"Accueil"}]},{"@type":"WebSite","@id":"https:\/\/www.catsat.com\/fr\/#website","url":"https:\/\/www.catsat.com\/fr\/","name":"CATSAT","description":"Fishing Software","publisher":{"@id":"https:\/\/www.catsat.com\/fr\/#organization"},"potentialAction":[{"@type":"SearchAction","target":{"@type":"EntryPoint","urlTemplate":"https:\/\/www.catsat.com\/fr\/?s={search_term_string}"},"query-input":{"@type":"PropertyValueSpecification","valueRequired":true,"valueName":"search_term_string"}}],"inLanguage":"fr-FR"},{"@type":"Organization","@id":"https:\/\/www.catsat.com\/fr\/#organization","name":"Catsat","url":"https:\/\/www.catsat.com\/fr\/","logo":{"@type":"ImageObject","inLanguage":"fr-FR","@id":"https:\/\/www.catsat.com\/fr\/#\/schema\/logo\/image\/","url":"https:\/\/www.catsat.com\/wp-content\/uploads\/2015\/08\/Logo-CATSAT1.png","contentUrl":"https:\/\/www.catsat.com\/wp-content\/uploads\/2015\/08\/Logo-CATSAT1.png","width":993,"height":687,"caption":"Catsat"},"image":{"@id":"https:\/\/www.catsat.com\/fr\/#\/schema\/logo\/image\/"}}]}},"_links":{"self":[{"href":"https:\/\/www.catsat.com\/fr\/wp-json\/wp\/v2\/pages\/2284","targetHints":{"allow":["GET"]}}],"collection":[{"href":"https:\/\/www.catsat.com\/fr\/wp-json\/wp\/v2\/pages"}],"about":[{"href":"https:\/\/www.catsat.com\/fr\/wp-json\/wp\/v2\/types\/page"}],"author":[{"embeddable":true,"href":"https:\/\/www.catsat.com\/fr\/wp-json\/wp\/v2\/users\/2"}],"replies":[{"embeddable":true,"href":"https:\/\/www.catsat.com\/fr\/wp-json\/wp\/v2\/comments?post=2284"}],"version-history":[{"count":13,"href":"https:\/\/www.catsat.com\/fr\/wp-json\/wp\/v2\/pages\/2284\/revisions"}],"predecessor-version":[{"id":3524,"href":"https:\/\/www.catsat.com\/fr\/wp-json\/wp\/v2\/pages\/2284\/revisions\/3524"}],"wp:attachment":[{"href":"https:\/\/www.catsat.com\/fr\/wp-json\/wp\/v2\/media?parent=2284"}],"curies":[{"name":"wp","href":"https:\/\/api.w.org\/{rel}","templated":true}]}}