{"id":2142,"date":"2016-01-14T16:15:53","date_gmt":"2016-01-14T16:15:53","guid":{"rendered":"https:\/\/www.catsat.com\/es\/?page_id=2142"},"modified":"2025-07-31T12:52:54","modified_gmt":"2025-07-31T12:52:54","slug":"entiende-la-dinamica-del-oceano","status":"publish","type":"page","link":"https:\/\/www.catsat.com\/es\/datos-oceanicos\/entiende-la-dinamica-del-oceano\/","title":{"rendered":"Entiende la din\u00e1mica del oc\u00e9ano"},"content":{"rendered":"<div class=\"wpb-content-wrapper\"><p>[vc_row][vc_column width=\u00bb1\/4&#8243;][vc_gallery type=\u00bbslick_slider\u00bb images=\u00bb1849,2065,1842&#8243; img_size=\u00bbfull\u00bb][vc_column_text css_animation=\u00bbbottom-to-top\u00bb css=\u00bb.vc_custom_1453828008149{background-position: center !important;background-repeat: no-repeat !important;background-size: cover !important;}\u00bb]<\/p>\n<p style=\"text-align: center;\"><em>Funci\u00f3n multi-ventanas<\/em><\/p>\n<p>[\/vc_column_text][vc_gallery type=\u00bbslick_slider\u00bb images=\u00bb2065,1842,1849&#8243; img_size=\u00bbfull\u00bb][vc_column_text]<\/p>\n<p style=\"text-align: center;\"><em>Funci\u00f3n Corrent\u00f3metro<\/em><\/p>\n<p>[\/vc_column_text][vc_gallery type=\u00bbslick_slider\u00bb images=\u00bb1842,1849,2065&#8243; img_size=\u00bbfull\u00bb][vc_column_text]<\/p>\n<p style=\"text-align: center;\"><em>Filtro multi-criterios<\/em><\/p>\n<p>[\/vc_column_text][\/vc_column][vc_column width=\u00bb3\/4&#8243;][vc_custom_heading text=\u00bbCATSAT proporciona Altimetr\u00eda de alta resoluci\u00f3n permitiendo identificar remolinos y \u00e1reas frontales entre las diferentes masas de agua donde probablemente los peces est\u00e9n.\u00bb font_container=\u00bbtag:div|font_size:27px|text_align:justify|color:%231e73be|line_height:37px\u00bb google_fonts=\u00bbfont_family:Lato%3A100%2C100italic%2C300%2C300italic%2Cregular%2Citalic%2C700%2C700italic%2C900%2C900italic|font_style:400%20regular%3A400%3Anormal\u00bb][vc_separator style=\u00bbdotted\u00bb type=\u00bbtype_2&#8243; css=\u00bb.vc_custom_1440685093206{padding-top: 15px !important;}\u00bb][vc_tta_accordion style=\u00bbmodern\u00bb color=\u00bbsky\u00bb active_section=\u00bb1&#8243;][vc_tta_section title=\u00bbLa ventaja de CATSAT\u00bb tab_id=\u00bb1440685255417-bb9e0856-4c92&#8243;][vc_column_text]<\/p>\n<ul>\n<li>La<strong> mejor definici\u00f3n de mapas altim\u00e9tricos<\/strong> del mercado<\/li>\n<li><strong>Modo video<\/strong>: Observa los movimientos de las masas de agua a trav\u00e9s del tiempo e\u00a0identifica los remolinos activos<\/li>\n<li><strong>Visualizaci\u00f3n 3D:<\/strong> Una identificaci\u00f3n m\u00e1s intuitiva de los fen\u00f3menos oce\u00e1nicos<\/li>\n<\/ul>\n<p>[\/vc_column_text][\/vc_tta_section][vc_tta_section title=\u00bbHerramientas dise\u00f1adas para mejorar tu experiencia\u00bb tab_id=\u00bb1440685255418-f8d13b5d-346a\u00bb][vc_column_text]<\/p>\n<ul>\n<li>Encuentra <strong>frentes y remolinos<\/strong> mediante la combinaci\u00f3n de datos de altimetr\u00eda, de\u00a0temperatura del mar (tanto en superficie como en profundidad) y de corrientes gracias a la\u00a0funci\u00f3n multi-ventanas<\/li>\n<\/ul>\n<ul>\n<li><strong>Protege tu arte de pesca<\/strong> conociendo de antemano la corriente de cizalladura en \u00e1reas\u00a0espec\u00edficas con la herramienta de corrent\u00f3metro<\/li>\n<\/ul>\n<ul>\n<li><strong>Resalta zonas de pesca favorable<\/strong> utilizando el filtro multi-criterios que ayudar\u00e1, con la\u00a0experiencia del capit\u00e1n, a analizar los datos oceanogr\u00e1ficos e identificar las zonas de pesca<\/li>\n<\/ul>\n<p>[\/vc_column_text][\/vc_tta_section][vc_tta_section title=\u00bbCombina CATSAT con tus conocimientos de la pesca\u00bb tab_id=\u00bb1440686148730-1c86052b-0253&#8243;][vc_column_text]Ap\u00f3yate en CATSAT y en tu conocimiento de la pesca para navegar directamente a las\u00a0\u00e1reas de productivas y potenciales m\u00e1s cercanas.<\/p>\n<ul>\n<li>Optimiza tu campa\u00f1a de pesca, identificando r\u00e1pidamente las zonas de pesca favorables<\/li>\n<li>Aumenta tu eficiencia reduciendo los costes operativos y el impacto ambiental<\/li>\n<li>Entiende la din\u00e1mica del oc\u00e9ano y saca el m\u00e1ximo provecho de la informaci\u00f3n y\u00a0herramientas proporcionadas por CATSAT<\/li>\n<\/ul>\n<p>[\/vc_column_text][\/vc_tta_section][\/vc_tta_accordion][vc_cta h2=\u00bbCATSAT soluci\u00f3n todo en uno\u00bb shape=\u00bbsquare\u00bb style=\u00bboutline\u00bb color=\u00bbsky\u00bb add_button=\u00bbright\u00bb btn_title=\u00bbCont\u00e1ctenos\u00bb btn_style=\u00bbclassic\u00bb btn_color=\u00bbsky\u00bb btn_size=\u00bblg\u00bb btn_link=\u00bburl:https%3A%2F%2Fwww.catsat.com%2Fes%2Fcontactos%2F|||\u00bb]<\/p>\n<ul>\n<li>Programa CATSAT <strong>a bordo<\/strong><\/li>\n<li>Acceso a los <strong>mapas oceanogr\u00e1ficos de alta calidad<\/strong> en tu zona de pesca\u00a0preferida<\/li>\n<li><strong>Formaciones<\/strong> en oceanograf\u00eda<\/li>\n<li><strong>Asistencia<\/strong> t\u00e9cnica y comercial<\/li>\n<li><strong>Expertos en oceanograf\u00eda<\/strong> reconocidos a nivel mundial<\/li>\n<\/ul>\n<p>[\/vc_cta][\/vc_column][\/vc_row]<\/p>\n<\/div>","protected":false},"excerpt":{"rendered":"<p>[vc_row][vc_column width=\u00bb1\/4&#8243;][vc_gallery type=\u00bbslick_slider\u00bb images=\u00bb1849,2065,1842&#8243; img_size=\u00bbfull\u00bb][vc_column_text css_animation=\u00bbbottom-to-top\u00bb css=\u00bb.vc_custom_1453828008149{background-position: center !important;background-repeat: no-repeat !important;background-size: cover !important;}\u00bb] Funci\u00f3n multi-ventanas [\/vc_column_text][vc_gallery type=\u00bbslick_slider\u00bb images=\u00bb2065,1842,1849&#8243; img_size=\u00bbfull\u00bb][vc_column_text] Funci\u00f3n Corrent\u00f3metro [\/vc_column_text][vc_gallery type=\u00bbslick_slider\u00bb images=\u00bb1842,1849,2065&#8243; img_size=\u00bbfull\u00bb][vc_column_text] Filtro multi-criterios [\/vc_column_text][\/vc_column][vc_column width=\u00bb3\/4&#8243;][vc_custom_heading text=\u00bbCATSAT proporciona Altimetr\u00eda de alta resoluci\u00f3n permitiendo identificar remolinos y \u00e1reas frontales entre las diferentes masas de agua donde probablemente los peces est\u00e9n.\u00bb font_container=\u00bbtag:div|font_size:27px|text_align:justify|color:%231e73be|line_height:37px\u00bb google_fonts=\u00bbfont_family:Lato%3A100%2C100italic%2C300%2C300italic%2Cregular%2Citalic%2C700%2C700italic%2C900%2C900italic|font_style:400%20regular%3A400%3Anormal\u00bb][vc_separator style=\u00bbdotted\u00bb<\/p>\n","protected":false},"author":2,"featured_media":0,"parent":2140,"menu_order":4,"comment_status":"closed","ping_status":"closed","template":"","meta":{"footnotes":""},"class_list":["post-2142","page","type-page","status-publish","hentry"],"yoast_head":"<!-- This site is optimized with the Yoast SEO plugin v27.2 - https:\/\/yoast.com\/product\/yoast-seo-wordpress\/ -->\n<title>Entiende la din\u00e1mica del oc\u00e9ano - CATSAT<\/title>\n<meta name=\"robots\" content=\"index, follow, max-snippet:-1, max-image-preview:large, max-video-preview:-1\" \/>\n<link rel=\"canonical\" href=\"https:\/\/www.catsat.com\/es\/datos-oceanicos\/entiende-la-dinamica-del-oceano\/\" \/>\n<meta property=\"og:locale\" content=\"es_ES\" \/>\n<meta property=\"og:type\" content=\"article\" \/>\n<meta property=\"og:title\" content=\"Entiende la din\u00e1mica del oc\u00e9ano - CATSAT\" \/>\n<meta property=\"og:description\" content=\"[vc_row][vc_column width=\u00bb1\/4&#8243;][vc_gallery type=\u00bbslick_slider\u00bb images=\u00bb1849,2065,1842&#8243; img_size=\u00bbfull\u00bb][vc_column_text css_animation=\u00bbbottom-to-top\u00bb css=\u00bb.vc_custom_1453828008149{background-position: center !important;background-repeat: no-repeat !important;background-size: cover !important;}\u00bb] Funci\u00f3n multi-ventanas [\/vc_column_text][vc_gallery type=\u00bbslick_slider\u00bb images=\u00bb2065,1842,1849&#8243; img_size=\u00bbfull\u00bb][vc_column_text] Funci\u00f3n Corrent\u00f3metro [\/vc_column_text][vc_gallery type=\u00bbslick_slider\u00bb images=\u00bb1842,1849,2065&#8243; img_size=\u00bbfull\u00bb][vc_column_text] Filtro multi-criterios [\/vc_column_text][\/vc_column][vc_column width=\u00bb3\/4&#8243;][vc_custom_heading text=\u00bbCATSAT proporciona Altimetr\u00eda de alta resoluci\u00f3n permitiendo identificar remolinos y \u00e1reas frontales entre las diferentes masas de agua donde probablemente los peces est\u00e9n.\u00bb font_container=\u00bbtag:div|font_size:27px|text_align:justify|color:%231e73be|line_height:37px\u00bb google_fonts=\u00bbfont_family:Lato%3A100%2C100italic%2C300%2C300italic%2Cregular%2Citalic%2C700%2C700italic%2C900%2C900italic|font_style:400%20regular%3A400%3Anormal\u00bb][vc_separator style=\u00bbdotted\u00bb\" \/>\n<meta property=\"og:url\" content=\"https:\/\/www.catsat.com\/es\/datos-oceanicos\/entiende-la-dinamica-del-oceano\/\" \/>\n<meta property=\"og:site_name\" content=\"CATSAT\" \/>\n<meta property=\"article:modified_time\" content=\"2025-07-31T12:52:54+00:00\" \/>\n<meta name=\"twitter:card\" content=\"summary_large_image\" \/>\n<meta name=\"twitter:label1\" content=\"Tiempo de lectura\" \/>\n\t<meta name=\"twitter:data1\" content=\"2 minutos\" \/>\n<script type=\"application\/ld+json\" class=\"yoast-schema-graph\">{\"@context\":\"https:\/\/schema.org\",\"@graph\":[{\"@type\":[\"WebPage\",\"ItemPage\"],\"@id\":\"https:\/\/www.catsat.com\/es\/datos-oceanicos\/entiende-la-dinamica-del-oceano\/\",\"url\":\"https:\/\/www.catsat.com\/es\/datos-oceanicos\/entiende-la-dinamica-del-oceano\/\",\"name\":\"Entiende la din\u00e1mica del oc\u00e9ano - CATSAT\",\"isPartOf\":{\"@id\":\"https:\/\/www.catsat.com\/es\/#website\"},\"datePublished\":\"2016-01-14T16:15:53+00:00\",\"dateModified\":\"2025-07-31T12:52:54+00:00\",\"breadcrumb\":{\"@id\":\"https:\/\/www.catsat.com\/es\/datos-oceanicos\/entiende-la-dinamica-del-oceano\/#breadcrumb\"},\"inLanguage\":\"es\",\"potentialAction\":[{\"@type\":\"ReadAction\",\"target\":[\"https:\/\/www.catsat.com\/es\/datos-oceanicos\/entiende-la-dinamica-del-oceano\/\"]}]},{\"@type\":\"BreadcrumbList\",\"@id\":\"https:\/\/www.catsat.com\/es\/datos-oceanicos\/entiende-la-dinamica-del-oceano\/#breadcrumb\",\"itemListElement\":[{\"@type\":\"ListItem\",\"position\":1,\"name\":\"Inicio\",\"item\":\"https:\/\/www.catsat.com\/es\/\"},{\"@type\":\"ListItem\",\"position\":2,\"name\":\"Datos oce\u00e1nicos\",\"item\":\"https:\/\/www.catsat.com\/es\/datos-oceanicos\/\"},{\"@type\":\"ListItem\",\"position\":3,\"name\":\"Entiende la din\u00e1mica del oc\u00e9ano\"}]},{\"@type\":\"WebSite\",\"@id\":\"https:\/\/www.catsat.com\/es\/#website\",\"url\":\"https:\/\/www.catsat.com\/es\/\",\"name\":\"CATSAT\",\"description\":\"Fishing Software\",\"publisher\":{\"@id\":\"https:\/\/www.catsat.com\/es\/#organization\"},\"potentialAction\":[{\"@type\":\"SearchAction\",\"target\":{\"@type\":\"EntryPoint\",\"urlTemplate\":\"https:\/\/www.catsat.com\/es\/?s={search_term_string}\"},\"query-input\":{\"@type\":\"PropertyValueSpecification\",\"valueRequired\":true,\"valueName\":\"search_term_string\"}}],\"inLanguage\":\"es\"},{\"@type\":\"Organization\",\"@id\":\"https:\/\/www.catsat.com\/es\/#organization\",\"name\":\"Catsat\",\"url\":\"https:\/\/www.catsat.com\/es\/\",\"logo\":{\"@type\":\"ImageObject\",\"inLanguage\":\"es\",\"@id\":\"https:\/\/www.catsat.com\/es\/#\/schema\/logo\/image\/\",\"url\":\"https:\/\/www.catsat.com\/wp-content\/uploads\/2015\/08\/Logo-CATSAT1.png\",\"contentUrl\":\"https:\/\/www.catsat.com\/wp-content\/uploads\/2015\/08\/Logo-CATSAT1.png\",\"width\":993,\"height\":687,\"caption\":\"Catsat\"},\"image\":{\"@id\":\"https:\/\/www.catsat.com\/es\/#\/schema\/logo\/image\/\"}}]}<\/script>\n<!-- \/ Yoast SEO plugin. -->","yoast_head_json":{"title":"Entiende la din\u00e1mica del oc\u00e9ano - CATSAT","robots":{"index":"index","follow":"follow","max-snippet":"max-snippet:-1","max-image-preview":"max-image-preview:large","max-video-preview":"max-video-preview:-1"},"canonical":"https:\/\/www.catsat.com\/es\/datos-oceanicos\/entiende-la-dinamica-del-oceano\/","og_locale":"es_ES","og_type":"article","og_title":"Entiende la din\u00e1mica del oc\u00e9ano - CATSAT","og_description":"[vc_row][vc_column width=\u00bb1\/4&#8243;][vc_gallery type=\u00bbslick_slider\u00bb images=\u00bb1849,2065,1842&#8243; img_size=\u00bbfull\u00bb][vc_column_text css_animation=\u00bbbottom-to-top\u00bb css=\u00bb.vc_custom_1453828008149{background-position: center !important;background-repeat: no-repeat !important;background-size: cover !important;}\u00bb] Funci\u00f3n multi-ventanas [\/vc_column_text][vc_gallery type=\u00bbslick_slider\u00bb images=\u00bb2065,1842,1849&#8243; img_size=\u00bbfull\u00bb][vc_column_text] Funci\u00f3n Corrent\u00f3metro [\/vc_column_text][vc_gallery type=\u00bbslick_slider\u00bb images=\u00bb1842,1849,2065&#8243; img_size=\u00bbfull\u00bb][vc_column_text] Filtro multi-criterios [\/vc_column_text][\/vc_column][vc_column width=\u00bb3\/4&#8243;][vc_custom_heading text=\u00bbCATSAT proporciona Altimetr\u00eda de alta resoluci\u00f3n permitiendo identificar remolinos y \u00e1reas frontales entre las diferentes masas de agua donde probablemente los peces est\u00e9n.\u00bb font_container=\u00bbtag:div|font_size:27px|text_align:justify|color:%231e73be|line_height:37px\u00bb google_fonts=\u00bbfont_family:Lato%3A100%2C100italic%2C300%2C300italic%2Cregular%2Citalic%2C700%2C700italic%2C900%2C900italic|font_style:400%20regular%3A400%3Anormal\u00bb][vc_separator style=\u00bbdotted\u00bb","og_url":"https:\/\/www.catsat.com\/es\/datos-oceanicos\/entiende-la-dinamica-del-oceano\/","og_site_name":"CATSAT","article_modified_time":"2025-07-31T12:52:54+00:00","twitter_card":"summary_large_image","twitter_misc":{"Tiempo de lectura":"2 minutos"},"schema":{"@context":"https:\/\/schema.org","@graph":[{"@type":["WebPage","ItemPage"],"@id":"https:\/\/www.catsat.com\/es\/datos-oceanicos\/entiende-la-dinamica-del-oceano\/","url":"https:\/\/www.catsat.com\/es\/datos-oceanicos\/entiende-la-dinamica-del-oceano\/","name":"Entiende la din\u00e1mica del oc\u00e9ano - CATSAT","isPartOf":{"@id":"https:\/\/www.catsat.com\/es\/#website"},"datePublished":"2016-01-14T16:15:53+00:00","dateModified":"2025-07-31T12:52:54+00:00","breadcrumb":{"@id":"https:\/\/www.catsat.com\/es\/datos-oceanicos\/entiende-la-dinamica-del-oceano\/#breadcrumb"},"inLanguage":"es","potentialAction":[{"@type":"ReadAction","target":["https:\/\/www.catsat.com\/es\/datos-oceanicos\/entiende-la-dinamica-del-oceano\/"]}]},{"@type":"BreadcrumbList","@id":"https:\/\/www.catsat.com\/es\/datos-oceanicos\/entiende-la-dinamica-del-oceano\/#breadcrumb","itemListElement":[{"@type":"ListItem","position":1,"name":"Inicio","item":"https:\/\/www.catsat.com\/es\/"},{"@type":"ListItem","position":2,"name":"Datos oce\u00e1nicos","item":"https:\/\/www.catsat.com\/es\/datos-oceanicos\/"},{"@type":"ListItem","position":3,"name":"Entiende la din\u00e1mica del oc\u00e9ano"}]},{"@type":"WebSite","@id":"https:\/\/www.catsat.com\/es\/#website","url":"https:\/\/www.catsat.com\/es\/","name":"CATSAT","description":"Fishing Software","publisher":{"@id":"https:\/\/www.catsat.com\/es\/#organization"},"potentialAction":[{"@type":"SearchAction","target":{"@type":"EntryPoint","urlTemplate":"https:\/\/www.catsat.com\/es\/?s={search_term_string}"},"query-input":{"@type":"PropertyValueSpecification","valueRequired":true,"valueName":"search_term_string"}}],"inLanguage":"es"},{"@type":"Organization","@id":"https:\/\/www.catsat.com\/es\/#organization","name":"Catsat","url":"https:\/\/www.catsat.com\/es\/","logo":{"@type":"ImageObject","inLanguage":"es","@id":"https:\/\/www.catsat.com\/es\/#\/schema\/logo\/image\/","url":"https:\/\/www.catsat.com\/wp-content\/uploads\/2015\/08\/Logo-CATSAT1.png","contentUrl":"https:\/\/www.catsat.com\/wp-content\/uploads\/2015\/08\/Logo-CATSAT1.png","width":993,"height":687,"caption":"Catsat"},"image":{"@id":"https:\/\/www.catsat.com\/es\/#\/schema\/logo\/image\/"}}]}},"_links":{"self":[{"href":"https:\/\/www.catsat.com\/es\/wp-json\/wp\/v2\/pages\/2142","targetHints":{"allow":["GET"]}}],"collection":[{"href":"https:\/\/www.catsat.com\/es\/wp-json\/wp\/v2\/pages"}],"about":[{"href":"https:\/\/www.catsat.com\/es\/wp-json\/wp\/v2\/types\/page"}],"author":[{"embeddable":true,"href":"https:\/\/www.catsat.com\/es\/wp-json\/wp\/v2\/users\/2"}],"replies":[{"embeddable":true,"href":"https:\/\/www.catsat.com\/es\/wp-json\/wp\/v2\/comments?post=2142"}],"version-history":[{"count":10,"href":"https:\/\/www.catsat.com\/es\/wp-json\/wp\/v2\/pages\/2142\/revisions"}],"predecessor-version":[{"id":2398,"href":"https:\/\/www.catsat.com\/es\/wp-json\/wp\/v2\/pages\/2142\/revisions\/2398"}],"up":[{"embeddable":true,"href":"https:\/\/www.catsat.com\/es\/wp-json\/wp\/v2\/pages\/2140"}],"wp:attachment":[{"href":"https:\/\/www.catsat.com\/es\/wp-json\/wp\/v2\/media?parent=2142"}],"curies":[{"name":"wp","href":"https:\/\/api.w.org\/{rel}","templated":true}]}}