{"id":2138,"date":"2016-01-14T16:14:33","date_gmt":"2016-01-14T16:14:33","guid":{"rendered":"https:\/\/www.catsat.com\/es\/?page_id=2138"},"modified":"2025-07-31T12:50:15","modified_gmt":"2025-07-31T12:50:15","slug":"que-es-catsat","status":"publish","type":"page","link":"https:\/\/www.catsat.com\/es\/que-es-catsat\/","title":{"rendered":"Que es CATSAT"},"content":{"rendered":"<div class=\"wpb-content-wrapper\"><p>[vc_row][vc_column width=\u00bb1\/2&#8243;][vc_column_text]<\/p>\n<h2>CATSAT es una herramienta de decisi\u00f3n clave para profesionales de la pesca<br \/>\npel\u00e1gica.<\/h2>\n<p>[\/vc_column_text][vc_text_separator title=\u00bbM\u00e1s de 40 datos oceanogr\u00e1ficos de primera categor\u00eda validados cient\u00edficamente.\u00bb color=\u00bbwhite\u00bb style=\u00bbdashed\u00bb][\/vc_column][vc_column width=\u00bb1\/2&#8243;][vc_tour interval=\u00bb3&#8243;][vc_tab title=\u00bbPesco preparado\u00bb tab_id=\u00bb1411467135-1-39e721-d5f17284-8fdd\u00bb][vc_row_inner][vc_column_inner][vc_column_text css_animation=\u00bbbottom-to-top\u00bb]<\/p>\n<h3>El mejor conocimiento\u00a0disponible de las\u00a0condiciones del oc\u00e9ano\u00a0desde la superficie hasta el\u00a0fondo.<\/h3>\n<p>[\/vc_column_text][\/vc_column_inner][\/vc_row_inner][\/vc_tab][vc_tab title=\u00bbPesco seguro\u00bb tab_id=\u00bb1411467135-2-95e721-d5f17284-8fdd\u00bb][vc_row_inner][vc_column_inner][vc_column_text css_animation=\u00bbbottom-to-top\u00bb]<\/p>\n<h3>Las previsiones meteorol\u00f3gicas \u00a0ayudan a planificar las operaciones.<\/h3>\n<p>[\/vc_column_text][\/vc_column_inner][\/vc_row_inner][\/vc_tab][vc_tab title=\u00bbPesco r\u00e1pido\u00bb tab_id=\u00bb1440522046759-2-5&#8243;][vc_row_inner][vc_column_inner][vc_column_text css_animation=\u00bbbottom-to-top\u00bb]<\/p>\n<h3>Optimiza el tiempo de identificaci\u00f3n de zonas productivas y economiza combustible.<\/h3>\n<p>[\/vc_column_text][\/vc_column_inner][\/vc_row_inner][\/vc_tab][vc_tab title=\u00bbPesco mejor\u00bb tab_id=\u00bb1440522055030-3-0&#8243;][vc_row_inner][vc_column_inner][vc_column_text css_animation=\u00bbbottom-to-top\u00bb]<\/p>\n<h3>No dejes tus\u00a0operaciones de pesca\u00a0en manos de la suerte.\u00a0Toma las mejores\u00a0decisiones en funci\u00f3n<br \/>\nde las condiciones\u00a0reales del oc\u00e9ano.<\/h3>\n<p>[\/vc_column_text][\/vc_column_inner][\/vc_row_inner][\/vc_tab][\/vc_tour][\/vc_column][\/vc_row][vc_row css=\u00bb.vc_custom_1620836716017{padding-top: 40px !important;}\u00bb][vc_column width=\u00bb1\/4&#8243;][vc_custom_heading text=\u00bbEntiende la din\u00e1mica del oc\u00e9ano\u00bb font_container=\u00bbtag:h2|text_align:center\u00bb use_theme_fonts=\u00bbyes\u00bb css_animation=\u00bbappear\u00bb][vc_single_image image=\u00bb1819&#8243; img_size=\u00bb80*60&#8243; alignment=\u00bbcenter\u00bb style=\u00bbvc_box_shadow_border_circle_2&#8243; onclick=\u00bbimg_link_large\u00bb css_animation=\u00bbappear\u00bb][vc_column_text]<\/p>\n<p style=\"text-align: center;\">Altimetr\u00eda de alta resoluci\u00f3n<\/p>\n<p>[\/vc_column_text][vc_btn title=\u00bbLeer mas\u00bb style=\u00bbflat\u00bb color=\u00bbsky\u00bb align=\u00bbcenter\u00bb i_align=\u00bbright\u00bb i_icon_fontawesome=\u00bbfas fa-chevron-right\u00bb add_icon=\u00bbtrue\u00bb link=\u00bburl:https%3A%2F%2Fwww.catsat.com%2Fes%2Fdatos-oceanicos%2Fentiende-la-dinamica-del-oceano%2F|||\u00bb][\/vc_column][vc_column width=\u00bb1\/4&#8243;][vc_custom_heading text=\u00bbBusca las \u00e1reas de temperatura ideal\u00bb font_container=\u00bbtag:h2|text_align:center\u00bb use_theme_fonts=\u00bbyes\u00bb css_animation=\u00bbappear\u00bb][vc_single_image image=\u00bb1851&#8243; img_size=\u00bb80*60&#8243; alignment=\u00bbcenter\u00bb style=\u00bbvc_box_shadow_border_circle_2&#8243; onclick=\u00bbimg_link_large\u00bb css_animation=\u00bbappear\u00bb][vc_column_text]<\/p>\n<p style=\"text-align: center;\">Mapas de temperatura del mercado<\/p>\n<p>[\/vc_column_text][vc_btn title=\u00bbLeer mas\u00bb style=\u00bbflat\u00bb color=\u00bbsky\u00bb align=\u00bbcenter\u00bb i_align=\u00bbright\u00bb i_icon_fontawesome=\u00bbfas fa-chevron-right\u00bb add_icon=\u00bbtrue\u00bb link=\u00bburl:https%3A%2F%2Fwww.catsat.com%2Fes%2Fdatos-oceanicos%2Fbusca-areas-temperatura-ideal%2F|||\u00bb][\/vc_column][vc_column width=\u00bb1\/4&#8243;][vc_custom_heading text=\u00bbSigue la evoluci\u00f3n del plancton\u00bb font_container=\u00bbtag:h2|text_align:center\u00bb use_theme_fonts=\u00bbyes\u00bb css_animation=\u00bbappear\u00bb][vc_single_image image=\u00bb1839&#8243; img_size=\u00bb80*60&#8243; alignment=\u00bbcenter\u00bb style=\u00bbvc_box_shadow_border_circle_2&#8243; onclick=\u00bbimg_link_large\u00bb css_animation=\u00bbappear\u00bb][vc_column_text]<\/p>\n<p style=\"text-align: center;\">Mapas de plancton<\/p>\n<p>[\/vc_column_text][vc_btn title=\u00bbLeer mas\u00bb style=\u00bbflat\u00bb color=\u00bbsky\u00bb align=\u00bbcenter\u00bb i_align=\u00bbright\u00bb i_icon_fontawesome=\u00bbfas fa-chevron-right\u00bb add_icon=\u00bbtrue\u00bb link=\u00bburl:https%3A%2F%2Fwww.catsat.com%2Fes%2Fdatos-oceanicos%2Fsigue-la-deriva-del-plancton%2F|||\u00bb][\/vc_column][vc_column width=\u00bb1\/4&#8243;][vc_custom_heading text=\u00bbAsegura tus campa\u00f1as de pesca\u00bb font_container=\u00bbtag:h2|text_align:center\u00bb use_theme_fonts=\u00bbyes\u00bb css_animation=\u00bbappear\u00bb][vc_single_image image=\u00bb2022&#8243; img_size=\u00bb80*60&#8243; alignment=\u00bbcenter\u00bb style=\u00bbvc_box_shadow_border_circle_2&#8243; onclick=\u00bbimg_link_large\u00bb css_animation=\u00bbappear\u00bb][vc_column_text]<\/p>\n<p style=\"text-align: center;\">Informaci\u00f3n meteorol\u00f3gica<\/p>\n<p>[\/vc_column_text][vc_btn title=\u00bbLeer mas\u00bb style=\u00bbflat\u00bb color=\u00bbsky\u00bb align=\u00bbcenter\u00bb i_align=\u00bbright\u00bb i_icon_fontawesome=\u00bbfas fa-chevron-right\u00bb add_icon=\u00bbtrue\u00bb link=\u00bburl:https%3A%2F%2Fwww.catsat.com%2Fes%2Fdatos-oceanicos%2Fsegura-tus-campanas-de-pesca%2F|||\u00bb][\/vc_column][\/vc_row][vc_row css=\u00bb.vc_custom_1620836720197{padding-top: 40px !important;}\u00bb][vc_column width=\u00bb1\/2&#8243;][vc_empty_space height=\u00bb15px\u00bb][vc_column_text]<\/p>\n<h2>La misi\u00f3n CATSAT<\/h2>\n<p>[\/vc_column_text][vc_column_text]Ayudar a los pescadores a obtener el m\u00e1ximo rendimiento en sus <strong>campa\u00f1as de pesca<\/strong>, proporcionando <strong>datos oceanogr\u00e1ficos y<\/strong><br \/>\n<strong>meteorol\u00f3gicos<\/strong> de alta calidad en <strong>\u00abtiempo casi-real\u00bb<\/strong> directamente a bordo de los buques.<\/p>\n<ul>\n<li><strong>Guia estrategico <\/strong>para detectar areas\u00a0de pesca<\/li>\n<li><strong>Incrementa la seguridad <\/strong>durante las operaciones de pesca<\/li>\n<li><strong>Optimiza el tiempo<\/strong> y los <strong>costos de operacion<\/strong><\/li>\n<\/ul>\n<p>[\/vc_column_text][vc_btn title=\u00bbContactarnos\u00bb style=\u00bbflat\u00bb color=\u00bbsky\u00bb align=\u00bbcenter\u00bb i_align=\u00bbright\u00bb i_icon_fontawesome=\u00bbfas fa-chevron-right\u00bb add_icon=\u00bbtrue\u00bb link=\u00bburl:https%3A%2F%2Fwww.catsat.com%2Fes%2Fcontactos%2F\u00bb][\/vc_column][vc_column width=\u00bb1\/2&#8243;][vc_empty_space height=\u00bb15px\u00bb][layerslider_vc id=\u00bb10&#8243;][\/vc_column][\/vc_row]<\/p>\n<\/div>","protected":false},"excerpt":{"rendered":"<p>[vc_row][vc_column width=\u00bb1\/2&#8243;][vc_column_text] CATSAT es una herramienta de decisi\u00f3n clave para profesionales de la pesca pel\u00e1gica. [\/vc_column_text][vc_text_separator title=\u00bbM\u00e1s de 40 datos oceanogr\u00e1ficos de primera categor\u00eda validados cient\u00edficamente.\u00bb color=\u00bbwhite\u00bb style=\u00bbdashed\u00bb][\/vc_column][vc_column width=\u00bb1\/2&#8243;][vc_tour interval=\u00bb3&#8243;][vc_tab title=\u00bbPesco preparado\u00bb tab_id=\u00bb1411467135-1-39e721-d5f17284-8fdd\u00bb][vc_row_inner][vc_column_inner][vc_column_text css_animation=\u00bbbottom-to-top\u00bb] El mejor conocimiento\u00a0disponible de las\u00a0condiciones del oc\u00e9ano\u00a0desde la superficie hasta el\u00a0fondo. [\/vc_column_text][\/vc_column_inner][\/vc_row_inner][\/vc_tab][vc_tab title=\u00bbPesco seguro\u00bb tab_id=\u00bb1411467135-2-95e721-d5f17284-8fdd\u00bb][vc_row_inner][vc_column_inner][vc_column_text css_animation=\u00bbbottom-to-top\u00bb] Las previsiones meteorol\u00f3gicas \u00a0ayudan a<\/p>\n","protected":false},"author":2,"featured_media":0,"parent":0,"menu_order":2,"comment_status":"closed","ping_status":"closed","template":"","meta":{"footnotes":""},"class_list":["post-2138","page","type-page","status-publish","hentry"],"yoast_head":"<!-- This site is optimized with the Yoast SEO plugin v27.2 - https:\/\/yoast.com\/product\/yoast-seo-wordpress\/ -->\n<title>Que es CATSAT - CATSAT<\/title>\n<meta name=\"robots\" content=\"index, follow, max-snippet:-1, max-image-preview:large, max-video-preview:-1\" \/>\n<link rel=\"canonical\" href=\"https:\/\/www.catsat.com\/es\/que-es-catsat\/\" \/>\n<meta property=\"og:locale\" content=\"es_ES\" \/>\n<meta property=\"og:type\" content=\"article\" \/>\n<meta property=\"og:title\" content=\"Que es CATSAT - CATSAT\" \/>\n<meta property=\"og:description\" content=\"[vc_row][vc_column width=\u00bb1\/2&#8243;][vc_column_text] CATSAT es una herramienta de decisi\u00f3n clave para profesionales de la pesca pel\u00e1gica. [\/vc_column_text][vc_text_separator title=\u00bbM\u00e1s de 40 datos oceanogr\u00e1ficos de primera categor\u00eda validados cient\u00edficamente.\u00bb color=\u00bbwhite\u00bb style=\u00bbdashed\u00bb][\/vc_column][vc_column width=\u00bb1\/2&#8243;][vc_tour interval=\u00bb3&#8243;][vc_tab title=\u00bbPesco preparado\u00bb tab_id=\u00bb1411467135-1-39e721-d5f17284-8fdd\u00bb][vc_row_inner][vc_column_inner][vc_column_text css_animation=\u00bbbottom-to-top\u00bb] El mejor conocimiento\u00a0disponible de las\u00a0condiciones del oc\u00e9ano\u00a0desde la superficie hasta el\u00a0fondo. [\/vc_column_text][\/vc_column_inner][\/vc_row_inner][\/vc_tab][vc_tab title=\u00bbPesco seguro\u00bb tab_id=\u00bb1411467135-2-95e721-d5f17284-8fdd\u00bb][vc_row_inner][vc_column_inner][vc_column_text css_animation=\u00bbbottom-to-top\u00bb] Las previsiones meteorol\u00f3gicas \u00a0ayudan a\" \/>\n<meta property=\"og:url\" content=\"https:\/\/www.catsat.com\/es\/que-es-catsat\/\" \/>\n<meta property=\"og:site_name\" content=\"CATSAT\" \/>\n<meta property=\"article:modified_time\" content=\"2025-07-31T12:50:15+00:00\" \/>\n<meta name=\"twitter:card\" content=\"summary_large_image\" \/>\n<meta name=\"twitter:label1\" content=\"Tiempo de lectura\" \/>\n\t<meta name=\"twitter:data1\" content=\"2 minutos\" \/>\n<script type=\"application\/ld+json\" class=\"yoast-schema-graph\">{\"@context\":\"https:\/\/schema.org\",\"@graph\":[{\"@type\":[\"WebPage\",\"AboutPage\"],\"@id\":\"https:\/\/www.catsat.com\/es\/que-es-catsat\/\",\"url\":\"https:\/\/www.catsat.com\/es\/que-es-catsat\/\",\"name\":\"Que es CATSAT - CATSAT\",\"isPartOf\":{\"@id\":\"https:\/\/www.catsat.com\/es\/#website\"},\"datePublished\":\"2016-01-14T16:14:33+00:00\",\"dateModified\":\"2025-07-31T12:50:15+00:00\",\"breadcrumb\":{\"@id\":\"https:\/\/www.catsat.com\/es\/que-es-catsat\/#breadcrumb\"},\"inLanguage\":\"es\",\"potentialAction\":[{\"@type\":\"ReadAction\",\"target\":[\"https:\/\/www.catsat.com\/es\/que-es-catsat\/\"]}]},{\"@type\":\"BreadcrumbList\",\"@id\":\"https:\/\/www.catsat.com\/es\/que-es-catsat\/#breadcrumb\",\"itemListElement\":[{\"@type\":\"ListItem\",\"position\":1,\"name\":\"Inicio\",\"item\":\"https:\/\/www.catsat.com\/es\/\"},{\"@type\":\"ListItem\",\"position\":2,\"name\":\"Que es CATSAT\"}]},{\"@type\":\"WebSite\",\"@id\":\"https:\/\/www.catsat.com\/es\/#website\",\"url\":\"https:\/\/www.catsat.com\/es\/\",\"name\":\"CATSAT\",\"description\":\"Fishing Software\",\"publisher\":{\"@id\":\"https:\/\/www.catsat.com\/es\/#organization\"},\"potentialAction\":[{\"@type\":\"SearchAction\",\"target\":{\"@type\":\"EntryPoint\",\"urlTemplate\":\"https:\/\/www.catsat.com\/es\/?s={search_term_string}\"},\"query-input\":{\"@type\":\"PropertyValueSpecification\",\"valueRequired\":true,\"valueName\":\"search_term_string\"}}],\"inLanguage\":\"es\"},{\"@type\":\"Organization\",\"@id\":\"https:\/\/www.catsat.com\/es\/#organization\",\"name\":\"Catsat\",\"url\":\"https:\/\/www.catsat.com\/es\/\",\"logo\":{\"@type\":\"ImageObject\",\"inLanguage\":\"es\",\"@id\":\"https:\/\/www.catsat.com\/es\/#\/schema\/logo\/image\/\",\"url\":\"https:\/\/www.catsat.com\/wp-content\/uploads\/2015\/08\/Logo-CATSAT1.png\",\"contentUrl\":\"https:\/\/www.catsat.com\/wp-content\/uploads\/2015\/08\/Logo-CATSAT1.png\",\"width\":993,\"height\":687,\"caption\":\"Catsat\"},\"image\":{\"@id\":\"https:\/\/www.catsat.com\/es\/#\/schema\/logo\/image\/\"}}]}<\/script>\n<!-- \/ Yoast SEO plugin. -->","yoast_head_json":{"title":"Que es CATSAT - CATSAT","robots":{"index":"index","follow":"follow","max-snippet":"max-snippet:-1","max-image-preview":"max-image-preview:large","max-video-preview":"max-video-preview:-1"},"canonical":"https:\/\/www.catsat.com\/es\/que-es-catsat\/","og_locale":"es_ES","og_type":"article","og_title":"Que es CATSAT - CATSAT","og_description":"[vc_row][vc_column width=\u00bb1\/2&#8243;][vc_column_text] CATSAT es una herramienta de decisi\u00f3n clave para profesionales de la pesca pel\u00e1gica. [\/vc_column_text][vc_text_separator title=\u00bbM\u00e1s de 40 datos oceanogr\u00e1ficos de primera categor\u00eda validados cient\u00edficamente.\u00bb color=\u00bbwhite\u00bb style=\u00bbdashed\u00bb][\/vc_column][vc_column width=\u00bb1\/2&#8243;][vc_tour interval=\u00bb3&#8243;][vc_tab title=\u00bbPesco preparado\u00bb tab_id=\u00bb1411467135-1-39e721-d5f17284-8fdd\u00bb][vc_row_inner][vc_column_inner][vc_column_text css_animation=\u00bbbottom-to-top\u00bb] El mejor conocimiento\u00a0disponible de las\u00a0condiciones del oc\u00e9ano\u00a0desde la superficie hasta el\u00a0fondo. [\/vc_column_text][\/vc_column_inner][\/vc_row_inner][\/vc_tab][vc_tab title=\u00bbPesco seguro\u00bb tab_id=\u00bb1411467135-2-95e721-d5f17284-8fdd\u00bb][vc_row_inner][vc_column_inner][vc_column_text css_animation=\u00bbbottom-to-top\u00bb] Las previsiones meteorol\u00f3gicas \u00a0ayudan a","og_url":"https:\/\/www.catsat.com\/es\/que-es-catsat\/","og_site_name":"CATSAT","article_modified_time":"2025-07-31T12:50:15+00:00","twitter_card":"summary_large_image","twitter_misc":{"Tiempo de lectura":"2 minutos"},"schema":{"@context":"https:\/\/schema.org","@graph":[{"@type":["WebPage","AboutPage"],"@id":"https:\/\/www.catsat.com\/es\/que-es-catsat\/","url":"https:\/\/www.catsat.com\/es\/que-es-catsat\/","name":"Que es CATSAT - CATSAT","isPartOf":{"@id":"https:\/\/www.catsat.com\/es\/#website"},"datePublished":"2016-01-14T16:14:33+00:00","dateModified":"2025-07-31T12:50:15+00:00","breadcrumb":{"@id":"https:\/\/www.catsat.com\/es\/que-es-catsat\/#breadcrumb"},"inLanguage":"es","potentialAction":[{"@type":"ReadAction","target":["https:\/\/www.catsat.com\/es\/que-es-catsat\/"]}]},{"@type":"BreadcrumbList","@id":"https:\/\/www.catsat.com\/es\/que-es-catsat\/#breadcrumb","itemListElement":[{"@type":"ListItem","position":1,"name":"Inicio","item":"https:\/\/www.catsat.com\/es\/"},{"@type":"ListItem","position":2,"name":"Que es CATSAT"}]},{"@type":"WebSite","@id":"https:\/\/www.catsat.com\/es\/#website","url":"https:\/\/www.catsat.com\/es\/","name":"CATSAT","description":"Fishing Software","publisher":{"@id":"https:\/\/www.catsat.com\/es\/#organization"},"potentialAction":[{"@type":"SearchAction","target":{"@type":"EntryPoint","urlTemplate":"https:\/\/www.catsat.com\/es\/?s={search_term_string}"},"query-input":{"@type":"PropertyValueSpecification","valueRequired":true,"valueName":"search_term_string"}}],"inLanguage":"es"},{"@type":"Organization","@id":"https:\/\/www.catsat.com\/es\/#organization","name":"Catsat","url":"https:\/\/www.catsat.com\/es\/","logo":{"@type":"ImageObject","inLanguage":"es","@id":"https:\/\/www.catsat.com\/es\/#\/schema\/logo\/image\/","url":"https:\/\/www.catsat.com\/wp-content\/uploads\/2015\/08\/Logo-CATSAT1.png","contentUrl":"https:\/\/www.catsat.com\/wp-content\/uploads\/2015\/08\/Logo-CATSAT1.png","width":993,"height":687,"caption":"Catsat"},"image":{"@id":"https:\/\/www.catsat.com\/es\/#\/schema\/logo\/image\/"}}]}},"_links":{"self":[{"href":"https:\/\/www.catsat.com\/es\/wp-json\/wp\/v2\/pages\/2138","targetHints":{"allow":["GET"]}}],"collection":[{"href":"https:\/\/www.catsat.com\/es\/wp-json\/wp\/v2\/pages"}],"about":[{"href":"https:\/\/www.catsat.com\/es\/wp-json\/wp\/v2\/types\/page"}],"author":[{"embeddable":true,"href":"https:\/\/www.catsat.com\/es\/wp-json\/wp\/v2\/users\/2"}],"replies":[{"embeddable":true,"href":"https:\/\/www.catsat.com\/es\/wp-json\/wp\/v2\/comments?post=2138"}],"version-history":[{"count":28,"href":"https:\/\/www.catsat.com\/es\/wp-json\/wp\/v2\/pages\/2138\/revisions"}],"predecessor-version":[{"id":3507,"href":"https:\/\/www.catsat.com\/es\/wp-json\/wp\/v2\/pages\/2138\/revisions\/3507"}],"wp:attachment":[{"href":"https:\/\/www.catsat.com\/es\/wp-json\/wp\/v2\/media?parent=2138"}],"curies":[{"name":"wp","href":"https:\/\/api.w.org\/{rel}","templated":true}]}}