{"id":2125,"date":"2016-01-14T10:35:16","date_gmt":"2016-01-14T10:35:16","guid":{"rendered":"https:\/\/www.catsat.com\/es\/?page_id=2125"},"modified":"2025-08-07T11:49:30","modified_gmt":"2025-08-07T11:49:30","slug":"inicio","status":"publish","type":"page","link":"https:\/\/www.catsat.com\/es\/","title":{"rendered":"INICIO"},"content":{"rendered":"<div class=\"wpb-content-wrapper\"><p>[vc_row full_width=\u00bbstretch_row_content_no_spaces\u00bb full_height=\u00bbyes\u00bb content_placement=\u00bbtop\u00bb gmbt_prlx_bg_type=\u00bbparallax\u00bb gmbt_prlx_break_parents=\u00bb0&#8243; gmbt_prlx_smooth_scrolling=\u00bb\u00bb gmbt_prlx_video_mute=\u00bb\u00bb gmbt_prlx_video_force_hd=\u00bb\u00bb gmbt_prlx_opacity=\u00bb100&#8243; gmbt_prlx_video_aspect_ratio=\u00bb16:9&#8243; gmbt_prlx_parallax=\u00bbnone\u00bb gmbt_prlx_speed=\u00bb0.3&#8243; gmbt_prlx_enable_mobile=\u00bb\u00bb parallax_speed=\u00bb0.3&#8243; el_class=\u00bbconstruction_slider\u00bb css=\u00bb.vc_custom_1621321771191{margin-bottom: 0px !important;}\u00bb][vc_column offset=\u00bbvc_hidden-xs\u00bb css=\u00bb.vc_custom_1440516516495{padding-top: 0px !important;padding-bottom: 0px !important;}\u00bb][layerslider_vc id=\u00bb9&#8243;][\/vc_column][\/vc_row][vc_row][vc_column][vc_column_text css=\u00bb\u00bb]<\/p>\n<div class=\"vc_call_to_action wpb_content_element vc_cta_btn_pos_bottom vc_cta_square vc_txt_align_center stretch clearfix\">\n<h4 class=\"wpb_heading\">Buscas una herramienta estrat\u00e9gica de ayuda a la pesca ?<\/h4>\n<div class=\"vc_button-2-wrapper\"><a class=\"vc_btn vc_cta_btn\" title=\"\" href=\"https:\/\/www.catsat.com\/es\/contactos\/\" target=\"_self\" rel=\"noopener\">Cont\u00e1ctanos<\/a><\/div>\n<\/div>\n<p>[\/vc_column_text][\/vc_column][\/vc_row][vc_row css=\u00bb.vc_custom_1440516698180{margin-bottom: -50px !important;padding-top: 60px !important;padding-bottom: 38px !important;}\u00bb parallax_speed=\u00bb0.3&#8243;][vc_column width=\u00bb1\/3&#8243;][stm_icon_box icon=\u00bbfa fa-bullseye\u00bb style=\u00bbicon_left\u00bb icon_size=\u00bb45&#8243; title=\u00bbESTRAT\u00c9GICO\u00bb]<\/p>\n<p>Centraliza el seguimiento de flota, boyas, las capturas, la navegaci\u00f3n en una misma herramienta: CATSAT<\/p>\n<p>[\/stm_icon_box][\/vc_column][vc_column width=\u00bb1\/3&#8243;][stm_icon_box icon=\u00bbstm-checkmark_1&#8243; style=\u00bbicon_left\u00bb icon_size=\u00bb45&#8243; title=\u00bbFIABLE\u00bb]La mejor calidad y resoluci\u00f3n de datos del mercado, actualizados a diario y disponibles\u00a0365 d\u00edas \/ a\u00f1o y 24\/7.[\/stm_icon_box][\/vc_column][vc_column width=\u00bb1\/3&#8243;][stm_icon_box icon=\u00bbstm-shield\u00bb style=\u00bbicon_left\u00bb icon_size=\u00bb45&#8243; title=\u00bbSEGURO\u00bb]<\/p>\n<p>Confidencialidad y seguridad de la informaci\u00f3n han sido siempre nuestras prioridades. Desde el buque hasta el\u00a0escritorio, toda la informaci\u00f3n se transmite de forma segura.<\/p>\n<p>[\/stm_icon_box][\/vc_column][\/vc_row][vc_row css=\u00bb.vc_custom_1440516698180{margin-bottom: -50px !important;padding-top: 60px !important;padding-bottom: 38px !important;}\u00bb parallax_speed=\u00bb0.3&#8243;][vc_column width=\u00bb1\/3&#8243;][stm_icon_box icon=\u00bbstm-like\u00bb style=\u00bbicon_left\u00bb icon_size=\u00bb45&#8243; title=\u00bbF\u00c1CIL\u00bb]<\/p>\n<p>Formato de descarga comprimido para reducir los costos de comunicaci\u00f3n satelital y\u00a0selecci\u00f3n flexible de los datos<\/p>\n<p>[\/stm_icon_box][\/vc_column][vc_column width=\u00bb1\/3&#8243;][stm_icon_box icon=\u00bbstm-builder-2&#8243; style=\u00bbicon_left\u00bb icon_size=\u00bb45&#8243; title=\u00bbINTUITIVO\u00bb]Formaci\u00f3n continua gracias a los\u00a0equipos t\u00e9cnicos y comerciales mundialmente reconocidos y\u00a0ocean\u00f3grafos expertos disponibles 7 d\u00edas a la semana para asesorarte[\/stm_icon_box][\/vc_column][vc_column width=\u00bb1\/3&#8243;][stm_icon_box icon=\u00bbfa fa-comments-o\u00bb style=\u00bbicon_left\u00bb icon_size=\u00bb45&#8243; title=\u00bbIDIOMA\u00bb]Utiliza\u00a0CATSAT en tu idioma materno: \u00a0ingl\u00e9s, franc\u00e9s, espa\u00f1ol, ruso, taiwan\u00e9s,\u00a0japon\u00e9s, coreano, portugu\u00e9s.[\/stm_icon_box][\/vc_column][\/vc_row]<\/p>\n<\/div>","protected":false},"excerpt":{"rendered":"<p>[vc_row full_width=\u00bbstretch_row_content_no_spaces\u00bb full_height=\u00bbyes\u00bb content_placement=\u00bbtop\u00bb gmbt_prlx_bg_type=\u00bbparallax\u00bb gmbt_prlx_break_parents=\u00bb0&#8243; gmbt_prlx_smooth_scrolling=\u00bb\u00bb gmbt_prlx_video_mute=\u00bb\u00bb gmbt_prlx_video_force_hd=\u00bb\u00bb gmbt_prlx_opacity=\u00bb100&#8243; gmbt_prlx_video_aspect_ratio=\u00bb16:9&#8243; gmbt_prlx_parallax=\u00bbnone\u00bb gmbt_prlx_speed=\u00bb0.3&#8243; gmbt_prlx_enable_mobile=\u00bb\u00bb parallax_speed=\u00bb0.3&#8243; el_class=\u00bbconstruction_slider\u00bb css=\u00bb.vc_custom_1621321771191{margin-bottom: 0px !important;}\u00bb][vc_column offset=\u00bbvc_hidden-xs\u00bb css=\u00bb.vc_custom_1440516516495{padding-top: 0px !important;padding-bottom: 0px !important;}\u00bb][layerslider_vc id=\u00bb9&#8243;][\/vc_column][\/vc_row][vc_row][vc_column][vc_column_text css=\u00bb\u00bb] Buscas una herramienta estrat\u00e9gica de ayuda a la pesca ? Cont\u00e1ctanos [\/vc_column_text][\/vc_column][\/vc_row][vc_row css=\u00bb.vc_custom_1440516698180{margin-bottom: -50px !important;padding-top: 60px !important;padding-bottom: 38px !important;}\u00bb parallax_speed=\u00bb0.3&#8243;][vc_column width=\u00bb1\/3&#8243;][stm_icon_box icon=\u00bbfa fa-bullseye\u00bb style=\u00bbicon_left\u00bb icon_size=\u00bb45&#8243; title=\u00bbESTRAT\u00c9GICO\u00bb] Centraliza el<\/p>\n","protected":false},"author":2,"featured_media":0,"parent":0,"menu_order":1,"comment_status":"closed","ping_status":"closed","template":"","meta":{"footnotes":""},"class_list":["post-2125","page","type-page","status-publish","hentry"],"yoast_head":"<!-- This site is optimized with the Yoast SEO plugin v27.2 - https:\/\/yoast.com\/product\/yoast-seo-wordpress\/ -->\n<title>INICIO - CATSAT<\/title>\n<meta name=\"robots\" content=\"index, follow, max-snippet:-1, max-image-preview:large, max-video-preview:-1\" \/>\n<link rel=\"canonical\" href=\"https:\/\/www.catsat.com\/es\/\" \/>\n<meta property=\"og:locale\" content=\"es_ES\" \/>\n<meta property=\"og:type\" content=\"article\" \/>\n<meta property=\"og:title\" content=\"INICIO - CATSAT\" \/>\n<meta property=\"og:description\" content=\"[vc_row full_width=\u00bbstretch_row_content_no_spaces\u00bb full_height=\u00bbyes\u00bb content_placement=\u00bbtop\u00bb gmbt_prlx_bg_type=\u00bbparallax\u00bb gmbt_prlx_break_parents=\u00bb0&#8243; gmbt_prlx_smooth_scrolling=\u00bb\u00bb gmbt_prlx_video_mute=\u00bb\u00bb gmbt_prlx_video_force_hd=\u00bb\u00bb gmbt_prlx_opacity=\u00bb100&#8243; gmbt_prlx_video_aspect_ratio=\u00bb16:9&#8243; gmbt_prlx_parallax=\u00bbnone\u00bb gmbt_prlx_speed=\u00bb0.3&#8243; gmbt_prlx_enable_mobile=\u00bb\u00bb parallax_speed=\u00bb0.3&#8243; el_class=\u00bbconstruction_slider\u00bb css=\u00bb.vc_custom_1621321771191{margin-bottom: 0px !important;}\u00bb][vc_column offset=\u00bbvc_hidden-xs\u00bb css=\u00bb.vc_custom_1440516516495{padding-top: 0px !important;padding-bottom: 0px !important;}\u00bb][layerslider_vc id=\u00bb9&#8243;][\/vc_column][\/vc_row][vc_row][vc_column][vc_column_text css=\u00bb\u00bb] Buscas una herramienta estrat\u00e9gica de ayuda a la pesca ? Cont\u00e1ctanos [\/vc_column_text][\/vc_column][\/vc_row][vc_row css=\u00bb.vc_custom_1440516698180{margin-bottom: -50px !important;padding-top: 60px !important;padding-bottom: 38px !important;}\u00bb parallax_speed=\u00bb0.3&#8243;][vc_column width=\u00bb1\/3&#8243;][stm_icon_box icon=\u00bbfa fa-bullseye\u00bb style=\u00bbicon_left\u00bb icon_size=\u00bb45&#8243; title=\u00bbESTRAT\u00c9GICO\u00bb] Centraliza el\" \/>\n<meta property=\"og:url\" content=\"https:\/\/www.catsat.com\/es\/\" \/>\n<meta property=\"og:site_name\" content=\"CATSAT\" \/>\n<meta property=\"article:modified_time\" content=\"2025-08-07T11:49:30+00:00\" \/>\n<meta name=\"twitter:card\" content=\"summary_large_image\" \/>\n<meta name=\"twitter:label1\" content=\"Tiempo de lectura\" \/>\n\t<meta name=\"twitter:data1\" content=\"1 minuto\" \/>\n<script type=\"application\/ld+json\" class=\"yoast-schema-graph\">{\"@context\":\"https:\/\/schema.org\",\"@graph\":[{\"@type\":\"WebPage\",\"@id\":\"https:\/\/www.catsat.com\/es\/\",\"url\":\"https:\/\/www.catsat.com\/es\/\",\"name\":\"INICIO - CATSAT\",\"isPartOf\":{\"@id\":\"https:\/\/www.catsat.com\/es\/#website\"},\"datePublished\":\"2016-01-14T10:35:16+00:00\",\"dateModified\":\"2025-08-07T11:49:30+00:00\",\"breadcrumb\":{\"@id\":\"https:\/\/www.catsat.com\/es\/#breadcrumb\"},\"inLanguage\":\"es\",\"potentialAction\":[{\"@type\":\"ReadAction\",\"target\":[\"https:\/\/www.catsat.com\/es\/\"]}]},{\"@type\":\"BreadcrumbList\",\"@id\":\"https:\/\/www.catsat.com\/es\/#breadcrumb\",\"itemListElement\":[{\"@type\":\"ListItem\",\"position\":1,\"name\":\"Inicio\",\"item\":\"https:\/\/www.catsat.com\/es\/\"},{\"@type\":\"ListItem\",\"position\":2,\"name\":\"INICIO\"}]},{\"@type\":\"WebSite\",\"@id\":\"https:\/\/www.catsat.com\/es\/#website\",\"url\":\"https:\/\/www.catsat.com\/es\/\",\"name\":\"CATSAT\",\"description\":\"Fishing Software\",\"publisher\":{\"@id\":\"https:\/\/www.catsat.com\/es\/#organization\"},\"potentialAction\":[{\"@type\":\"SearchAction\",\"target\":{\"@type\":\"EntryPoint\",\"urlTemplate\":\"https:\/\/www.catsat.com\/es\/?s={search_term_string}\"},\"query-input\":{\"@type\":\"PropertyValueSpecification\",\"valueRequired\":true,\"valueName\":\"search_term_string\"}}],\"inLanguage\":\"es\"},{\"@type\":\"Organization\",\"@id\":\"https:\/\/www.catsat.com\/es\/#organization\",\"name\":\"Catsat\",\"url\":\"https:\/\/www.catsat.com\/es\/\",\"logo\":{\"@type\":\"ImageObject\",\"inLanguage\":\"es\",\"@id\":\"https:\/\/www.catsat.com\/es\/#\/schema\/logo\/image\/\",\"url\":\"https:\/\/www.catsat.com\/wp-content\/uploads\/2015\/08\/Logo-CATSAT1.png\",\"contentUrl\":\"https:\/\/www.catsat.com\/wp-content\/uploads\/2015\/08\/Logo-CATSAT1.png\",\"width\":993,\"height\":687,\"caption\":\"Catsat\"},\"image\":{\"@id\":\"https:\/\/www.catsat.com\/es\/#\/schema\/logo\/image\/\"}}]}<\/script>\n<!-- \/ Yoast SEO plugin. -->","yoast_head_json":{"title":"INICIO - CATSAT","robots":{"index":"index","follow":"follow","max-snippet":"max-snippet:-1","max-image-preview":"max-image-preview:large","max-video-preview":"max-video-preview:-1"},"canonical":"https:\/\/www.catsat.com\/es\/","og_locale":"es_ES","og_type":"article","og_title":"INICIO - CATSAT","og_description":"[vc_row full_width=\u00bbstretch_row_content_no_spaces\u00bb full_height=\u00bbyes\u00bb content_placement=\u00bbtop\u00bb gmbt_prlx_bg_type=\u00bbparallax\u00bb gmbt_prlx_break_parents=\u00bb0&#8243; gmbt_prlx_smooth_scrolling=\u00bb\u00bb gmbt_prlx_video_mute=\u00bb\u00bb gmbt_prlx_video_force_hd=\u00bb\u00bb gmbt_prlx_opacity=\u00bb100&#8243; gmbt_prlx_video_aspect_ratio=\u00bb16:9&#8243; gmbt_prlx_parallax=\u00bbnone\u00bb gmbt_prlx_speed=\u00bb0.3&#8243; gmbt_prlx_enable_mobile=\u00bb\u00bb parallax_speed=\u00bb0.3&#8243; el_class=\u00bbconstruction_slider\u00bb css=\u00bb.vc_custom_1621321771191{margin-bottom: 0px !important;}\u00bb][vc_column offset=\u00bbvc_hidden-xs\u00bb css=\u00bb.vc_custom_1440516516495{padding-top: 0px !important;padding-bottom: 0px !important;}\u00bb][layerslider_vc id=\u00bb9&#8243;][\/vc_column][\/vc_row][vc_row][vc_column][vc_column_text css=\u00bb\u00bb] Buscas una herramienta estrat\u00e9gica de ayuda a la pesca ? Cont\u00e1ctanos [\/vc_column_text][\/vc_column][\/vc_row][vc_row css=\u00bb.vc_custom_1440516698180{margin-bottom: -50px !important;padding-top: 60px !important;padding-bottom: 38px !important;}\u00bb parallax_speed=\u00bb0.3&#8243;][vc_column width=\u00bb1\/3&#8243;][stm_icon_box icon=\u00bbfa fa-bullseye\u00bb style=\u00bbicon_left\u00bb icon_size=\u00bb45&#8243; title=\u00bbESTRAT\u00c9GICO\u00bb] Centraliza el","og_url":"https:\/\/www.catsat.com\/es\/","og_site_name":"CATSAT","article_modified_time":"2025-08-07T11:49:30+00:00","twitter_card":"summary_large_image","twitter_misc":{"Tiempo de lectura":"1 minuto"},"schema":{"@context":"https:\/\/schema.org","@graph":[{"@type":"WebPage","@id":"https:\/\/www.catsat.com\/es\/","url":"https:\/\/www.catsat.com\/es\/","name":"INICIO - CATSAT","isPartOf":{"@id":"https:\/\/www.catsat.com\/es\/#website"},"datePublished":"2016-01-14T10:35:16+00:00","dateModified":"2025-08-07T11:49:30+00:00","breadcrumb":{"@id":"https:\/\/www.catsat.com\/es\/#breadcrumb"},"inLanguage":"es","potentialAction":[{"@type":"ReadAction","target":["https:\/\/www.catsat.com\/es\/"]}]},{"@type":"BreadcrumbList","@id":"https:\/\/www.catsat.com\/es\/#breadcrumb","itemListElement":[{"@type":"ListItem","position":1,"name":"Inicio","item":"https:\/\/www.catsat.com\/es\/"},{"@type":"ListItem","position":2,"name":"INICIO"}]},{"@type":"WebSite","@id":"https:\/\/www.catsat.com\/es\/#website","url":"https:\/\/www.catsat.com\/es\/","name":"CATSAT","description":"Fishing Software","publisher":{"@id":"https:\/\/www.catsat.com\/es\/#organization"},"potentialAction":[{"@type":"SearchAction","target":{"@type":"EntryPoint","urlTemplate":"https:\/\/www.catsat.com\/es\/?s={search_term_string}"},"query-input":{"@type":"PropertyValueSpecification","valueRequired":true,"valueName":"search_term_string"}}],"inLanguage":"es"},{"@type":"Organization","@id":"https:\/\/www.catsat.com\/es\/#organization","name":"Catsat","url":"https:\/\/www.catsat.com\/es\/","logo":{"@type":"ImageObject","inLanguage":"es","@id":"https:\/\/www.catsat.com\/es\/#\/schema\/logo\/image\/","url":"https:\/\/www.catsat.com\/wp-content\/uploads\/2015\/08\/Logo-CATSAT1.png","contentUrl":"https:\/\/www.catsat.com\/wp-content\/uploads\/2015\/08\/Logo-CATSAT1.png","width":993,"height":687,"caption":"Catsat"},"image":{"@id":"https:\/\/www.catsat.com\/es\/#\/schema\/logo\/image\/"}}]}},"_links":{"self":[{"href":"https:\/\/www.catsat.com\/es\/wp-json\/wp\/v2\/pages\/2125","targetHints":{"allow":["GET"]}}],"collection":[{"href":"https:\/\/www.catsat.com\/es\/wp-json\/wp\/v2\/pages"}],"about":[{"href":"https:\/\/www.catsat.com\/es\/wp-json\/wp\/v2\/types\/page"}],"author":[{"embeddable":true,"href":"https:\/\/www.catsat.com\/es\/wp-json\/wp\/v2\/users\/2"}],"replies":[{"embeddable":true,"href":"https:\/\/www.catsat.com\/es\/wp-json\/wp\/v2\/comments?post=2125"}],"version-history":[{"count":22,"href":"https:\/\/www.catsat.com\/es\/wp-json\/wp\/v2\/pages\/2125\/revisions"}],"predecessor-version":[{"id":3518,"href":"https:\/\/www.catsat.com\/es\/wp-json\/wp\/v2\/pages\/2125\/revisions\/3518"}],"wp:attachment":[{"href":"https:\/\/www.catsat.com\/es\/wp-json\/wp\/v2\/media?parent=2125"}],"curies":[{"name":"wp","href":"https:\/\/api.w.org\/{rel}","templated":true}]}}